{"id":940,"date":"2025-01-21T21:28:08","date_gmt":"2025-01-21T18:28:08","guid":{"rendered":"https:\/\/sanalhavacilik.com.tr\/?page_id=940"},"modified":"2025-01-21T21:34:30","modified_gmt":"2025-01-21T18:34:30","slug":"dijital-gostergeler","status":"publish","type":"page","link":"https:\/\/sanalhavacilik.com.tr\/?page_id=940","title":{"rendered":"Dijital G\u00f6stergeler"},"content":{"rendered":"\n<p>Her t\u00fcrl\u00fc analog veya dijital g\u00f6stergeyi, analog ya da dijital olarak sim\u00fcle etme yetene\u011fine sahibiz. Bu t\u00fcr g\u00f6stergeleri, her t\u00fcrl\u00fc sim\u00fclat\u00f6r veya sim\u00fclasyon oyununa kolayca entegre edebiliriz. A\u015fa\u011f\u0131da bu g\u00f6sterge t\u00fcrlerine ait birka\u00e7 \u00f6rne\u011fi bulabilirsiniz. Daha fazla bilgi almak ve projelerinize \u00f6zel \u00e7\u00f6z\u00fcmler i\u00e7in l\u00fctfen bizimle <a href=\"https:\/\/sanalhavacilik.com.tr\/?page_id=37\" data-type=\"page\" data-id=\"37\">ileti\u015fim<\/a>e ge\u00e7in.<\/p>\n\n\n\n<h2 class=\"wp-block-heading\">Artificial Horizon (Attitude Indicator)<\/h2>\n\n\n\n<figure class=\"wp-block-image size-full\"><img fetchpriority=\"high\" decoding=\"async\" width=\"311\" height=\"336\" src=\"https:\/\/sanalhavacilik.com.tr\/wp-content\/uploads\/2025\/01\/1-3.png\" alt=\"\" class=\"wp-image-962\" srcset=\"https:\/\/sanalhavacilik.com.tr\/wp-content\/uploads\/2025\/01\/1-3.png 311w, https:\/\/sanalhavacilik.com.tr\/wp-content\/uploads\/2025\/01\/1-3-278x300.png 278w\" sizes=\"(max-width: 311px) 100vw, 311px\" \/><\/figure>\n\n\n\n<h2 class=\"wp-block-heading\">Airspeed<\/h2>\n\n\n\n<figure class=\"wp-block-image size-full\"><img decoding=\"async\" width=\"288\" height=\"289\" src=\"https:\/\/sanalhavacilik.com.tr\/wp-content\/uploads\/2025\/01\/2-2.png\" alt=\"\" class=\"wp-image-963\" srcset=\"https:\/\/sanalhavacilik.com.tr\/wp-content\/uploads\/2025\/01\/2-2.png 288w, https:\/\/sanalhavacilik.com.tr\/wp-content\/uploads\/2025\/01\/2-2-150x150.png 150w\" sizes=\"(max-width: 288px) 100vw, 288px\" \/><\/figure>\n\n\n\n<h2 class=\"wp-block-heading\">Altimeter<\/h2>\n\n\n\n<figure class=\"wp-block-image size-full\"><img decoding=\"async\" width=\"313\" height=\"313\" src=\"https:\/\/sanalhavacilik.com.tr\/wp-content\/uploads\/2025\/01\/3-3.png\" alt=\"\" class=\"wp-image-970\" srcset=\"https:\/\/sanalhavacilik.com.tr\/wp-content\/uploads\/2025\/01\/3-3.png 313w, https:\/\/sanalhavacilik.com.tr\/wp-content\/uploads\/2025\/01\/3-3-300x300.png 300w, https:\/\/sanalhavacilik.com.tr\/wp-content\/uploads\/2025\/01\/3-3-150x150.png 150w\" sizes=\"(max-width: 313px) 100vw, 313px\" \/><\/figure>\n\n\n\n<h2 class=\"wp-block-heading\">Horizontal Situation <\/h2>\n\n\n\n<figure class=\"wp-block-image size-full\"><img loading=\"lazy\" decoding=\"async\" width=\"313\" height=\"313\" src=\"https:\/\/sanalhavacilik.com.tr\/wp-content\/uploads\/2025\/01\/4-4.png\" alt=\"\" class=\"wp-image-971\" srcset=\"https:\/\/sanalhavacilik.com.tr\/wp-content\/uploads\/2025\/01\/4-4.png 313w, https:\/\/sanalhavacilik.com.tr\/wp-content\/uploads\/2025\/01\/4-4-300x300.png 300w, https:\/\/sanalhavacilik.com.tr\/wp-content\/uploads\/2025\/01\/4-4-150x150.png 150w\" sizes=\"(max-width: 313px) 100vw, 313px\" \/><\/figure>\n\n\n\n<h2 class=\"wp-block-heading\">Turn Coordinator<\/h2>\n\n\n\n<figure class=\"wp-block-image size-full\"><img loading=\"lazy\" decoding=\"async\" width=\"300\" height=\"297\" src=\"https:\/\/sanalhavacilik.com.tr\/wp-content\/uploads\/2025\/01\/5-3.png\" alt=\"\" class=\"wp-image-972\" srcset=\"https:\/\/sanalhavacilik.com.tr\/wp-content\/uploads\/2025\/01\/5-3.png 300w, https:\/\/sanalhavacilik.com.tr\/wp-content\/uploads\/2025\/01\/5-3-150x150.png 150w\" sizes=\"(max-width: 300px) 100vw, 300px\" \/><\/figure>\n\n\n\n<h2 class=\"wp-block-heading\">Heading Indicator<\/h2>\n\n\n\n<figure class=\"wp-block-image size-full\"><img loading=\"lazy\" decoding=\"async\" width=\"295\" height=\"295\" src=\"https:\/\/sanalhavacilik.com.tr\/wp-content\/uploads\/2025\/01\/6-3.png\" alt=\"\" class=\"wp-image-973\" srcset=\"https:\/\/sanalhavacilik.com.tr\/wp-content\/uploads\/2025\/01\/6-3.png 295w, https:\/\/sanalhavacilik.com.tr\/wp-content\/uploads\/2025\/01\/6-3-150x150.png 150w\" sizes=\"(max-width: 295px) 100vw, 295px\" \/><\/figure>\n\n\n\n<h2 class=\"wp-block-heading\">Vertical Speed<\/h2>\n\n\n\n<figure class=\"wp-block-image size-full\"><img loading=\"lazy\" decoding=\"async\" width=\"280\" height=\"279\" src=\"https:\/\/sanalhavacilik.com.tr\/wp-content\/uploads\/2025\/01\/7-3.png\" alt=\"\" class=\"wp-image-974\" srcset=\"https:\/\/sanalhavacilik.com.tr\/wp-content\/uploads\/2025\/01\/7-3.png 280w, https:\/\/sanalhavacilik.com.tr\/wp-content\/uploads\/2025\/01\/7-3-150x150.png 150w\" sizes=\"(max-width: 280px) 100vw, 280px\" \/><\/figure>\n\n\n\n<h2 class=\"wp-block-heading\">VHF Omnidirectional Range<\/h2>\n\n\n\n<figure class=\"wp-block-image size-full\"><img loading=\"lazy\" decoding=\"async\" width=\"282\" height=\"284\" src=\"https:\/\/sanalhavacilik.com.tr\/wp-content\/uploads\/2025\/01\/8-3.png\" alt=\"\" class=\"wp-image-975\" srcset=\"https:\/\/sanalhavacilik.com.tr\/wp-content\/uploads\/2025\/01\/8-3.png 282w, https:\/\/sanalhavacilik.com.tr\/wp-content\/uploads\/2025\/01\/8-3-150x150.png 150w\" sizes=\"(max-width: 282px) 100vw, 282px\" \/><\/figure>\n\n\n\n<p>Daha fazla bilgi i\u00e7in bizimle <a href=\"https:\/\/sanalhavacilik.com.tr\/?page_id=37\" data-type=\"page\" data-id=\"37\">ileti\u015fim<\/a>e ge\u00e7ebilirsiniz.<\/p>\n\n\n\n<p><\/p>\n","protected":false},"excerpt":{"rendered":"<p>Her t\u00fcrl\u00fc analog veya dijital g\u00f6stergeyi, analog ya da dijital olarak sim\u00fcle etme yetene\u011fine sahibiz. Bu t\u00fcr g\u00f6stergeleri, her t\u00fcrl\u00fc sim\u00fclat\u00f6r veya sim\u00fclasyon oyununa kolayca entegre edebiliriz. A\u015fa\u011f\u0131da bu g\u00f6sterge t\u00fcrlerine ait birka\u00e7 \u00f6rne\u011fi bulabilirsiniz. Daha fazla bilgi almak ve projelerinize \u00f6zel \u00e7\u00f6z\u00fcmler i\u00e7in l\u00fctfen bizimle ileti\u015fime ge\u00e7in. Artificial Horizon (Attitude Indicator) Airspeed Altimeter Horizontal Situation Turn Coordinator Heading Indicator Vertical Speed VHF Omnidirectional Range Daha fazla bilgi i\u00e7in bizimle ileti\u015fime ge\u00e7ebilirsiniz.<\/p>\n","protected":false},"author":1,"featured_media":0,"parent":0,"menu_order":0,"comment_status":"closed","ping_status":"closed","template":"","meta":{"footnotes":""},"class_list":["post-940","page","type-page","status-publish","hentry"],"_links":{"self":[{"href":"https:\/\/sanalhavacilik.com.tr\/index.php?rest_route=\/wp\/v2\/pages\/940","targetHints":{"allow":["GET"]}}],"collection":[{"href":"https:\/\/sanalhavacilik.com.tr\/index.php?rest_route=\/wp\/v2\/pages"}],"about":[{"href":"https:\/\/sanalhavacilik.com.tr\/index.php?rest_route=\/wp\/v2\/types\/page"}],"author":[{"embeddable":true,"href":"https:\/\/sanalhavacilik.com.tr\/index.php?rest_route=\/wp\/v2\/users\/1"}],"replies":[{"embeddable":true,"href":"https:\/\/sanalhavacilik.com.tr\/index.php?rest_route=%2Fwp%2Fv2%2Fcomments&post=940"}],"version-history":[{"count":7,"href":"https:\/\/sanalhavacilik.com.tr\/index.php?rest_route=\/wp\/v2\/pages\/940\/revisions"}],"predecessor-version":[{"id":984,"href":"https:\/\/sanalhavacilik.com.tr\/index.php?rest_route=\/wp\/v2\/pages\/940\/revisions\/984"}],"wp:attachment":[{"href":"https:\/\/sanalhavacilik.com.tr\/index.php?rest_route=%2Fwp%2Fv2%2Fmedia&parent=940"}],"curies":[{"name":"wp","href":"https:\/\/api.w.org\/{rel}","templated":true}]}}