{"id":909,"date":"2025-01-01T23:31:55","date_gmt":"2025-01-01T20:31:55","guid":{"rendered":"https:\/\/sanalhavacilik.com.tr\/?page_id=909"},"modified":"2025-05-17T10:33:57","modified_gmt":"2025-05-17T07:33:57","slug":"dis-rontgeni-simulatorleri","status":"publish","type":"page","link":"https:\/\/sanalhavacilik.com.tr\/?page_id=909","title":{"rendered":"Sanal Ger\u00e7eklik E\u011fitim Mod\u00fclleri"},"content":{"rendered":"\n<figure class=\"wp-block-video\"><video height=\"480\" style=\"aspect-ratio: 854 \/ 480;\" width=\"854\" controls src=\"https:\/\/sanalhavacilik.com.tr\/wp-content\/uploads\/2025\/01\/turkce_xray.mp4\"><\/video><\/figure>\n\n\n\n<p><strong>Sanal havac\u0131l\u0131k olarak bizler; yaln\u0131zca havac\u0131l\u0131k alan\u0131nda de\u011fil, yapay zeka destekli, ba\u015fta VR olmak \u00fczere \u00e7e\u015fitli yaz\u0131l\u0131mlar yapmaktay\u0131z. bu misyonumuza ba\u011fl\u0131 olarak geli\u015ftirdi\u011fimiz r\u00f6ntgen \u00e7ekim sim\u00fclasyonlar\u0131n\u0131n bir \u00f6rne\u011fini g\u00f6rmektesiniz. bu t\u00fcr sim\u00fclasyonlar sayesinde tehlikeli x-ray \u0131\u015f\u0131nlar\u0131na maruz kal\u0131nacak ortamlarda \u00e7al\u0131\u015facak personel e\u011fitimlerinde olas\u0131 riskleri ortadan kald\u0131racak ayr\u0131ca zaman ve ekonomik anlamda etkin olacakt\u0131r.<\/strong><\/p>\n\n\n\n<p><strong>E\u011fitimlerde \u00f6\u011frencilerin radyasyona maruz kalmadan r\u00f6ntgen \u00e7ekim yapmalar\u0131 ayr\u0131ca say\u0131ya bakmadan defalarca tekrar yap\u0131larak e\u011fitimler maliyet etkin bir bi\u00e7imde yap\u0131labilir. bu VR e\u011fitim sistemleri sa\u011fl\u0131k, havac\u0131l\u0131k, sanayii ve buna benzer her alana kolayca entegre edilerek maddi anlamda da kazan\u00e7l\u0131, etkin e\u011fitimler, s\u0131navlar, de\u011ferlendirmeler yap\u0131labilir. Bu t\u00fcr sistemler ile ayr\u0131ca \u00f6\u011frenci ve e\u011fitmeni ayn\u0131 ortamda bulu\u015fturarak etkile\u015fimli bir \u015fekilde e\u011fitmenin \u00f6\u011frenciyi g\u00f6zlemlemesi ve e\u011fitime dahil olmas\u0131 da sa\u011flanabilir. yine bu t\u00fcr sistemlerde sadece ortam de\u011fil ortamda bulunan makine veya sim\u00fclasyonu yap\u0131lan cihaza ait aray\u00fcz de sim\u00fcle edilece\u011finden \u00f6\u011frenci cihaz ba\u015f\u0131na gitmeden tam olarak ilgili cihaz\u0131n e\u011fitimini do\u011fru bir \u015fekilde alabilecektir.<\/strong><\/p>\n\n\n\n<p><strong>\u00d6rne\u011fini g\u00f6rd\u00fc\u011f\u00fcn\u00fcz bu sim\u00fclasyonda, panoramik dental r\u00f6ntgen cihaz\u0131n\u0131n nas\u0131l kullan\u0131laca\u011f\u0131, hastaya g\u00f6re cihaz ayarlar\u0131 ve r\u00f6ntgen \u00e7ekiminin nas\u0131l yap\u0131laca\u011f\u0131 basit anlamda e\u011fitimde kullan\u0131lacak \u015fekilde haz\u0131rlanm\u0131\u015ft\u0131r. Hasta i\u00e7eri al\u0131nabilir. Cihaza nas\u0131l yakla\u015faca\u011f\u0131 ve hangi pozisyonda ne \u015fekilde duraca\u011f\u0131 anlat\u0131larak, g\u00fcvenli alana ge\u00e7ilerek \u00e7ekim i\u015flemine ba\u015flanabilir. Ayr\u0131ca \u00e7ekim sonras\u0131 filmin nas\u0131l de\u011ferlendirilece\u011fi de incelenebilir.<\/strong><\/p>\n\n\n\n<p><strong>Sanal ortamdaki e\u011fitimler ile sarf malzemelerin (eldiven, r\u00f6ntgen filmi ve benzeri) kullan\u0131lmas\u0131na gerek kalmayaca\u011f\u0131ndan bu t\u00fcr maliyetler de olmayacakt\u0131r. Ayr\u0131ca hasta bulmaya da ihtiya\u00e7 yoktur. E\u011fitimler esnas\u0131nda ilgili alanlara uyar\u0131 ve a\u00e7\u0131klamalar koyularak e\u011fitimler desteklenebilir. Yap\u0131lan hatalar\u0131n sonu\u00e7lar\u0131 de\u011ferlendirilebilir. Maliyet olmayaca\u011f\u0131ndan deneme yan\u0131lma y\u00f6ntemi ile hatalar\u0131n sonu\u00e7lar\u0131 defalarca g\u00f6r\u00fclerek e\u011fitimin kalitesi art\u0131r\u0131l\u0131r.<\/strong><\/p>\n\n\n\n<p><strong>Bu yapt\u0131\u011f\u0131m\u0131z uygulama sadece basit anlamda dental r\u00f6ntgen cihaz\u0131 i\u00e7in tasarlanm\u0131\u015f olsa da t\u0131p alan\u0131nda her t\u00fcr x-ray sistemlerinin e\u011fitim sim\u00fclasyonu yap\u0131labilece\u011fi gibi t\u0131bbi olarak operasyonlar i\u00e7in de sim\u00fclasyonlar olu\u015fturulabilir. Ayr\u0131ca her t\u00fcrl\u00fc cihaz\u0131n operat\u00f6r e\u011fitimlerinin uzaktan ve maliyet etkin yap\u0131lmas\u0131 da sa\u011flanarak y\u00fcksek kalitede yapay zeka destekli e\u011fitim mod\u00fclleri olu\u015fturularak her alanda kullan\u0131lmas\u0131 sa\u011flanabilir.<\/strong><\/p>\n\n\n\n<p><strong>Sanal ortamda haz\u0131rlanan e\u011fitimlerin kontrollerine firmam\u0131z taraf\u0131ndan geli\u015ftirilen haptic cihazlar\u0131n ilavesi ile donkunsal hislerin e\u011fitimi de mod\u00fcllere ilave edilerek operasyonlar da ger\u00e7e\u011fe yak\u0131n bir bi\u00e7imde sim\u00fcle edilebilir.<\/strong><\/p>\n\n\n\n<p><strong>Detayl\u0131 bilgi i\u00e7in bizimle\u00a0<a href=\"https:\/\/sanalhavacilik.com.tr\/?page_id=37\">ileti\u015fim<\/a>e ge\u00e7ebilirsiniz<\/strong>.<\/p>\n\n\n\n<p><\/p>\n","protected":false},"excerpt":{"rendered":"<p>Sanal havac\u0131l\u0131k olarak bizler; yaln\u0131zca havac\u0131l\u0131k alan\u0131nda de\u011fil, yapay zeka destekli, ba\u015fta VR olmak \u00fczere \u00e7e\u015fitli yaz\u0131l\u0131mlar yapmaktay\u0131z. bu misyonumuza ba\u011fl\u0131 olarak geli\u015ftirdi\u011fimiz r\u00f6ntgen \u00e7ekim sim\u00fclasyonlar\u0131n\u0131n bir \u00f6rne\u011fini g\u00f6rmektesiniz. bu t\u00fcr sim\u00fclasyonlar sayesinde tehlikeli x-ray \u0131\u015f\u0131nlar\u0131na maruz kal\u0131nacak ortamlarda \u00e7al\u0131\u015facak personel e\u011fitimlerinde olas\u0131 riskleri ortadan kald\u0131racak ayr\u0131ca zaman ve ekonomik anlamda etkin olacakt\u0131r. E\u011fitimlerde \u00f6\u011frencilerin radyasyona maruz kalmadan r\u00f6ntgen \u00e7ekim yapmalar\u0131 ayr\u0131ca say\u0131ya bakmadan defalarca tekrar yap\u0131larak e\u011fitimler maliyet etkin bir bi\u00e7imde yap\u0131labilir. bu VR e\u011fitim sistemleri sa\u011fl\u0131k, havac\u0131l\u0131k, sanayii ve buna benzer her alana kolayca entegre edilerek maddi anlamda da kazan\u00e7l\u0131, etkin e\u011fitimler, s\u0131navlar, de\u011ferlendirmeler yap\u0131labilir. Bu t\u00fcr sistemler ile ayr\u0131ca \u00f6\u011frenci ve e\u011fitmeni ayn\u0131 ortamda bulu\u015fturarak etkile\u015fimli bir \u015fekilde e\u011fitmenin \u00f6\u011frenciyi g\u00f6zlemlemesi ve e\u011fitime dahil olmas\u0131 da sa\u011flanabilir. yine bu t\u00fcr sistemlerde sadece ortam de\u011fil ortamda bulunan makine veya sim\u00fclasyonu yap\u0131lan cihaza ait aray\u00fcz de sim\u00fcle edilece\u011finden \u00f6\u011frenci cihaz ba\u015f\u0131na gitmeden tam olarak ilgili cihaz\u0131n e\u011fitimini do\u011fru bir \u015fekilde alabilecektir. \u00d6rne\u011fini g\u00f6rd\u00fc\u011f\u00fcn\u00fcz bu sim\u00fclasyonda, panoramik dental r\u00f6ntgen cihaz\u0131n\u0131n nas\u0131l kullan\u0131laca\u011f\u0131, hastaya g\u00f6re cihaz ayarlar\u0131 ve r\u00f6ntgen \u00e7ekiminin nas\u0131l yap\u0131laca\u011f\u0131 basit anlamda e\u011fitimde kullan\u0131lacak \u015fekilde haz\u0131rlanm\u0131\u015ft\u0131r. Hasta i\u00e7eri al\u0131nabilir. Cihaza nas\u0131l yakla\u015faca\u011f\u0131 ve hangi pozisyonda ne \u015fekilde duraca\u011f\u0131 anlat\u0131larak, g\u00fcvenli alana ge\u00e7ilerek \u00e7ekim i\u015flemine ba\u015flanabilir. Ayr\u0131ca \u00e7ekim sonras\u0131 filmin nas\u0131l de\u011ferlendirilece\u011fi de incelenebilir. Sanal ortamdaki e\u011fitimler ile sarf malzemelerin (eldiven, r\u00f6ntgen filmi ve benzeri) kullan\u0131lmas\u0131na gerek kalmayaca\u011f\u0131ndan bu t\u00fcr maliyetler de olmayacakt\u0131r. Ayr\u0131ca hasta bulmaya da ihtiya\u00e7 yoktur. E\u011fitimler esnas\u0131nda ilgili alanlara uyar\u0131 ve a\u00e7\u0131klamalar koyularak e\u011fitimler desteklenebilir. Yap\u0131lan hatalar\u0131n sonu\u00e7lar\u0131 de\u011ferlendirilebilir. Maliyet olmayaca\u011f\u0131ndan deneme yan\u0131lma y\u00f6ntemi ile hatalar\u0131n sonu\u00e7lar\u0131 defalarca g\u00f6r\u00fclerek e\u011fitimin kalitesi art\u0131r\u0131l\u0131r. Bu yapt\u0131\u011f\u0131m\u0131z uygulama sadece basit anlamda dental r\u00f6ntgen cihaz\u0131 i\u00e7in tasarlanm\u0131\u015f olsa da t\u0131p alan\u0131nda her t\u00fcr x-ray sistemlerinin e\u011fitim sim\u00fclasyonu yap\u0131labilece\u011fi gibi t\u0131bbi olarak operasyonlar i\u00e7in de sim\u00fclasyonlar olu\u015fturulabilir. Ayr\u0131ca her t\u00fcrl\u00fc cihaz\u0131n operat\u00f6r e\u011fitimlerinin uzaktan ve maliyet etkin yap\u0131lmas\u0131 da sa\u011flanarak y\u00fcksek kalitede yapay zeka destekli e\u011fitim mod\u00fclleri olu\u015fturularak her alanda kullan\u0131lmas\u0131 sa\u011flanabilir. Sanal ortamda haz\u0131rlanan e\u011fitimlerin kontrollerine firmam\u0131z taraf\u0131ndan geli\u015ftirilen haptic cihazlar\u0131n ilavesi ile donkunsal hislerin e\u011fitimi de mod\u00fcllere ilave edilerek operasyonlar da ger\u00e7e\u011fe yak\u0131n bir bi\u00e7imde sim\u00fcle edilebilir. Detayl\u0131 bilgi i\u00e7in bizimle\u00a0ileti\u015fime ge\u00e7ebilirsiniz.<\/p>\n","protected":false},"author":1,"featured_media":0,"parent":0,"menu_order":0,"comment_status":"closed","ping_status":"closed","template":"","meta":{"footnotes":""},"class_list":["post-909","page","type-page","status-publish","hentry"],"_links":{"self":[{"href":"https:\/\/sanalhavacilik.com.tr\/index.php?rest_route=\/wp\/v2\/pages\/909","targetHints":{"allow":["GET"]}}],"collection":[{"href":"https:\/\/sanalhavacilik.com.tr\/index.php?rest_route=\/wp\/v2\/pages"}],"about":[{"href":"https:\/\/sanalhavacilik.com.tr\/index.php?rest_route=\/wp\/v2\/types\/page"}],"author":[{"embeddable":true,"href":"https:\/\/sanalhavacilik.com.tr\/index.php?rest_route=\/wp\/v2\/users\/1"}],"replies":[{"embeddable":true,"href":"https:\/\/sanalhavacilik.com.tr\/index.php?rest_route=%2Fwp%2Fv2%2Fcomments&post=909"}],"version-history":[{"count":12,"href":"https:\/\/sanalhavacilik.com.tr\/index.php?rest_route=\/wp\/v2\/pages\/909\/revisions"}],"predecessor-version":[{"id":1040,"href":"https:\/\/sanalhavacilik.com.tr\/index.php?rest_route=\/wp\/v2\/pages\/909\/revisions\/1040"}],"wp:attachment":[{"href":"https:\/\/sanalhavacilik.com.tr\/index.php?rest_route=%2Fwp%2Fv2%2Fmedia&parent=909"}],"curies":[{"name":"wp","href":"https:\/\/api.w.org\/{rel}","templated":true}]}}