{"id":8,"date":"2023-01-19T11:53:11","date_gmt":"2023-01-19T11:53:11","guid":{"rendered":"https:\/\/sanalhavacilik.com.tr\/index.php\/mesmerize\/"},"modified":"2025-11-08T21:37:15","modified_gmt":"2025-11-08T18:37:15","slug":"mesmerize","status":"publish","type":"page","link":"https:\/\/sanalhavacilik.com.tr\/","title":{"rendered":"Front Page"},"content":{"rendered":"<div  data-label=\"Content\" data-id=\"content--1\" data-export-id=\"content-12\" data-category=\"content\" class=\"content-12 content-section content-section-spacing\" id=\"content-1\" style=\"background-color: rgb(255, 255, 255); background-image: none;\"><div  class=\"gridContainer\"> <div  class=\"row text-center\"><div  class=\"section-title-col\" data-type=\"column\">  <\/div> <\/div> <div  class=\"row center-xs middle-xs\"> <div  class=\"col-sm-9\" data-type=\"column\"> <h2  class=\"\">Biz Kimiz?<\/h2><p  class=\"lead\"><span  style=\"font-size: 19.2px;\">Havac\u0131l\u0131k, sim\u00fclat\u00f6r, yaz\u0131l\u0131m, elektrik-elektronik alanlar\u0131nda \u00e7al\u0131\u015fmalar yapmaktay\u0131z. Yerli yaz\u0131l\u0131mlar ile \u00fcretimler yaparak bu sekt\u00f6rlerin yeni y\u00fcz\u00fc olan bir firmay\u0131z. Hedefimiz geli\u015fen teknolojiye y\u00f6nelik kaliteli ve en iyi fiyat garantisiyle siz de\u011ferli m\u00fc\u015fterilerimize ve \u00fclkemize hizmet sunmakt\u0131r.<\/span><\/p><\/div> <\/div><\/div> <\/div><div  data-label=\"Clients\" data-id=\"clients--1\" data-export-id=\"clients-4\" data-category=\"clients\" class=\"clients-4 content-section content-section-spacing-small\" id=\"clients-1\" style=\"background-color: rgb(245, 250, 253);\"><div  class=\"gridContainer\"> <div  class=\"row\"><div  data-type=\"column\" class=\"section-title-col\"> <h2  class=\"font-700\">Referanslar\u0131m\u0131z<\/h2> <\/div> <\/div> <div  data-type=\"row\" class=\"row spaced-cols middle-xs center-xs space-bottom padding-lr\">  <div  class=\"col-xs-6 col-sm-2 col-md-3\"> <a  data-cp-link=\"1\" href=\"https:\/\/www.icisleri.gov.tr\" class=\"\" target=\"_blank\" rel=\"noopener\"><img  decoding=\"async\" src=\"https:\/\/sanalhavacilik.com.tr\/wp-content\/uploads\/2023\/02\/icislerii.png\" class=\"\" title=\"icisleri\" alt=\"\"><\/a><\/div><div  class=\"col-xs-6 col-sm-2 col-md-3\"> <a  data-cp-link=\"1\" href=\"https:\/\/www.jandarma.gov.tr\" class=\"\" target=\"_blank\" rel=\"noopener\"><img  decoding=\"async\" src=\"https:\/\/sanalhavacilik.com.tr\/wp-content\/uploads\/2023\/02\/jndrma.png\" class=\"\" title=\"jndrma\" alt=\"\"><\/a><\/div> <div  class=\"col-xs-6 col-sm-2 col-md-3\"> <a  data-cp-link=\"1\" href=\"https:\/\/www.jandarma.gov.tr\/havacilik\" class=\"\" target=\"_blank\" rel=\"noopener\"><img  decoding=\"async\" src=\"https:\/\/sanalhavacilik.com.tr\/wp-content\/uploads\/2023\/02\/baskanlik1.png\" class=\"\" title=\"baskanlik1\" alt=\"\"><\/a><\/div> <div  class=\"col-xs-6 col-sm-2 col-md-3\"> <a  data-cp-link=\"1\" href=\"https:\/\/www.jsga.edu.tr\" class=\"\" target=\"_blank\" rel=\"noopener\"><img  decoding=\"async\" src=\"https:\/\/sanalhavacilik.com.tr\/wp-content\/uploads\/2023\/02\/jsga1.png\" class=\"\" title=\"jsga1\" alt=\"\"><\/a><\/div>   <div  class=\"col-xs-6 col-sm-2 col-md-3\"><a  data-cp-link=\"1\" href=\"https:\/\/web.shgm.gov.tr\" class=\"\" target=\"_blank\"><img  decoding=\"async\" class=\"custom-image\" src=\"https:\/\/sanalhavacilik.com.tr\/wp-content\/uploads\/2024\/12\/sivil-havacilik-genel-mudurlugu-logo-shgm-180x180-1.png\" title=\"sivil-havacilik-genel-mudurlugu-logo-shgm-180x180\" alt=\"\"><\/a> <\/div><div  class=\"col-xs-6 col-sm-2 col-md-3\"> <a  data-cp-link=\"1\" href=\"https:\/\/emteknosavunma.com.tr\" class=\"\" target=\"_blank\"><img  decoding=\"async\" src=\"https:\/\/sanalhavacilik.com.tr\/wp-content\/uploads\/2024\/12\/cropped-icon.png\" class=\"\" title=\"icisleri\" alt=\"\"><\/a><\/div><div  class=\"col-xs-6 col-sm-2 col-md-3\"><a  data-cp-link=\"1\" href=\"https:\/\/www.ramsadefence.com\" class=\"\" target=\"_blank\"><img  decoding=\"async\" class=\"custom-image\" src=\"https:\/\/sanalhavacilik.com.tr\/wp-content\/uploads\/2024\/12\/cropped-b8082f_86abe450a3644377ab24d423f0317742mv2.png\" title=\"cropped-b8082f_86abe450a3644377ab24d423f0317742mv2.png\" alt=\"\"><\/a> <\/div><div  class=\"col-xs-6 col-sm-2 col-md-3\"> <a  data-cp-link=\"1\" href=\"https:\/\/magnushelicopters.com\" class=\"\" target=\"_blank\" rel=\"noopener\"><img  decoding=\"async\" src=\"https:\/\/sanalhavacilik.com.tr\/wp-content\/uploads\/2024\/12\/magnus-logo.png\" class=\"\" title=\"icisleri\" alt=\"\"><\/a><\/div><div  class=\"col-xs-6 col-sm-2 col-md-3\"> <a  data-cp-link=\"1\" href=\"https:\/\/www.sivas.edu.tr\" class=\"\" target=\"_blank\" rel=\"noopener\"><img  decoding=\"async\" src=\"https:\/\/sanalhavacilik.com.tr\/wp-content\/uploads\/2025\/09\/Sivas-Bilim-vel-Teknoloji-Universitesi-Logotype-1-e1756724482157.png\" class=\"\" title=\"icisleri\" alt=\"\"><\/a><\/div><\/div><\/div> <\/div>","protected":false},"excerpt":{"rendered":"<p>Biz Kimiz?Havac\u0131l\u0131k, sim\u00fclat\u00f6r, yaz\u0131l\u0131m, elektrik-elektronik alanlar\u0131nda \u00e7al\u0131\u015fmalar yapmaktay\u0131z. Yerli yaz\u0131l\u0131mlar ile \u00fcretimler yaparak bu sekt\u00f6rlerin yeni y\u00fcz\u00fc olan bir firmay\u0131z. Hedefimiz geli\u015fen teknolojiye y\u00f6nelik kaliteli ve en iyi fiyat garantisiyle siz de\u011ferli m\u00fc\u015fterilerimize ve \u00fclkemize hizmet sunmakt\u0131r. Referanslar\u0131m\u0131z<\/p>\n","protected":false},"author":1,"featured_media":0,"parent":0,"menu_order":0,"comment_status":"closed","ping_status":"closed","template":"page-templates\/homepage.php","meta":{"footnotes":""},"class_list":["post-8","page","type-page","status-publish","hentry"],"_links":{"self":[{"href":"https:\/\/sanalhavacilik.com.tr\/index.php?rest_route=\/wp\/v2\/pages\/8","targetHints":{"allow":["GET"]}}],"collection":[{"href":"https:\/\/sanalhavacilik.com.tr\/index.php?rest_route=\/wp\/v2\/pages"}],"about":[{"href":"https:\/\/sanalhavacilik.com.tr\/index.php?rest_route=\/wp\/v2\/types\/page"}],"author":[{"embeddable":true,"href":"https:\/\/sanalhavacilik.com.tr\/index.php?rest_route=\/wp\/v2\/users\/1"}],"replies":[{"embeddable":true,"href":"https:\/\/sanalhavacilik.com.tr\/index.php?rest_route=%2Fwp%2Fv2%2Fcomments&post=8"}],"version-history":[{"count":65,"href":"https:\/\/sanalhavacilik.com.tr\/index.php?rest_route=\/wp\/v2\/pages\/8\/revisions"}],"predecessor-version":[{"id":1148,"href":"https:\/\/sanalhavacilik.com.tr\/index.php?rest_route=\/wp\/v2\/pages\/8\/revisions\/1148"}],"wp:attachment":[{"href":"https:\/\/sanalhavacilik.com.tr\/index.php?rest_route=%2Fwp%2Fv2%2Fmedia&parent=8"}],"curies":[{"name":"wp","href":"https:\/\/api.w.org\/{rel}","templated":true}]}}