{"id":701,"date":"2024-12-08T18:59:49","date_gmt":"2024-12-08T15:59:49","guid":{"rendered":"https:\/\/sanalhavacilik.com.tr\/?page_id=701"},"modified":"2024-12-08T19:01:37","modified_gmt":"2024-12-08T16:01:37","slug":"12v-aku-desarj-koruma","status":"publish","type":"page","link":"https:\/\/sanalhavacilik.com.tr\/?page_id=701","title":{"rendered":"12V Ak\u00fc De\u015farj Koruma"},"content":{"rendered":"<div class=\"wp-block-image\">\n<figure class=\"aligncenter size-full\"><img fetchpriority=\"high\" decoding=\"async\" width=\"1019\" height=\"406\" src=\"https:\/\/sanalhavacilik.com.tr\/wp-content\/uploads\/2023\/03\/akuDesaj12v.png\" alt=\"\" class=\"wp-image-318\" srcset=\"https:\/\/sanalhavacilik.com.tr\/wp-content\/uploads\/2023\/03\/akuDesaj12v.png 1019w, https:\/\/sanalhavacilik.com.tr\/wp-content\/uploads\/2023\/03\/akuDesaj12v-300x120.png 300w, https:\/\/sanalhavacilik.com.tr\/wp-content\/uploads\/2023\/03\/akuDesaj12v-768x306.png 768w\" sizes=\"(max-width: 1019px) 100vw, 1019px\" \/><\/figure>\n<\/div>\n\n\n<p>12 Volt ile \u00e7al\u0131\u015fan cihazlar\u0131n, ak\u00fcy\u00fc bitirmemesi i\u00e7in belirli bir voltaj\u0131n alt\u0131nda y\u00fck\u00fcn ak\u00fcden ayr\u0131lmas\u0131 gerekir. Aksi takdirde, kur\u015fun-asitli bataryalar 10.2 voltun alt\u0131na d\u00fc\u015ft\u00fc\u011f\u00fc andan itibaren ak\u00fcn\u00fcn \u00f6mr\u00fc k\u0131sal\u0131r ve hatta kullan\u0131lamaz hale gelebilir. Bu cihaz, ak\u00fc voltaj\u0131 10.2 voltun alt\u0131na d\u00fc\u015ft\u00fc\u011f\u00fcnde y\u00fck\u00fc bataryadan ay\u0131rarak bataryan\u0131n korunmas\u0131n\u0131 sa\u011flar.<\/p>\n\n\n\n<p>Farkl\u0131 sistemler ve bataryalar i\u00e7in ihtiya\u00e7 duydu\u011funuz \u00e7\u00f6z\u00fcmler \u00fcretmekteyiz. \u0130htiya\u00e7lar\u0131n\u0131z i\u00e7in bizimle ileti\u015fime ge\u00e7ebilirsiniz.<\/p>\n\n\n\n<p><\/p>\n","protected":false},"excerpt":{"rendered":"<p>12 Volt ile \u00e7al\u0131\u015fan cihazlar\u0131n, ak\u00fcy\u00fc bitirmemesi i\u00e7in belirli bir voltaj\u0131n alt\u0131nda y\u00fck\u00fcn ak\u00fcden ayr\u0131lmas\u0131 gerekir. Aksi takdirde, kur\u015fun-asitli bataryalar 10.2 voltun alt\u0131na d\u00fc\u015ft\u00fc\u011f\u00fc andan itibaren ak\u00fcn\u00fcn \u00f6mr\u00fc k\u0131sal\u0131r ve hatta kullan\u0131lamaz hale gelebilir. Bu cihaz, ak\u00fc voltaj\u0131 10.2 voltun alt\u0131na d\u00fc\u015ft\u00fc\u011f\u00fcnde y\u00fck\u00fc bataryadan ay\u0131rarak bataryan\u0131n korunmas\u0131n\u0131 sa\u011flar. Farkl\u0131 sistemler ve bataryalar i\u00e7in ihtiya\u00e7 duydu\u011funuz \u00e7\u00f6z\u00fcmler \u00fcretmekteyiz. \u0130htiya\u00e7lar\u0131n\u0131z i\u00e7in bizimle ileti\u015fime ge\u00e7ebilirsiniz.<\/p>\n","protected":false},"author":1,"featured_media":0,"parent":0,"menu_order":0,"comment_status":"closed","ping_status":"closed","template":"","meta":{"footnotes":""},"class_list":["post-701","page","type-page","status-publish","hentry"],"_links":{"self":[{"href":"https:\/\/sanalhavacilik.com.tr\/index.php?rest_route=\/wp\/v2\/pages\/701","targetHints":{"allow":["GET"]}}],"collection":[{"href":"https:\/\/sanalhavacilik.com.tr\/index.php?rest_route=\/wp\/v2\/pages"}],"about":[{"href":"https:\/\/sanalhavacilik.com.tr\/index.php?rest_route=\/wp\/v2\/types\/page"}],"author":[{"embeddable":true,"href":"https:\/\/sanalhavacilik.com.tr\/index.php?rest_route=\/wp\/v2\/users\/1"}],"replies":[{"embeddable":true,"href":"https:\/\/sanalhavacilik.com.tr\/index.php?rest_route=%2Fwp%2Fv2%2Fcomments&post=701"}],"version-history":[{"count":2,"href":"https:\/\/sanalhavacilik.com.tr\/index.php?rest_route=\/wp\/v2\/pages\/701\/revisions"}],"predecessor-version":[{"id":705,"href":"https:\/\/sanalhavacilik.com.tr\/index.php?rest_route=\/wp\/v2\/pages\/701\/revisions\/705"}],"wp:attachment":[{"href":"https:\/\/sanalhavacilik.com.tr\/index.php?rest_route=%2Fwp%2Fv2%2Fmedia&parent=701"}],"curies":[{"name":"wp","href":"https:\/\/api.w.org\/{rel}","templated":true}]}}