{"id":695,"date":"2024-12-08T18:45:22","date_gmt":"2024-12-08T15:45:22","guid":{"rendered":"https:\/\/sanalhavacilik.com.tr\/?page_id=695"},"modified":"2025-01-25T14:28:53","modified_gmt":"2025-01-25T11:28:53","slug":"yangin-sondurme-su-kovasi-onarim-ve-yedek-parcalari","status":"publish","type":"page","link":"https:\/\/sanalhavacilik.com.tr\/?page_id=695","title":{"rendered":"Yang\u0131n S\u00f6nd\u00fcrme Su Kovas\u0131 Onar\u0131m ve Yedek Par\u00e7alar\u0131"},"content":{"rendered":"\n<p class=\"has-text-align-center\" style=\"font-size:35px\"><strong>ZEMBEREK YAYI<\/strong><\/p>\n\n\n\n<p><strong>PAR\u00c7A NO:<\/strong> SNL-SIM 23-3050<\/p>\n\n\n\n<p><strong>NSN:<\/strong> 5360-27-073-0622<\/p>\n\n\n\n<p><strong>MODEL:<\/strong> 2120<\/p>\n\n\n\n<div class=\"wp-block-columns is-layout-flex wp-container-core-columns-is-layout-9d6595d7 wp-block-columns-is-layout-flex\">\n<div class=\"wp-block-column is-layout-flow wp-block-column-is-layout-flow\" style=\"flex-basis:100%\"><div class=\"wp-block-image\">\n<figure class=\"aligncenter size-full is-resized\"><img fetchpriority=\"high\" decoding=\"async\" width=\"395\" height=\"260\" src=\"https:\/\/sanalhavacilik.com.tr\/wp-content\/uploads\/2024\/12\/image-3.png\" alt=\"\" class=\"wp-image-777\" style=\"width:462px;height:auto\" srcset=\"https:\/\/sanalhavacilik.com.tr\/wp-content\/uploads\/2024\/12\/image-3.png 395w, https:\/\/sanalhavacilik.com.tr\/wp-content\/uploads\/2024\/12\/image-3-300x197.png 300w\" sizes=\"(max-width: 395px) 100vw, 395px\" \/><\/figure>\n<\/div><\/div>\n<\/div>\n\n\n<div class=\"wp-block-image\">\n<figure class=\"aligncenter size-full\"><img decoding=\"async\" width=\"634\" height=\"438\" src=\"https:\/\/sanalhavacilik.com.tr\/wp-content\/uploads\/2024\/12\/image-13.png\" alt=\"\" class=\"wp-image-794\" srcset=\"https:\/\/sanalhavacilik.com.tr\/wp-content\/uploads\/2024\/12\/image-13.png 634w, https:\/\/sanalhavacilik.com.tr\/wp-content\/uploads\/2024\/12\/image-13-300x207.png 300w\" sizes=\"(max-width: 634px) 100vw, 634px\" \/><\/figure>\n<\/div>\n\n\n<p><strong>UYARI:<\/strong> Yay de\u011fi\u015fimi yaln\u0131zca yetkili personel taraf\u0131ndan yap\u0131lmal\u0131d\u0131r. Aksi takdirde yaralanmalara neden olabilir.<\/p>\n\n\n\n<p><strong>Yay De\u011fi\u015fim Kiti<\/strong><br>PN: SNL-SIM 23-2050 model 1120-5 veya 1120-K yay g\u00f6bekleri ile kullan\u0131m i\u00e7in tasarlanm\u0131\u015ft\u0131r.<\/p>\n\n\n\n<ul class=\"wp-block-list\">\n<li>Uzun s\u00fcreli kullan\u0131m i\u00e7in dayan\u0131kl\u0131 malzemeden \u00fcretilmi\u015ftir.<\/li>\n\n\n\n<li>Dayan\u0131kl\u0131 malzemelerden yap\u0131lm\u0131\u015ft\u0131r.<\/li>\n\n\n\n<li>T\u00fcm yay b\u00fck\u00fclmeden \u00fcretilmi\u015ftir ve de\u011fi\u015ftirildi\u011finde orijinal formuna geri d\u00f6ner.<\/li>\n\n\n\n<li>Sipari\u015f verirken l\u00fctfen yukar\u0131da belirtilen Par\u00e7a Numaras\u0131na referans verin.<\/li>\n<\/ul>\n\n\n\n<p><strong>Ek \u00d6zellikler:<\/strong><\/p>\n\n\n\n<ul class=\"wp-block-list\">\n<li>Yay k\u0131r\u0131lmas\u0131n\u0131 \u00f6nlemek i\u00e7in \u00f6zel olarak tasarlanm\u0131\u015ft\u0131r.<\/li>\n\n\n\n<li>\u00d6zel sipari\u015fler i\u00e7in firmayla <a href=\"https:\/\/sanalhavacilik.com.tr\/?page_id=37\" data-type=\"page\" data-id=\"37\">ileti\u015fim<\/a>e ge\u00e7in.<\/li>\n<\/ul>\n\n\n\n<p><strong>Toplam Birim A\u011f\u0131rl\u0131\u011f\u0131:<\/strong> Tart\u0131l\u0131p yaz\u0131lacakt\u0131r.<\/p>\n\n\n\n<p><\/p>\n\n\n\n<p><\/p>\n\n\n\n<p class=\"has-text-align-center\" style=\"font-size:35px\"><strong>ZEMBEREK G\u00d6BE\u011e\u0130<\/strong> <strong>T\u0130P-1<\/strong><\/p>\n\n\n\n<p><\/p>\n\n\n\n<p><\/p>\n\n\n\n<p class=\"has-text-align-left has-medium-font-size\"><strong>PAR\u00c7A NO:<\/strong>SNL-SIM 23-2050<\/p>\n\n\n\n<p><strong>NSN:<\/strong> 3040-27-073-0620<\/p>\n\n\n\n<p class=\"has-text-align-left has-medium-font-size\"><strong>MODEL:<\/strong>1120-K<\/p>\n\n\n<div class=\"wp-block-image\">\n<figure class=\"aligncenter size-full\"><img decoding=\"async\" width=\"590\" height=\"696\" src=\"https:\/\/sanalhavacilik.com.tr\/wp-content\/uploads\/2024\/12\/image-5.png\" alt=\"\" class=\"wp-image-779\" srcset=\"https:\/\/sanalhavacilik.com.tr\/wp-content\/uploads\/2024\/12\/image-5.png 590w, https:\/\/sanalhavacilik.com.tr\/wp-content\/uploads\/2024\/12\/image-5-254x300.png 254w\" sizes=\"(max-width: 590px) 100vw, 590px\" \/><\/figure>\n<\/div>\n\n\n<p><strong>Yay G\u00f6be\u011fi De\u011fi\u015fim Kiti<\/strong><br>SNL-SIM 23-3050 yay numaras\u0131yla kullan\u0131m i\u00e7in tasarlanm\u0131\u015ft\u0131r.<\/p>\n\n\n\n<ul class=\"wp-block-list\">\n<li>M12 plastik emniyet somunu ile kullan\u0131l\u0131r. Somunu s\u0131kmak i\u00e7in g\u00f6bek M5 allen anahtar\u0131 ile tutulur.<\/li>\n\n\n\n<li>Uzun s\u00fcreli kullan\u0131m i\u00e7in dayan\u0131kl\u0131 malzemeden \u00fcretilmi\u015ftir.<\/li>\n\n\n\n<li>Sipari\u015f verirken l\u00fctfen yukar\u0131da belirtilen Par\u00e7a Numaras\u0131na referans verin.<\/li>\n<\/ul>\n\n\n\n<p><strong>Ek \u00d6zellikler:<\/strong><\/p>\n\n\n\n<ul class=\"wp-block-list\">\n<li>Yay k\u0131r\u0131lmas\u0131n\u0131 \u00f6nlemek i\u00e7in \u00f6zel olarak tasarlanm\u0131\u015f bir g\u00f6bektir.<\/li>\n\n\n\n<li>\u00d6zel sipari\u015fler i\u00e7in firmayla <a href=\"https:\/\/sanalhavacilik.com.tr\/?page_id=37\" data-type=\"page\" data-id=\"37\">ileti\u015fim<\/a>e ge\u00e7in.<\/li>\n<\/ul>\n\n\n\n<p><strong>Toplam Birim A\u011f\u0131rl\u0131\u011f\u0131:<\/strong> 95 Gr<\/p>\n\n\n\n<p><\/p>\n\n\n\n<p><\/p>\n\n\n\n<p class=\"has-text-align-center\" style=\"font-size:35px\"><strong>ZEMBEREK G\u00d6BE\u011e\u0130<\/strong> <strong><strong>T\u0130P-<\/strong>2<\/strong><\/p>\n\n\n\n<p><\/p>\n\n\n\n<p><\/p>\n\n\n\n<p><strong>PAR\u00c7A NO:<\/strong>SNL-SIM 23-2050<\/p>\n\n\n\n<p><strong>NSN:<\/strong> 3040-27-073-0620<\/p>\n\n\n\n<p><strong>MODEL:<\/strong>1120-5<\/p>\n\n\n<div class=\"wp-block-image\">\n<figure class=\"aligncenter size-full\"><img loading=\"lazy\" decoding=\"async\" width=\"636\" height=\"700\" src=\"https:\/\/sanalhavacilik.com.tr\/wp-content\/uploads\/2024\/12\/image-6.png\" alt=\"\" class=\"wp-image-783\" srcset=\"https:\/\/sanalhavacilik.com.tr\/wp-content\/uploads\/2024\/12\/image-6.png 636w, https:\/\/sanalhavacilik.com.tr\/wp-content\/uploads\/2024\/12\/image-6-273x300.png 273w\" sizes=\"(max-width: 636px) 100vw, 636px\" \/><\/figure>\n<\/div>\n\n\n<p><strong>Yay G\u00f6be\u011fi De\u011fi\u015fim Kiti<\/strong><br>SNL-SIM 23-3050 yay numaras\u0131yla kullan\u0131m i\u00e7in tasarlanm\u0131\u015ft\u0131r.<\/p>\n\n\n\n<ul class=\"wp-block-list\">\n<li>M12 plastik emniyet somunu ile kullan\u0131l\u0131r. Somunu s\u0131kmak i\u00e7in g\u00f6bek, M5 allen anahtar\u0131 ile tutulur.<\/li>\n\n\n\n<li>Uzun s\u00fcreli kullan\u0131m i\u00e7in dayan\u0131kl\u0131 malzemeden \u00fcretilmi\u015ftir.<\/li>\n\n\n\n<li>Sipari\u015f verirken l\u00fctfen yukar\u0131da belirtilen Par\u00e7a Numaras\u0131na referans verin.<\/li>\n<\/ul>\n\n\n\n<p><strong>Ek \u00d6zellikler:<\/strong><\/p>\n\n\n\n<ul class=\"wp-block-list\">\n<li>Yay k\u0131r\u0131lmas\u0131n\u0131 \u00f6nlemek i\u00e7in \u00f6zel olarak tasarlanm\u0131\u015f bir g\u00f6bektir.<\/li>\n\n\n\n<li>\u00d6zel sipari\u015fler i\u00e7in firmayla <a href=\"https:\/\/sanalhavacilik.com.tr\/?page_id=37\" data-type=\"page\" data-id=\"37\">ileti\u015fim<\/a>e ge\u00e7in.<\/li>\n<\/ul>\n\n\n\n<p><strong>Toplam Birim A\u011f\u0131rl\u0131\u011f\u0131:<\/strong> 95 Gr<\/p>\n\n\n\n<p><\/p>\n\n\n\n<p><\/p>\n\n\n\n<p class=\"has-text-align-center\" style=\"font-size:35px\"><strong>SOLENOID<\/strong> <strong><strong><strong>T\u0130P-<\/strong>1<\/strong><\/strong><\/p>\n\n\n\n<p><\/p>\n\n\n\n<p><\/p>\n\n\n\n<p><strong>PAR\u00c7A NO:<\/strong>SNL-SIM 23-1050<\/p>\n\n\n\n<p><strong>NSN:<\/strong> 3040-27-073-0574<\/p>\n\n\n\n<p><strong>MODEL:<\/strong>0421-K<\/p>\n\n\n<div class=\"wp-block-image\">\n<figure class=\"aligncenter size-full is-resized\"><img loading=\"lazy\" decoding=\"async\" width=\"597\" height=\"655\" src=\"https:\/\/sanalhavacilik.com.tr\/wp-content\/uploads\/2024\/12\/image-9.png\" alt=\"\" class=\"wp-image-788\" style=\"width:597px;height:auto\" srcset=\"https:\/\/sanalhavacilik.com.tr\/wp-content\/uploads\/2024\/12\/image-9.png 597w, https:\/\/sanalhavacilik.com.tr\/wp-content\/uploads\/2024\/12\/image-9-273x300.png 273w\" sizes=\"(max-width: 597px) 100vw, 597px\" \/><\/figure>\n<\/div>\n\n<div class=\"wp-block-image\">\n<figure class=\"aligncenter size-full\"><img loading=\"lazy\" decoding=\"async\" width=\"792\" height=\"120\" src=\"https:\/\/sanalhavacilik.com.tr\/wp-content\/uploads\/2024\/12\/image-11.png\" alt=\"\" class=\"wp-image-790\" srcset=\"https:\/\/sanalhavacilik.com.tr\/wp-content\/uploads\/2024\/12\/image-11.png 792w, https:\/\/sanalhavacilik.com.tr\/wp-content\/uploads\/2024\/12\/image-11-300x45.png 300w, https:\/\/sanalhavacilik.com.tr\/wp-content\/uploads\/2024\/12\/image-11-768x116.png 768w\" sizes=\"(max-width: 792px) 100vw, 792px\" \/><\/figure>\n<\/div>\n\n\n<p>Uzun s\u00fcreli kullan\u0131m i\u00e7in dayan\u0131kl\u0131 malzemeden \u00fcretilmi\u015ftir.<\/p>\n\n\n\n<p>Pistonsuz, enerjisiz durumda g\u00f6sterilen solenoid.<\/p>\n\n\n\n<p>Sipari\u015f verirken l\u00fctfen yukar\u0131da belirtilen Par\u00e7a Numaras\u0131na referans verin.<\/p>\n\n\n\n<p>\u00d6zel sipari\u015fler i\u00e7in firmayla <a href=\"https:\/\/sanalhavacilik.com.tr\/?page_id=37\" data-type=\"page\" data-id=\"37\">ileti\u015fim<\/a>e ge\u00e7in.<\/p>\n\n\n\n<p><strong>Ek \u00d6zellikler:<\/strong> Silindir kaplamas\u0131, piston s\u0131k\u0131\u015fmas\u0131n\u0131 \u00f6nlemek i\u00e7in tasarlanm\u0131\u015ft\u0131r.<\/p>\n\n\n\n<p><strong>Toplam Birim A\u011f\u0131rl\u0131\u011f\u0131:<\/strong> 376 Gr<\/p>\n\n\n\n<p><\/p>\n\n\n\n<p><\/p>\n\n\n\n<p class=\"has-text-align-center\" style=\"font-size:35px\"><strong>SOLENOID<\/strong> <strong><strong><strong>T\u0130P-<\/strong>2<\/strong><\/strong><\/p>\n\n\n\n<p><\/p>\n\n\n\n<p><\/p>\n\n\n\n<p><strong>PAR\u00c7A NO:<\/strong>SNL-SIM 23-1050<\/p>\n\n\n\n<p><strong>NSN:<\/strong> 3040-27-073-0574<\/p>\n\n\n\n<p><strong>MODEL:<\/strong>0421-5z<\/p>\n\n\n<div class=\"wp-block-image\">\n<figure class=\"aligncenter size-full is-resized\"><img loading=\"lazy\" decoding=\"async\" width=\"662\" height=\"702\" src=\"https:\/\/sanalhavacilik.com.tr\/wp-content\/uploads\/2024\/12\/image-12.png\" alt=\"\" class=\"wp-image-792\" style=\"width:662px;height:auto\" srcset=\"https:\/\/sanalhavacilik.com.tr\/wp-content\/uploads\/2024\/12\/image-12.png 662w, https:\/\/sanalhavacilik.com.tr\/wp-content\/uploads\/2024\/12\/image-12-283x300.png 283w\" sizes=\"(max-width: 662px) 100vw, 662px\" \/><\/figure>\n<\/div>\n\n\n<figure class=\"wp-block-image size-full\"><img loading=\"lazy\" decoding=\"async\" width=\"792\" height=\"120\" src=\"https:\/\/sanalhavacilik.com.tr\/wp-content\/uploads\/2024\/12\/image-11.png\" alt=\"\" class=\"wp-image-790\" srcset=\"https:\/\/sanalhavacilik.com.tr\/wp-content\/uploads\/2024\/12\/image-11.png 792w, https:\/\/sanalhavacilik.com.tr\/wp-content\/uploads\/2024\/12\/image-11-300x45.png 300w, https:\/\/sanalhavacilik.com.tr\/wp-content\/uploads\/2024\/12\/image-11-768x116.png 768w\" sizes=\"(max-width: 792px) 100vw, 792px\" \/><\/figure>\n\n\n\n<p>Uzun s\u00fcreli kullan\u0131m i\u00e7in dayan\u0131kl\u0131 malzemeden \u00fcretilmi\u015ftir.<\/p>\n\n\n\n<p>Pistonsuz, enerjisiz durumda g\u00f6sterilen solenoid.<\/p>\n\n\n\n<p>Sipari\u015f verirken l\u00fctfen yukar\u0131da belirtilen Par\u00e7a Numaras\u0131na referans verin.<\/p>\n\n\n\n<p>\u00d6zel sipari\u015fler i\u00e7in firmayla <a href=\"https:\/\/sanalhavacilik.com.tr\/?page_id=37\" data-type=\"page\" data-id=\"37\">ileti\u015fim<\/a>e ge\u00e7in.<\/p>\n\n\n\n<p><strong>Ek \u00d6zellikler:<\/strong> Silindir kaplamas\u0131, piston s\u0131k\u0131\u015fmas\u0131n\u0131 \u00f6nlemek i\u00e7in tasarlanm\u0131\u015ft\u0131r.<\/p>\n\n\n\n<p><strong>Toplam Birim A\u011f\u0131rl\u0131\u011f\u0131:<\/strong> 376 Gr<\/p>\n\n\n\n<p><\/p>\n","protected":false},"excerpt":{"rendered":"<p>ZEMBEREK YAYI PAR\u00c7A NO: SNL-SIM 23-3050 NSN: 5360-27-073-0622 MODEL: 2120 UYARI: Yay de\u011fi\u015fimi yaln\u0131zca yetkili personel taraf\u0131ndan yap\u0131lmal\u0131d\u0131r. Aksi takdirde yaralanmalara neden olabilir. Yay De\u011fi\u015fim KitiPN: SNL-SIM 23-2050 model 1120-5 veya 1120-K yay g\u00f6bekleri ile kullan\u0131m i\u00e7in tasarlanm\u0131\u015ft\u0131r. Ek \u00d6zellikler: Toplam Birim A\u011f\u0131rl\u0131\u011f\u0131: Tart\u0131l\u0131p yaz\u0131lacakt\u0131r. ZEMBEREK G\u00d6BE\u011e\u0130 T\u0130P-1 PAR\u00c7A NO:SNL-SIM 23-2050 NSN: 3040-27-073-0620 MODEL:1120-K Yay G\u00f6be\u011fi De\u011fi\u015fim KitiSNL-SIM 23-3050 yay numaras\u0131yla kullan\u0131m i\u00e7in tasarlanm\u0131\u015ft\u0131r. Ek \u00d6zellikler: Toplam Birim A\u011f\u0131rl\u0131\u011f\u0131: 95 Gr ZEMBEREK G\u00d6BE\u011e\u0130 T\u0130P-2 PAR\u00c7A NO:SNL-SIM 23-2050 NSN: 3040-27-073-0620 MODEL:1120-5 Yay G\u00f6be\u011fi De\u011fi\u015fim KitiSNL-SIM 23-3050 yay numaras\u0131yla kullan\u0131m i\u00e7in tasarlanm\u0131\u015ft\u0131r. Ek \u00d6zellikler: Toplam Birim A\u011f\u0131rl\u0131\u011f\u0131: 95 Gr SOLENOID T\u0130P-1 PAR\u00c7A NO:SNL-SIM 23-1050 NSN: 3040-27-073-0574 MODEL:0421-K Uzun s\u00fcreli kullan\u0131m i\u00e7in dayan\u0131kl\u0131 malzemeden \u00fcretilmi\u015ftir. Pistonsuz, enerjisiz durumda g\u00f6sterilen solenoid. Sipari\u015f verirken l\u00fctfen yukar\u0131da belirtilen Par\u00e7a Numaras\u0131na referans verin. \u00d6zel sipari\u015fler i\u00e7in firmayla ileti\u015fime ge\u00e7in. Ek \u00d6zellikler: Silindir kaplamas\u0131, piston s\u0131k\u0131\u015fmas\u0131n\u0131 \u00f6nlemek i\u00e7in tasarlanm\u0131\u015ft\u0131r. Toplam Birim A\u011f\u0131rl\u0131\u011f\u0131: 376 Gr SOLENOID T\u0130P-2 PAR\u00c7A NO:SNL-SIM 23-1050 NSN: 3040-27-073-0574 MODEL:0421-5z Uzun s\u00fcreli kullan\u0131m i\u00e7in dayan\u0131kl\u0131 malzemeden \u00fcretilmi\u015ftir. Pistonsuz, enerjisiz durumda g\u00f6sterilen solenoid. Sipari\u015f verirken l\u00fctfen yukar\u0131da belirtilen Par\u00e7a Numaras\u0131na referans verin. \u00d6zel sipari\u015fler i\u00e7in firmayla ileti\u015fime ge\u00e7in. Ek \u00d6zellikler: Silindir kaplamas\u0131, piston s\u0131k\u0131\u015fmas\u0131n\u0131 \u00f6nlemek i\u00e7in tasarlanm\u0131\u015ft\u0131r. Toplam Birim A\u011f\u0131rl\u0131\u011f\u0131: 376 Gr<\/p>\n","protected":false},"author":1,"featured_media":0,"parent":0,"menu_order":0,"comment_status":"closed","ping_status":"closed","template":"","meta":{"footnotes":""},"class_list":["post-695","page","type-page","status-publish","hentry"],"_links":{"self":[{"href":"https:\/\/sanalhavacilik.com.tr\/index.php?rest_route=\/wp\/v2\/pages\/695","targetHints":{"allow":["GET"]}}],"collection":[{"href":"https:\/\/sanalhavacilik.com.tr\/index.php?rest_route=\/wp\/v2\/pages"}],"about":[{"href":"https:\/\/sanalhavacilik.com.tr\/index.php?rest_route=\/wp\/v2\/types\/page"}],"author":[{"embeddable":true,"href":"https:\/\/sanalhavacilik.com.tr\/index.php?rest_route=\/wp\/v2\/users\/1"}],"replies":[{"embeddable":true,"href":"https:\/\/sanalhavacilik.com.tr\/index.php?rest_route=%2Fwp%2Fv2%2Fcomments&post=695"}],"version-history":[{"count":14,"href":"https:\/\/sanalhavacilik.com.tr\/index.php?rest_route=\/wp\/v2\/pages\/695\/revisions"}],"predecessor-version":[{"id":993,"href":"https:\/\/sanalhavacilik.com.tr\/index.php?rest_route=\/wp\/v2\/pages\/695\/revisions\/993"}],"wp:attachment":[{"href":"https:\/\/sanalhavacilik.com.tr\/index.php?rest_route=%2Fwp%2Fv2%2Fmedia&parent=695"}],"curies":[{"name":"wp","href":"https:\/\/api.w.org\/{rel}","templated":true}]}}