{"id":672,"date":"2024-12-08T18:22:43","date_gmt":"2024-12-08T15:22:43","guid":{"rendered":"https:\/\/sanalhavacilik.com.tr\/?page_id=672"},"modified":"2025-12-01T18:16:54","modified_gmt":"2025-12-01T15:16:54","slug":"simulator-entegrasyon-sistemleri","status":"publish","type":"page","link":"https:\/\/sanalhavacilik.com.tr\/?page_id=672","title":{"rendered":"Sim\u00fclat\u00f6r Entegrasyon Sistemleri"},"content":{"rendered":"\n<h1 class=\"wp-block-heading\"><strong>Evrensel Ana Kontrol Kart\u0131<\/strong><\/h1>\n\n\n\n<p>Ana kontrol kart\u0131, t\u00fcm sistemin zamanlamas\u0131n\u0131, veri ak\u0131\u015f\u0131n\u0131 ve hareket algoritmalar\u0131n\u0131 y\u00f6neten merkezi y\u00f6netim birimidir.<\/p>\n\n\n\n<h3 class=\"wp-block-heading\"><strong>Temel \u00d6zellikler<\/strong><\/h3>\n\n\n\n<ul class=\"wp-block-list\">\n<li>Y\u00fcksek performansl\u0131 32-bit i\u015flemci mimarisi<\/li>\n\n\n\n<li>Tamamen 3.3V seviye uyumlu sinyal altyap\u0131s\u0131<\/li>\n\n\n\n<li>3 adet I2C portu (1 ana hat + 1 dahili da\u011f\u0131t\u0131m + <strong>1 ilave geni\u015fletme portu<\/strong>)<\/li>\n\n\n\n<li><strong>2 adet UART konnekt\u00f6r\u00fc<\/strong> (sens\u00f6r, pano, harici MCU veya \u00f6zel haberle\u015fmeler i\u00e7in)<\/li>\n\n\n\n<li><strong>Ethernet \u00fczerinden PC ile \u00e7ift y\u00f6nl\u00fc haberle\u015fme<\/strong><\/li>\n\n\n\n<li>\u00c7ok d\u00fc\u015f\u00fck gecikmeli mod\u00fcl ileti\u015fimi<\/li>\n\n\n\n<li>Ger\u00e7ek zamanl\u0131 hareket kontrol algoritmalar\u0131<\/li>\n\n\n\n<li>Daisy-chain yap\u0131da mod\u00fcl kontrol\u00fc<\/li>\n\n\n\n<li>ESD, ters polarite ve EMI korumalar\u0131<\/li>\n<\/ul>\n\n\n\n<h3 class=\"wp-block-heading\"><strong>Ethernet Haberle\u015fmesi<\/strong><\/h3>\n\n\n\n<p>Ana kart;<\/p>\n\n\n\n<ul class=\"wp-block-list\">\n<li>PC,<\/li>\n\n\n\n<li>sim\u00fclat\u00f6r kontrol yaz\u0131l\u0131mlar\u0131,<\/li>\n\n\n\n<li>hareket motoru y\u00f6neticileri,<\/li>\n\n\n\n<li>telemetri ve konfig\u00fcrasyon ara\u00e7lar\u0131<br>ile <strong>Ethernet \u00fczerinden<\/strong> haberle\u015fir.<\/li>\n<\/ul>\n\n\n\n<p>Desteklenen protokoller:<\/p>\n\n\n\n<ul class=\"wp-block-list\">\n<li>UDP (ger\u00e7ek zamanl\u0131 sim\u00fclasyon verileri i\u00e7in ideal)<\/li>\n\n\n\n<li>TCP (g\u00fcvenilir veri transferi ve y\u00f6netim ara\u00e7lar\u0131 i\u00e7in)<\/li>\n\n\n\n<li>\u00d6zel kontrol protokolleri<\/li>\n<\/ul>\n\n\n\n<p>Ethernet sayesinde sistem; VR sim\u00fclasyon yaz\u0131l\u0131mlar\u0131, oyun motorlar\u0131 (Unity, Unreal), CNC kontrol yaz\u0131l\u0131mlar\u0131 veya \u00f6zel robotik kontrol panelleri ile do\u011frudan entegre \u00e7al\u0131\u015f\u0131r.<\/p>\n\n\n\n<figure class=\"wp-block-image size-large\"><img fetchpriority=\"high\" decoding=\"async\" width=\"757\" height=\"1024\" src=\"https:\/\/sanalhavacilik.com.tr\/wp-content\/uploads\/2025\/12\/image-01-12-2025-17-41-19-757x1024.png\" alt=\"\" class=\"wp-image-1231\" srcset=\"https:\/\/sanalhavacilik.com.tr\/wp-content\/uploads\/2025\/12\/image-01-12-2025-17-41-19-757x1024.png 757w, https:\/\/sanalhavacilik.com.tr\/wp-content\/uploads\/2025\/12\/image-01-12-2025-17-41-19-222x300.png 222w, https:\/\/sanalhavacilik.com.tr\/wp-content\/uploads\/2025\/12\/image-01-12-2025-17-41-19-768x1039.png 768w, https:\/\/sanalhavacilik.com.tr\/wp-content\/uploads\/2025\/12\/image-01-12-2025-17-41-19-1135x1536.png 1135w, https:\/\/sanalhavacilik.com.tr\/wp-content\/uploads\/2025\/12\/image-01-12-2025-17-41-19-1024x1386.png 1024w, https:\/\/sanalhavacilik.com.tr\/wp-content\/uploads\/2025\/12\/image-01-12-2025-17-41-19-798x1080.png 798w, https:\/\/sanalhavacilik.com.tr\/wp-content\/uploads\/2025\/12\/image-01-12-2025-17-41-19.png 1297w\" sizes=\"(max-width: 757px) 100vw, 757px\" \/><\/figure>\n\n\n\n<hr class=\"wp-block-separator has-alpha-channel-opacity\"\/>\n\n\n\n<h1 class=\"wp-block-heading\"><strong>12 Kanal Encoder Okuyucu Kart\u0131<\/strong><\/h1>\n\n\n\n<p>Encoder mod\u00fcl\u00fc, \u00e7ok eksenli sistemlerde hassas konum geri beslemesini sa\u011flar.<\/p>\n\n\n\n<h3 class=\"wp-block-heading\"><strong>Teknik \u00d6zellikler<\/strong><\/h3>\n\n\n\n<ul class=\"wp-block-list\">\n<li>12 ba\u011f\u0131ms\u0131z A\/B quadrature giri\u015f<\/li>\n\n\n\n<li>Y\u00fcksek h\u0131zl\u0131 kenar yakalama motoru<\/li>\n\n\n\n<li>Donan\u0131m tabanl\u0131 sinyal filtreleme<\/li>\n\n\n\n<li>G\u00fcr\u00fclt\u00fc ve end\u00fcstriyel EMI korumas\u0131<\/li>\n\n\n\n<li>Quadrature \u00e7\u00f6z\u00fcn\u00fcrl\u00fck artt\u0131rma (1\u00d7 \u2013 4\u00d7)<\/li>\n\n\n\n<li>Tek kablo \u00fczerinden I2C haberle\u015fme<\/li>\n\n\n\n<li>Daisy-chain geni\u015fletilebilirlik<\/li>\n<\/ul>\n\n\n\n<figure class=\"wp-block-image size-large\"><img decoding=\"async\" width=\"1024\" height=\"990\" src=\"https:\/\/sanalhavacilik.com.tr\/wp-content\/uploads\/2025\/12\/image-01-12-2025-17-38-12-1024x990.png\" alt=\"\" class=\"wp-image-1233\" srcset=\"https:\/\/sanalhavacilik.com.tr\/wp-content\/uploads\/2025\/12\/image-01-12-2025-17-38-12-1024x990.png 1024w, https:\/\/sanalhavacilik.com.tr\/wp-content\/uploads\/2025\/12\/image-01-12-2025-17-38-12-300x290.png 300w, https:\/\/sanalhavacilik.com.tr\/wp-content\/uploads\/2025\/12\/image-01-12-2025-17-38-12-768x743.png 768w, https:\/\/sanalhavacilik.com.tr\/wp-content\/uploads\/2025\/12\/image-01-12-2025-17-38-12-1536x1485.png 1536w, https:\/\/sanalhavacilik.com.tr\/wp-content\/uploads\/2025\/12\/image-01-12-2025-17-38-12-1117x1080.png 1117w, https:\/\/sanalhavacilik.com.tr\/wp-content\/uploads\/2025\/12\/image-01-12-2025-17-38-12.png 1852w\" sizes=\"(max-width: 1024px) 100vw, 1024px\" \/><\/figure>\n\n\n\n<hr class=\"wp-block-separator has-alpha-channel-opacity\"\/>\n\n\n\n<h1 class=\"wp-block-heading\"><strong>12 Kanal STEP\/DIR \u00c7\u0131k\u0131\u015f Kart\u0131<\/strong><\/h1>\n\n\n\n<p>Harici step motor s\u00fcr\u00fcc\u00fclerini kontrol etmek i\u00e7in 12 ba\u011f\u0131ms\u0131z kanal i\u00e7erir.<\/p>\n\n\n\n<h3 class=\"wp-block-heading\"><strong>\u00d6ne \u00c7\u0131kan \u00d6zellikler<\/strong><\/h3>\n\n\n\n<ul class=\"wp-block-list\">\n<li>Kararl\u0131 ve d\u00fc\u015f\u00fck jitter\u2019l\u0131 STEP darbe \u00fcretimi<\/li>\n\n\n\n<li>Anl\u0131k y\u00f6n \u00e7evirme destekli DIR \u00e7\u0131k\u0131\u015f\u0131<\/li>\n\n\n\n<li>T\u00fcm s\u00fcr\u00fcc\u00fclerle uyumlu (TMC, TB67, TB6600, DM vb.)<\/li>\n\n\n\n<li>Senkron \u00e7ok eksenli hareket deste\u011fi<\/li>\n\n\n\n<li>3.3V seviye uyumlu dijital \u00e7\u0131k\u0131\u015flar<\/li>\n<\/ul>\n\n\n\n<figure class=\"wp-block-image size-large\"><img decoding=\"async\" width=\"851\" height=\"1024\" src=\"https:\/\/sanalhavacilik.com.tr\/wp-content\/uploads\/2025\/12\/image-01-12-2025-17-43-42-851x1024.png\" alt=\"\" class=\"wp-image-1234\" srcset=\"https:\/\/sanalhavacilik.com.tr\/wp-content\/uploads\/2025\/12\/image-01-12-2025-17-43-42-851x1024.png 851w, https:\/\/sanalhavacilik.com.tr\/wp-content\/uploads\/2025\/12\/image-01-12-2025-17-43-42-249x300.png 249w, https:\/\/sanalhavacilik.com.tr\/wp-content\/uploads\/2025\/12\/image-01-12-2025-17-43-42-768x924.png 768w, https:\/\/sanalhavacilik.com.tr\/wp-content\/uploads\/2025\/12\/image-01-12-2025-17-43-42-1277x1536.png 1277w, https:\/\/sanalhavacilik.com.tr\/wp-content\/uploads\/2025\/12\/image-01-12-2025-17-43-42-1024x1231.png 1024w, https:\/\/sanalhavacilik.com.tr\/wp-content\/uploads\/2025\/12\/image-01-12-2025-17-43-42-898x1080.png 898w, https:\/\/sanalhavacilik.com.tr\/wp-content\/uploads\/2025\/12\/image-01-12-2025-17-43-42.png 1461w\" sizes=\"(max-width: 851px) 100vw, 851px\" \/><\/figure>\n\n\n\n<hr class=\"wp-block-separator has-alpha-channel-opacity\"\/>\n\n\n\n<h1 class=\"wp-block-heading\"><strong>32 Kanal PWM \u00c7\u0131k\u0131\u015f Mod\u00fcl\u00fc (2\u00d716 I2C PWM)<\/strong><\/h1>\n\n\n\n<p>Servo motorlar, \u0131\u015f\u0131k efektleri, fan kontrol\u00fc ve titre\u015fim mekanizmalar\u0131 i\u00e7in y\u00fcksek \u00e7\u00f6z\u00fcn\u00fcrl\u00fckl\u00fc PWM kontrol sa\u011flar.<\/p>\n\n\n\n<h3 class=\"wp-block-heading\"><strong>Teknik \u00d6zellikler<\/strong><\/h3>\n\n\n\n<ul class=\"wp-block-list\">\n<li>Toplam 32 ba\u011f\u0131ms\u0131z PWM \u00e7\u0131k\u0131\u015f\u0131<\/li>\n\n\n\n<li>12-bit \u00e7\u00f6z\u00fcn\u00fcrl\u00fck<\/li>\n\n\n\n<li>D\u00fc\u015f\u00fck jitter PWM sinyalleri<\/li>\n\n\n\n<li>I2C adresleme ve geni\u015fletme deste\u011fi<\/li>\n\n\n\n<li>3.3V uyumlu \u00e7\u0131k\u0131\u015f seviyeleri<\/li>\n<\/ul>\n\n\n\n<figure class=\"wp-block-image size-large\"><img loading=\"lazy\" decoding=\"async\" width=\"744\" height=\"1024\" src=\"https:\/\/sanalhavacilik.com.tr\/wp-content\/uploads\/2025\/12\/image-01-12-2025-17-42-21-744x1024.png\" alt=\"\" class=\"wp-image-1235\" srcset=\"https:\/\/sanalhavacilik.com.tr\/wp-content\/uploads\/2025\/12\/image-01-12-2025-17-42-21-744x1024.png 744w, https:\/\/sanalhavacilik.com.tr\/wp-content\/uploads\/2025\/12\/image-01-12-2025-17-42-21-218x300.png 218w, https:\/\/sanalhavacilik.com.tr\/wp-content\/uploads\/2025\/12\/image-01-12-2025-17-42-21-768x1057.png 768w, https:\/\/sanalhavacilik.com.tr\/wp-content\/uploads\/2025\/12\/image-01-12-2025-17-42-21-1116x1536.png 1116w, https:\/\/sanalhavacilik.com.tr\/wp-content\/uploads\/2025\/12\/image-01-12-2025-17-42-21-1024x1410.png 1024w, https:\/\/sanalhavacilik.com.tr\/wp-content\/uploads\/2025\/12\/image-01-12-2025-17-42-21-785x1080.png 785w, https:\/\/sanalhavacilik.com.tr\/wp-content\/uploads\/2025\/12\/image-01-12-2025-17-42-21.png 1179w\" sizes=\"(max-width: 744px) 100vw, 744px\" \/><\/figure>\n\n\n\n<hr class=\"wp-block-separator has-alpha-channel-opacity\"\/>\n\n\n\n<h1 class=\"wp-block-heading\"><strong>16 Kanal Analog Giri\u015f Kart\u0131<\/strong><\/h1>\n\n\n\n<p>Sisteme sens\u00f6r tabanl\u0131 analog geri besleme sa\u011flar.<\/p>\n\n\n\n<h3 class=\"wp-block-heading\"><strong>Teknik \u00d6zellikler<\/strong><\/h3>\n\n\n\n<ul class=\"wp-block-list\">\n<li>16 ba\u011f\u0131ms\u0131z ADC kanal\u0131<\/li>\n\n\n\n<li>Y\u00fcksek \u00e7\u00f6z\u00fcn\u00fcrl\u00fck ve d\u00fc\u015f\u00fck g\u00fcr\u00fclt\u00fc<\/li>\n\n\n\n<li>Potansiyometre, ivme sens\u00f6r\u00fc, bas\u0131n\u00e7 sens\u00f6r\u00fc vb. ile tam uyum<\/li>\n\n\n\n<li>3.3V seviye uyumlu giri\u015f<\/li>\n\n\n\n<li>I2C haberle\u015fmeli mod\u00fcler yap\u0131<\/li>\n<\/ul>\n\n\n\n<figure class=\"wp-block-image size-large\"><img loading=\"lazy\" decoding=\"async\" width=\"867\" height=\"1024\" src=\"https:\/\/sanalhavacilik.com.tr\/wp-content\/uploads\/2025\/12\/image-867x1024.png\" alt=\"\" class=\"wp-image-1236\" srcset=\"https:\/\/sanalhavacilik.com.tr\/wp-content\/uploads\/2025\/12\/image-867x1024.png 867w, https:\/\/sanalhavacilik.com.tr\/wp-content\/uploads\/2025\/12\/image-254x300.png 254w, https:\/\/sanalhavacilik.com.tr\/wp-content\/uploads\/2025\/12\/image-768x907.png 768w, https:\/\/sanalhavacilik.com.tr\/wp-content\/uploads\/2025\/12\/image-1301x1536.png 1301w, https:\/\/sanalhavacilik.com.tr\/wp-content\/uploads\/2025\/12\/image-1024x1209.png 1024w, https:\/\/sanalhavacilik.com.tr\/wp-content\/uploads\/2025\/12\/image-915x1080.png 915w, https:\/\/sanalhavacilik.com.tr\/wp-content\/uploads\/2025\/12\/image.png 1405w\" sizes=\"(max-width: 867px) 100vw, 867px\" \/><\/figure>\n\n\n\n<hr class=\"wp-block-separator has-alpha-channel-opacity\"\/>\n\n\n\n<h2 class=\"wp-block-heading\"><strong>16 Kanal Analog \u00c7\u0131k\u0131\u015f Kart\u0131<\/strong><\/h2>\n\n\n\n<p>Sistemde ihtiya\u00e7 duyulan hassas voltaj \u00fcretimini sa\u011flar ve \u00e7ok kanall\u0131 analog kontrol gerektiren t\u00fcm uygulamalara esnek bir \u00e7\u00f6z\u00fcm sunar.<\/p>\n\n\n\n<h3 class=\"wp-block-heading\"><strong>Teknik \u00d6zellikler<\/strong><\/h3>\n\n\n\n<ul class=\"wp-block-list\">\n<li>16 ba\u011f\u0131ms\u0131z DAC kanal\u0131<\/li>\n\n\n\n<li>Y\u00fcksek \u00e7\u00f6z\u00fcn\u00fcrl\u00fckl\u00fc ve d\u00fc\u015f\u00fck g\u00fcr\u00fclt\u00fcl\u00fc analog \u00e7\u0131k\u0131\u015f<\/li>\n\n\n\n<li>0\u20133.3V aras\u0131 do\u011frusal ve kararl\u0131 voltaj \u00fcretimi<\/li>\n\n\n\n<li>Motor s\u00fcr\u00fcc\u00fc referans\u0131, sens\u00f6r sim\u00fclasyonu ve efekt \u00fcretimi ile tam uyum<\/li>\n\n\n\n<li>3.3V seviye uyumlu \u00e7\u0131k\u0131\u015f<\/li>\n\n\n\n<li>I2C haberle\u015fmeli mod\u00fcler yap\u0131<\/li>\n<\/ul>\n\n\n\n<figure class=\"wp-block-image size-large\"><img loading=\"lazy\" decoding=\"async\" width=\"845\" height=\"1024\" src=\"https:\/\/sanalhavacilik.com.tr\/wp-content\/uploads\/2025\/12\/image-01-12-2025-17-45-46-845x1024.png\" alt=\"\" class=\"wp-image-1237\" srcset=\"https:\/\/sanalhavacilik.com.tr\/wp-content\/uploads\/2025\/12\/image-01-12-2025-17-45-46-845x1024.png 845w, https:\/\/sanalhavacilik.com.tr\/wp-content\/uploads\/2025\/12\/image-01-12-2025-17-45-46-248x300.png 248w, https:\/\/sanalhavacilik.com.tr\/wp-content\/uploads\/2025\/12\/image-01-12-2025-17-45-46-768x931.png 768w, https:\/\/sanalhavacilik.com.tr\/wp-content\/uploads\/2025\/12\/image-01-12-2025-17-45-46-1268x1536.png 1268w, https:\/\/sanalhavacilik.com.tr\/wp-content\/uploads\/2025\/12\/image-01-12-2025-17-45-46-1024x1241.png 1024w, https:\/\/sanalhavacilik.com.tr\/wp-content\/uploads\/2025\/12\/image-01-12-2025-17-45-46-891x1080.png 891w, https:\/\/sanalhavacilik.com.tr\/wp-content\/uploads\/2025\/12\/image-01-12-2025-17-45-46.png 1446w\" sizes=\"(max-width: 845px) 100vw, 845px\" \/><\/figure>\n\n\n\n<hr class=\"wp-block-separator has-alpha-channel-opacity\"\/>\n\n\n\n<h1 class=\"wp-block-heading\"><strong>Geni\u015fletilebilir Haberle\u015fme Mimarisinin Avantajlar\u0131<\/strong><\/h1>\n\n\n\n<p>Yeni eklenen ba\u011flant\u0131lar sayesinde sistem b\u00fcy\u00fck \u00f6l\u00e7ekli projelere hitap eder:<\/p>\n\n\n\n<h3 class=\"wp-block-heading\"><strong>Ek UART Portlar\u0131<\/strong><\/h3>\n\n\n\n<ul class=\"wp-block-list\">\n<li>Harici sens\u00f6r mod\u00fclleri<\/li>\n\n\n\n<li>Motor s\u00fcr\u00fcc\u00fc telemetrisi<\/li>\n\n\n\n<li>Uzaktan kontrol panelleri<\/li>\n\n\n\n<li>Sim\u00fclat\u00f6rlerde \u00f6zel pozisyon sens\u00f6rleri<\/li>\n\n\n\n<li>G\u00fcvenlik ve durum geri bildirimi<\/li>\n<\/ul>\n\n\n\n<h3 class=\"wp-block-heading\"><strong>Ek I2C Geni\u015fletme Konnekt\u00f6r\u00fc<\/strong><\/h3>\n\n\n\n<ul class=\"wp-block-list\">\n<li>Yeni mod\u00fcllerin kolay eklenmesi<\/li>\n\n\n\n<li>Kablo karma\u015fas\u0131 olmadan geni\u015fleme<\/li>\n\n\n\n<li>ADC, DAC, EEPROM, sens\u00f6r mod\u00fclleri ekleme imk\u00e2n\u0131<\/li>\n<\/ul>\n\n\n\n<h3 class=\"wp-block-heading\"><strong>Ethernet \u00dczerinden Merkezi Y\u00f6netim<\/strong><\/h3>\n\n\n\n<ul class=\"wp-block-list\">\n<li>PC tabanl\u0131 profil y\u00fckleme<\/li>\n\n\n\n<li>Hareket senaryolar\u0131n\u0131n aktar\u0131lmas\u0131<\/li>\n\n\n\n<li>VR sim\u00fclat\u00f6r yaz\u0131l\u0131mlar\u0131yla ger\u00e7ek zamanl\u0131 ba\u011flant\u0131<\/li>\n\n\n\n<li>CNC\/G-kod yaz\u0131l\u0131mlar\u0131na k\u00f6pr\u00fc<\/li>\n\n\n\n<li>Uzaktan izleme ve bak\u0131m<\/li>\n<\/ul>\n\n\n\n<p><\/p>\n\n\n\n<hr class=\"wp-block-separator has-alpha-channel-opacity\"\/>\n\n\n\n<h1 class=\"wp-block-heading\"><strong>Sim\u00fclat\u00f6r ve Otomasyon Sistemlerinde Uygulama<\/strong><\/h1>\n\n\n\n<p>Bu mod\u00fcler sistem \u00f6zellikle:<\/p>\n\n\n\n<ul class=\"wp-block-list\">\n<li>3DOF \u2013 4DOF \u2013 6DOF hareket platformlar\u0131<\/li>\n\n\n\n<li>VR sinema koltuklar\u0131<\/li>\n\n\n\n<li>U\u00e7u\u015f sim\u00fclat\u00f6rleri (pitch\u2013roll\u2013yaw)<\/li>\n\n\n\n<li>Ara\u00e7 s\u00fcr\u00fc\u015f sim\u00fclat\u00f6rleri<\/li>\n\n\n\n<li>End\u00fcstriyel test mekanizmalar\u0131<\/li>\n\n\n\n<li>CNC \u00e7ok eksenli sistemler<\/li>\n\n\n\n<li>Robotik kol ve otomasyon projeleri<\/li>\n<\/ul>\n\n\n\n<p>i\u00e7in optimize edilmi\u015ftir.<\/p>\n\n\n\n<p class=\"has-text-align-center\">Detayl\u0131 bilgi, teknik destek veya i\u015f birli\u011fi talepleriniz i\u00e7in l\u00fctfen bizimle <a href=\"https:\/\/sanalhavacilik.com.tr\/?page_id=37\" data-type=\"page\" data-id=\"37\">ileti\u015fim<\/a>e ge\u00e7iniz.<\/p>\n","protected":false},"excerpt":{"rendered":"<p>Evrensel Ana Kontrol Kart\u0131 Ana kontrol kart\u0131, t\u00fcm sistemin zamanlamas\u0131n\u0131, veri ak\u0131\u015f\u0131n\u0131 ve hareket algoritmalar\u0131n\u0131 y\u00f6neten merkezi y\u00f6netim birimidir. Temel \u00d6zellikler Ethernet Haberle\u015fmesi Ana kart; Desteklenen protokoller: Ethernet sayesinde sistem; VR sim\u00fclasyon yaz\u0131l\u0131mlar\u0131, oyun motorlar\u0131 (Unity, Unreal), CNC kontrol yaz\u0131l\u0131mlar\u0131 veya \u00f6zel robotik kontrol panelleri ile do\u011frudan entegre \u00e7al\u0131\u015f\u0131r. 12 Kanal Encoder Okuyucu Kart\u0131 Encoder mod\u00fcl\u00fc, \u00e7ok eksenli sistemlerde hassas konum geri beslemesini sa\u011flar. Teknik \u00d6zellikler 12 Kanal STEP\/DIR \u00c7\u0131k\u0131\u015f Kart\u0131 Harici step motor s\u00fcr\u00fcc\u00fclerini kontrol etmek i\u00e7in 12 ba\u011f\u0131ms\u0131z kanal i\u00e7erir. \u00d6ne \u00c7\u0131kan \u00d6zellikler 32 Kanal PWM \u00c7\u0131k\u0131\u015f Mod\u00fcl\u00fc (2\u00d716 I2C PWM) Servo motorlar, \u0131\u015f\u0131k efektleri, fan kontrol\u00fc ve titre\u015fim mekanizmalar\u0131 i\u00e7in y\u00fcksek \u00e7\u00f6z\u00fcn\u00fcrl\u00fckl\u00fc PWM kontrol sa\u011flar. Teknik \u00d6zellikler 16 Kanal Analog Giri\u015f Kart\u0131 Sisteme sens\u00f6r tabanl\u0131 analog geri besleme sa\u011flar. Teknik \u00d6zellikler 16 Kanal Analog \u00c7\u0131k\u0131\u015f Kart\u0131 Sistemde ihtiya\u00e7 duyulan hassas voltaj \u00fcretimini sa\u011flar ve \u00e7ok kanall\u0131 analog kontrol gerektiren t\u00fcm uygulamalara esnek bir \u00e7\u00f6z\u00fcm sunar. Teknik \u00d6zellikler Geni\u015fletilebilir Haberle\u015fme Mimarisinin Avantajlar\u0131 Yeni eklenen ba\u011flant\u0131lar sayesinde sistem b\u00fcy\u00fck \u00f6l\u00e7ekli projelere hitap eder: Ek UART Portlar\u0131 Ek I2C Geni\u015fletme Konnekt\u00f6r\u00fc Ethernet \u00dczerinden Merkezi Y\u00f6netim Sim\u00fclat\u00f6r ve Otomasyon Sistemlerinde Uygulama Bu mod\u00fcler sistem \u00f6zellikle: i\u00e7in optimize edilmi\u015ftir. Detayl\u0131 bilgi, teknik destek veya i\u015f birli\u011fi talepleriniz i\u00e7in l\u00fctfen bizimle ileti\u015fime ge\u00e7iniz.<\/p>\n","protected":false},"author":1,"featured_media":0,"parent":0,"menu_order":0,"comment_status":"closed","ping_status":"closed","template":"","meta":{"footnotes":""},"class_list":["post-672","page","type-page","status-publish","hentry"],"_links":{"self":[{"href":"https:\/\/sanalhavacilik.com.tr\/index.php?rest_route=\/wp\/v2\/pages\/672","targetHints":{"allow":["GET"]}}],"collection":[{"href":"https:\/\/sanalhavacilik.com.tr\/index.php?rest_route=\/wp\/v2\/pages"}],"about":[{"href":"https:\/\/sanalhavacilik.com.tr\/index.php?rest_route=\/wp\/v2\/types\/page"}],"author":[{"embeddable":true,"href":"https:\/\/sanalhavacilik.com.tr\/index.php?rest_route=\/wp\/v2\/users\/1"}],"replies":[{"embeddable":true,"href":"https:\/\/sanalhavacilik.com.tr\/index.php?rest_route=%2Fwp%2Fv2%2Fcomments&post=672"}],"version-history":[{"count":7,"href":"https:\/\/sanalhavacilik.com.tr\/index.php?rest_route=\/wp\/v2\/pages\/672\/revisions"}],"predecessor-version":[{"id":1249,"href":"https:\/\/sanalhavacilik.com.tr\/index.php?rest_route=\/wp\/v2\/pages\/672\/revisions\/1249"}],"wp:attachment":[{"href":"https:\/\/sanalhavacilik.com.tr\/index.php?rest_route=%2Fwp%2Fv2%2Fmedia&parent=672"}],"curies":[{"name":"wp","href":"https:\/\/api.w.org\/{rel}","templated":true}]}}