{"id":664,"date":"2024-12-08T18:19:40","date_gmt":"2024-12-08T15:19:40","guid":{"rendered":"https:\/\/sanalhavacilik.com.tr\/?page_id=664"},"modified":"2026-03-27T15:56:05","modified_gmt":"2026-03-27T12:56:05","slug":"vr-hareketli-platform","status":"publish","type":"page","link":"https:\/\/sanalhavacilik.com.tr\/?page_id=664","title":{"rendered":"VR Hareketli Platform"},"content":{"rendered":"\n<figure class=\"wp-block-pullquote has-text-align-left\" style=\"font-size:19px\"><blockquote><p><strong><u>T\u00dcRK\u0130YE&#8217;DE \u0130LK VE TEK !!!<\/u><\/strong><br><strong>Ger\u00e7ek e\u011flenceyi kendi boyutunda ya\u015fa!<\/strong><br><strong>New Dimensions VR Entertainment, tamamen kendi \u00fcretimimiz olan \u00f6zel VR makineleriyle sana benzersiz bir deneyim sunuyor.<\/strong><br><strong>Her detay\u0131 titizlikle tasarlanm\u0131\u015f bu sistem, seni s\u0131radanl\u0131ktan \u00e7\u0131kar\u0131p yepyeni d\u00fcnyalara ta\u015f\u0131yacak!<\/strong><br><strong>Haz\u0131r m\u0131s\u0131n? Bu teknoloji sadece burada var!<\/strong><br><strong>Meta Quest 3 VR g\u00f6zl\u00fc\u011f\u00fc ile entegre \u00e7al\u0131\u015fan bu yenilik\u00e7i sistem, e\u011flence sekt\u00f6r\u00fcne yepyeni bir deneyim sunmaktad\u0131r. 6 ki\u015filik<\/strong><br><strong>kapasiteye sahip olan sistem, hareketli motion platformu ve sanal ger\u00e7eklik teknolojisiyle birle\u015ferek kullan\u0131c\u0131lar\u0131 ayn\u0131 film veya oyun<\/strong><br><strong>d\u00fcnyas\u0131n\u0131n i\u00e7ine dahil eder.<\/strong><br><strong>Detayl\u0131 bilgi i\u00e7in bizimle&nbsp;<a href=\"https:\/\/sanalhavacilik.com.tr\/?page_id=37\">ileti\u015fim<\/a>e ge\u00e7ebilirsiniz<\/strong>.<\/p><\/blockquote><\/figure>\n\n\n\n<p class=\"has-text-align-center\" style=\"font-size:50px\"><\/p>\n\n\n\n<figure class=\"wp-block-gallery has-nested-images columns-default is-cropped wp-block-gallery-1 is-layout-flex wp-block-gallery-is-layout-flex\"><\/figure>\n","protected":false},"excerpt":{"rendered":"<p>T\u00dcRK\u0130YE&#8217;DE \u0130LK VE TEK !!!Ger\u00e7ek e\u011flenceyi kendi boyutunda ya\u015fa!New Dimensions VR Entertainment, tamamen kendi \u00fcretimimiz olan \u00f6zel VR makineleriyle sana benzersiz bir deneyim sunuyor.Her detay\u0131 titizlikle tasarlanm\u0131\u015f bu sistem, seni s\u0131radanl\u0131ktan \u00e7\u0131kar\u0131p yepyeni d\u00fcnyalara ta\u015f\u0131yacak!Haz\u0131r m\u0131s\u0131n? Bu teknoloji sadece burada var!Meta Quest 3 VR g\u00f6zl\u00fc\u011f\u00fc ile entegre \u00e7al\u0131\u015fan bu yenilik\u00e7i sistem, e\u011flence sekt\u00f6r\u00fcne yepyeni bir deneyim sunmaktad\u0131r. 6 ki\u015filikkapasiteye sahip olan sistem, hareketli motion platformu ve sanal ger\u00e7eklik teknolojisiyle birle\u015ferek kullan\u0131c\u0131lar\u0131 ayn\u0131 film veya oyund\u00fcnyas\u0131n\u0131n i\u00e7ine dahil eder.Detayl\u0131 bilgi i\u00e7in bizimle&nbsp;ileti\u015fime ge\u00e7ebilirsiniz.<\/p>\n","protected":false},"author":1,"featured_media":0,"parent":0,"menu_order":0,"comment_status":"closed","ping_status":"closed","template":"","meta":{"footnotes":""},"class_list":["post-664","page","type-page","status-publish","hentry"],"_links":{"self":[{"href":"https:\/\/sanalhavacilik.com.tr\/index.php?rest_route=\/wp\/v2\/pages\/664","targetHints":{"allow":["GET"]}}],"collection":[{"href":"https:\/\/sanalhavacilik.com.tr\/index.php?rest_route=\/wp\/v2\/pages"}],"about":[{"href":"https:\/\/sanalhavacilik.com.tr\/index.php?rest_route=\/wp\/v2\/types\/page"}],"author":[{"embeddable":true,"href":"https:\/\/sanalhavacilik.com.tr\/index.php?rest_route=\/wp\/v2\/users\/1"}],"replies":[{"embeddable":true,"href":"https:\/\/sanalhavacilik.com.tr\/index.php?rest_route=%2Fwp%2Fv2%2Fcomments&post=664"}],"version-history":[{"count":9,"href":"https:\/\/sanalhavacilik.com.tr\/index.php?rest_route=\/wp\/v2\/pages\/664\/revisions"}],"predecessor-version":[{"id":1340,"href":"https:\/\/sanalhavacilik.com.tr\/index.php?rest_route=\/wp\/v2\/pages\/664\/revisions\/1340"}],"wp:attachment":[{"href":"https:\/\/sanalhavacilik.com.tr\/index.php?rest_route=%2Fwp%2Fv2%2Fmedia&parent=664"}],"curies":[{"name":"wp","href":"https:\/\/api.w.org\/{rel}","templated":true}]}}