{"id":56,"date":"2023-01-31T14:26:26","date_gmt":"2023-01-31T14:26:26","guid":{"rendered":"https:\/\/sanalhavacilik.com.tr\/?page_id=56"},"modified":"2023-12-12T17:41:19","modified_gmt":"2023-12-12T14:41:19","slug":"mi-17-helikopteri-gece-gorus-donusum-light-set","status":"publish","type":"page","link":"https:\/\/sanalhavacilik.com.tr\/?page_id=56","title":{"rendered":"Mi-17 Helikopteri Gece G\u00f6r\u00fc\u015f D\u00f6n\u00fc\u015f\u00fcm Light Set"},"content":{"rendered":"\n<p class=\"has-text-align-center has-medium-font-size\"><strong><mark style=\"background-color:rgba(0, 0, 0, 0)\" class=\"has-inline-color has-vivid-red-color\">RADAR ALTIMETRE<\/mark><\/strong><br>Mi-17 helikopterinin gece g\u00f6r\u00fc\u015f g\u00f6zl\u00fc\u011f\u00fc ile kullan\u0131lmas\u0131n\u0131 sa\u011flayan, helikopterin yerden y\u00fcksekli\u011fi analog olarak g\u00f6sterilen veriyi helikopterden gelen 28V GND ve Sinyali dijital olarak g\u00f6steren cihazd\u0131r. Bir adet ana kasa i\u00e7erisinde elektronik i\u015flemleri yapmaktad\u0131r. Sol ve sa\u011f pilot olmak \u00fczere 2 adet dijital ekran bulunmaktad\u0131r. Dijital ekranlar ye\u015fil \u0131\u015f\u0131k olarak yanmaktad\u0131r. Ye\u015fil \u0131\u015f\u0131\u011f\u0131n parlakl\u0131\u011f\u0131, y\u00fckseklik verisi de metre ve feet olarak ayarlanabilmektedir.<br>NSN: 7050.27.071.0897<\/p>\n\n\n\n<p><\/p>\n\n\n<div class=\"wp-block-image\">\n<figure class=\"aligncenter size-large\"><img fetchpriority=\"high\" decoding=\"async\" width=\"1024\" height=\"429\" src=\"https:\/\/sanalhavacilik.com.tr\/wp-content\/uploads\/2023\/01\/rdr2-1024x429.png\" alt=\"\" class=\"wp-image-80\" srcset=\"https:\/\/sanalhavacilik.com.tr\/wp-content\/uploads\/2023\/01\/rdr2-1024x429.png 1024w, https:\/\/sanalhavacilik.com.tr\/wp-content\/uploads\/2023\/01\/rdr2-300x126.png 300w, https:\/\/sanalhavacilik.com.tr\/wp-content\/uploads\/2023\/01\/rdr2-768x322.png 768w, https:\/\/sanalhavacilik.com.tr\/wp-content\/uploads\/2023\/01\/rdr2.png 1200w\" sizes=\"(max-width: 1024px) 100vw, 1024px\" \/><\/figure>\n<\/div>\n\n\n<p><\/p>\n\n\n\n<p><\/p>\n\n\n<div class=\"wp-block-image\">\n<figure class=\"aligncenter size-large\"><img decoding=\"async\" width=\"1024\" height=\"381\" src=\"https:\/\/sanalhavacilik.com.tr\/wp-content\/uploads\/2023\/01\/rdr1-1024x381.png\" alt=\"\" class=\"wp-image-79\" srcset=\"https:\/\/sanalhavacilik.com.tr\/wp-content\/uploads\/2023\/01\/rdr1-1024x381.png 1024w, https:\/\/sanalhavacilik.com.tr\/wp-content\/uploads\/2023\/01\/rdr1-300x112.png 300w, https:\/\/sanalhavacilik.com.tr\/wp-content\/uploads\/2023\/01\/rdr1-768x286.png 768w, https:\/\/sanalhavacilik.com.tr\/wp-content\/uploads\/2023\/01\/rdr1.png 1457w\" sizes=\"(max-width: 1024px) 100vw, 1024px\" \/><\/figure>\n<\/div>\n\n\n<p><\/p>\n\n\n\n<p><\/p>\n\n\n\n<p><\/p>\n\n\n\n<p class=\"has-text-align-center has-medium-font-size\"><strong><mark style=\"background-color:rgba(0, 0, 0, 0)\" class=\"has-inline-color has-vivid-red-color\">POTANS\u0130YOMETRE<\/mark><\/strong><br>Mi-17 helikopterinin gece g\u00f6r\u00fc\u015f g\u00f6zl\u00fc\u011f\u00fc ile kullan\u0131lmas\u0131n\u0131 sa\u011flayan, kokpit i\u00e7erisindeki ayd\u0131nlatma elemanlar\u0131n\u0131n parlakl\u0131\u011f\u0131n\u0131 ayarlamay\u0131 sa\u011flayan cihazd\u0131r.<br>NSN: 5905.27.071.0907<\/p>\n\n\n\n<p><\/p>\n\n\n<div class=\"wp-block-image\">\n<figure class=\"aligncenter size-full\"><img decoding=\"async\" width=\"939\" height=\"523\" src=\"https:\/\/sanalhavacilik.com.tr\/wp-content\/uploads\/2023\/01\/pot.png\" alt=\"\" class=\"wp-image-82\" srcset=\"https:\/\/sanalhavacilik.com.tr\/wp-content\/uploads\/2023\/01\/pot.png 939w, https:\/\/sanalhavacilik.com.tr\/wp-content\/uploads\/2023\/01\/pot-300x167.png 300w, https:\/\/sanalhavacilik.com.tr\/wp-content\/uploads\/2023\/01\/pot-768x428.png 768w\" sizes=\"(max-width: 939px) 100vw, 939px\" \/><\/figure>\n<\/div>\n\n\n<p><\/p>\n\n\n\n<p><\/p>\n\n\n\n<p><\/p>\n\n\n\n<p class=\"has-text-align-center has-medium-font-size\"><strong><mark style=\"background-color:rgba(0, 0, 0, 0)\" class=\"has-inline-color has-vivid-red-color\">K\u00dc\u00c7\u00dcK BOY AMPUL<\/mark><\/strong><br>Mi-17 helikopterinin gece g\u00f6r\u00fc\u015f g\u00f6zl\u00fc\u011f\u00fc ile kullan\u0131lmas\u0131n\u0131 sa\u011flayan, kokpit i\u00e7erisindeki panellerin ayd\u0131nlatmas\u0131nda kullan\u0131lmaktad\u0131r. 24V 0.5W de\u011ferlerinde ye\u015fil \u0131\u015f\u0131k olarak yanmaktad\u0131r. Bir set i\u00e7erisinde 250 adet bulunmaktad\u0131r.<br>NSN: 5980.27.071.0898<\/p>\n\n\n<div class=\"wp-block-image\">\n<figure class=\"aligncenter size-large\"><img loading=\"lazy\" decoding=\"async\" width=\"1024\" height=\"288\" src=\"https:\/\/sanalhavacilik.com.tr\/wp-content\/uploads\/2023\/01\/kucukBoy1-1024x288.png\" alt=\"\" class=\"wp-image-71\" srcset=\"https:\/\/sanalhavacilik.com.tr\/wp-content\/uploads\/2023\/01\/kucukBoy1-1024x288.png 1024w, https:\/\/sanalhavacilik.com.tr\/wp-content\/uploads\/2023\/01\/kucukBoy1-300x84.png 300w, https:\/\/sanalhavacilik.com.tr\/wp-content\/uploads\/2023\/01\/kucukBoy1-768x216.png 768w, https:\/\/sanalhavacilik.com.tr\/wp-content\/uploads\/2023\/01\/kucukBoy1.png 1045w\" sizes=\"(max-width: 1024px) 100vw, 1024px\" \/><\/figure>\n<\/div>\n\n\n<p><\/p>\n\n\n\n<p><\/p>\n\n\n\n<p><\/p>\n\n\n<div class=\"wp-block-image\">\n<figure class=\"aligncenter size-full\"><img loading=\"lazy\" decoding=\"async\" width=\"705\" height=\"581\" src=\"https:\/\/sanalhavacilik.com.tr\/wp-content\/uploads\/2023\/01\/Set1.png\" alt=\"\" class=\"wp-image-67\" srcset=\"https:\/\/sanalhavacilik.com.tr\/wp-content\/uploads\/2023\/01\/Set1.png 705w, https:\/\/sanalhavacilik.com.tr\/wp-content\/uploads\/2023\/01\/Set1-300x247.png 300w\" sizes=\"(max-width: 705px) 100vw, 705px\" \/><\/figure>\n<\/div>\n\n\n<p><\/p>\n\n\n\n<p><\/p>\n\n\n\n<p><\/p>\n\n\n\n<p class=\"has-text-align-center has-medium-font-size\"><strong><mark style=\"background-color:rgba(0, 0, 0, 0)\" class=\"has-inline-color has-vivid-red-color\">PAL UCU AMPUL<\/mark><\/strong><br>Mi-17 helikopterinde pal ucu lambas\u0131 olarak kullan\u0131lmaktad\u0131r. 7.5V 0.3W de\u011ferlerinde ye\u015fil \u0131\u015f\u0131k olarak yanmaktad\u0131r. Bir set i\u00e7erisinde 6 adet bulunmaktad\u0131r.<br>NSN: 5980.27.071.0900<\/p>\n\n\n<div class=\"wp-block-image\">\n<figure class=\"aligncenter size-large\"><img loading=\"lazy\" decoding=\"async\" width=\"1024\" height=\"276\" src=\"https:\/\/sanalhavacilik.com.tr\/wp-content\/uploads\/2023\/01\/palUcu-1024x276.png\" alt=\"\" class=\"wp-image-73\" srcset=\"https:\/\/sanalhavacilik.com.tr\/wp-content\/uploads\/2023\/01\/palUcu-1024x276.png 1024w, https:\/\/sanalhavacilik.com.tr\/wp-content\/uploads\/2023\/01\/palUcu-300x81.png 300w, https:\/\/sanalhavacilik.com.tr\/wp-content\/uploads\/2023\/01\/palUcu-768x207.png 768w, https:\/\/sanalhavacilik.com.tr\/wp-content\/uploads\/2023\/01\/palUcu.png 1244w\" sizes=\"(max-width: 1024px) 100vw, 1024px\" \/><\/figure>\n<\/div>\n\n\n<p><\/p>\n\n\n\n<p><\/p>\n\n\n\n<p><\/p>\n\n\n\n<p class=\"has-text-align-center has-medium-font-size\"><strong><mark style=\"background-color:rgba(0, 0, 0, 0)\" class=\"has-inline-color has-vivid-red-color\">DOME LIGHT AMPUL<\/mark><\/strong><br>Mi-17 helikopterinin gece g\u00f6r\u00fc\u015f g\u00f6zl\u00fc\u011f\u00fc ile kullan\u0131lmas\u0131n\u0131 sa\u011flayan, kokpit i\u00e7erisinde tavan lambas\u0131 olarak kullan\u0131lmaktad\u0131r. 24V 0.5W de\u011ferlerinde ye\u015fil \u0131\u015f\u0131k olarak yanmaktad\u0131r. Bir set i\u00e7erisinde 3 adet bulunmaktad\u0131r.<br>NSN: 5980.27.071.0905<\/p>\n\n\n<div class=\"wp-block-image\">\n<figure class=\"aligncenter size-large\"><img loading=\"lazy\" decoding=\"async\" width=\"1024\" height=\"276\" src=\"https:\/\/sanalhavacilik.com.tr\/wp-content\/uploads\/2023\/01\/domeLight-1024x276.png\" alt=\"\" class=\"wp-image-69\" srcset=\"https:\/\/sanalhavacilik.com.tr\/wp-content\/uploads\/2023\/01\/domeLight-1024x276.png 1024w, https:\/\/sanalhavacilik.com.tr\/wp-content\/uploads\/2023\/01\/domeLight-300x81.png 300w, https:\/\/sanalhavacilik.com.tr\/wp-content\/uploads\/2023\/01\/domeLight-768x207.png 768w, https:\/\/sanalhavacilik.com.tr\/wp-content\/uploads\/2023\/01\/domeLight.png 1244w\" sizes=\"(max-width: 1024px) 100vw, 1024px\" \/><\/figure>\n<\/div>\n\n\n<p><\/p>\n\n\n\n<p><\/p>\n\n\n\n<p><\/p>\n\n\n\n<p class=\"has-text-align-center has-medium-font-size\"><strong><mark style=\"background-color:rgba(0, 0, 0, 0)\" class=\"has-inline-color has-vivid-red-color\">HAR\u0130TA OKUMA AMPUL<\/mark><\/strong><br>Mi-17 helikopterinin gece g\u00f6r\u00fc\u015f g\u00f6zl\u00fc\u011f\u00fc ile kullan\u0131lmas\u0131n\u0131 sa\u011flayan, kokpit i\u00e7erisinde harita okuma lambas\u0131 olarak kullan\u0131lmaktad\u0131r. 24V 0.7W de\u011ferlerinde ye\u015fil \u0131\u015f\u0131k olarak yanmaktad\u0131r. Bir set i\u00e7erisinde 2 adet bulunmaktad\u0131r.<br>NSN: 5980.27.071.0903<\/p>\n\n\n<div class=\"wp-block-image\">\n<figure class=\"aligncenter size-large\"><img loading=\"lazy\" decoding=\"async\" width=\"1024\" height=\"280\" src=\"https:\/\/sanalhavacilik.com.tr\/wp-content\/uploads\/2023\/01\/haritaOkuma-1024x280.png\" alt=\"\" class=\"wp-image-70\" srcset=\"https:\/\/sanalhavacilik.com.tr\/wp-content\/uploads\/2023\/01\/haritaOkuma-1024x280.png 1024w, https:\/\/sanalhavacilik.com.tr\/wp-content\/uploads\/2023\/01\/haritaOkuma-300x82.png 300w, https:\/\/sanalhavacilik.com.tr\/wp-content\/uploads\/2023\/01\/haritaOkuma-768x210.png 768w, https:\/\/sanalhavacilik.com.tr\/wp-content\/uploads\/2023\/01\/haritaOkuma.png 1220w\" sizes=\"(max-width: 1024px) 100vw, 1024px\" \/><\/figure>\n<\/div>\n\n\n<p><\/p>\n\n\n\n<p><\/p>\n\n\n\n<p><\/p>\n\n\n\n<p class=\"has-text-align-center has-medium-font-size\"><mark style=\"background-color:rgba(0, 0, 0, 0)\" class=\"has-inline-color has-vivid-red-color\"><strong>GLARE SHIELD D\u00dc\u015e\u00dcK L\u00dcMENL\u0130 AMPUL<\/strong><\/mark><br>Mi-17 helikopterinin gece g\u00f6r\u00fc\u015f g\u00f6zl\u00fc\u011f\u00fc ile kullan\u0131lmas\u0131n\u0131 sa\u011flayan, kokpit i\u00e7erisinde telsiz ayd\u0131nlatma lambas\u0131 olarak kullan\u0131lmaktad\u0131r. 24V 0.25W de\u011ferlerinde d\u00fc\u015f\u00fck l\u00fcmenli ve ye\u015fil \u0131\u015f\u0131k olarak yanmaktad\u0131r. Bir set i\u00e7erisinde 3 adet bulunmaktad\u0131r.<br>NSN: &#8212;-.27.&#8212;.&#8212;-<\/p>\n\n\n<div class=\"wp-block-image\">\n<figure class=\"aligncenter size-full\"><img loading=\"lazy\" decoding=\"async\" width=\"993\" height=\"320\" src=\"https:\/\/sanalhavacilik.com.tr\/wp-content\/uploads\/2023\/03\/Glare-Shield-01.png\" alt=\"\" class=\"wp-image-264\" srcset=\"https:\/\/sanalhavacilik.com.tr\/wp-content\/uploads\/2023\/03\/Glare-Shield-01.png 993w, https:\/\/sanalhavacilik.com.tr\/wp-content\/uploads\/2023\/03\/Glare-Shield-01-300x97.png 300w, https:\/\/sanalhavacilik.com.tr\/wp-content\/uploads\/2023\/03\/Glare-Shield-01-768x247.png 768w\" sizes=\"(max-width: 993px) 100vw, 993px\" \/><\/figure>\n<\/div>\n\n\n<p><\/p>\n\n\n\n<p><\/p>\n\n\n\n<p><\/p>\n\n\n\n<p class=\"has-text-align-center has-medium-font-size\"><mark style=\"background-color:rgba(0, 0, 0, 0)\" class=\"has-inline-color has-vivid-red-color\"><strong>GLARE SHIELD ORTA L\u00dcMENL\u0130 AMPUL<\/strong><\/mark><br>Mi-17 helikopterinin gece g\u00f6r\u00fc\u015f g\u00f6zl\u00fc\u011f\u00fc ile kullan\u0131lmas\u0131n\u0131 sa\u011flayan, kokpit i\u00e7erisinde telsiz ayd\u0131nlatma lambas\u0131 olarak kullan\u0131lmaktad\u0131r. 24V 0.5W de\u011ferlerinde orta l\u00fcmenli ve ye\u015fil \u0131\u015f\u0131k olarak yanmaktad\u0131r. Bir set i\u00e7erisinde 3 adet bulunmaktad\u0131r.<br>NSN: &#8212;-.27.&#8212;.&#8212;-<\/p>\n\n\n<div class=\"wp-block-image\">\n<figure class=\"aligncenter size-full\"><img loading=\"lazy\" decoding=\"async\" width=\"1016\" height=\"285\" src=\"https:\/\/sanalhavacilik.com.tr\/wp-content\/uploads\/2023\/03\/Glare-Shield-02.png\" alt=\"\" class=\"wp-image-265\" srcset=\"https:\/\/sanalhavacilik.com.tr\/wp-content\/uploads\/2023\/03\/Glare-Shield-02.png 1016w, https:\/\/sanalhavacilik.com.tr\/wp-content\/uploads\/2023\/03\/Glare-Shield-02-300x84.png 300w, https:\/\/sanalhavacilik.com.tr\/wp-content\/uploads\/2023\/03\/Glare-Shield-02-768x215.png 768w\" sizes=\"(max-width: 1016px) 100vw, 1016px\" \/><\/figure>\n<\/div>\n\n\n<p><\/p>\n\n\n\n<p><\/p>\n\n\n\n<p><\/p>\n\n\n\n<p class=\"has-text-align-center has-medium-font-size\"><mark style=\"background-color:rgba(0, 0, 0, 0)\" class=\"has-inline-color has-vivid-red-color\"><strong>K\u00dc\u00c7\u00dcK BOY AMPUL<\/strong> <strong>2<\/strong><\/mark><br>Bir set i\u00e7erisinde 20 adet bulunmaktad\u0131r.<\/p>\n\n\n<div class=\"wp-block-image\">\n<figure class=\"aligncenter size-large\"><img loading=\"lazy\" decoding=\"async\" width=\"1024\" height=\"288\" src=\"https:\/\/sanalhavacilik.com.tr\/wp-content\/uploads\/2023\/01\/kucukBoy2-1024x288.png\" alt=\"\" class=\"wp-image-72\" srcset=\"https:\/\/sanalhavacilik.com.tr\/wp-content\/uploads\/2023\/01\/kucukBoy2-1024x288.png 1024w, https:\/\/sanalhavacilik.com.tr\/wp-content\/uploads\/2023\/01\/kucukBoy2-300x84.png 300w, https:\/\/sanalhavacilik.com.tr\/wp-content\/uploads\/2023\/01\/kucukBoy2-768x216.png 768w, https:\/\/sanalhavacilik.com.tr\/wp-content\/uploads\/2023\/01\/kucukBoy2.png 1045w\" sizes=\"(max-width: 1024px) 100vw, 1024px\" \/><\/figure>\n<\/div>\n\n\n<p><\/p>\n\n\n\n<p><\/p>\n\n\n\n<p><\/p>\n\n\n<div class=\"wp-block-image\">\n<figure class=\"aligncenter size-full\"><img loading=\"lazy\" decoding=\"async\" width=\"730\" height=\"584\" src=\"https:\/\/sanalhavacilik.com.tr\/wp-content\/uploads\/2023\/01\/Set2.png\" alt=\"\" class=\"wp-image-68\" srcset=\"https:\/\/sanalhavacilik.com.tr\/wp-content\/uploads\/2023\/01\/Set2.png 730w, https:\/\/sanalhavacilik.com.tr\/wp-content\/uploads\/2023\/01\/Set2-300x240.png 300w\" sizes=\"(max-width: 730px) 100vw, 730px\" \/><\/figure>\n<\/div>\n\n\n<p><\/p>\n\n\n\n<p><\/p>\n\n\n<div class=\"wp-block-image\">\n<figure class=\"aligncenter size-full\"><img loading=\"lazy\" decoding=\"async\" width=\"705\" height=\"249\" src=\"https:\/\/sanalhavacilik.com.tr\/wp-content\/uploads\/2023\/01\/setKapak.png\" alt=\"\" class=\"wp-image-88\" srcset=\"https:\/\/sanalhavacilik.com.tr\/wp-content\/uploads\/2023\/01\/setKapak.png 705w, https:\/\/sanalhavacilik.com.tr\/wp-content\/uploads\/2023\/01\/setKapak-300x106.png 300w\" sizes=\"(max-width: 705px) 100vw, 705px\" \/><\/figure>\n<\/div>\n\n\n<p><\/p>\n\n\n\n<p><\/p>\n\n\n\n<p><\/p>\n\n\n<div class=\"wp-block-image\">\n<figure class=\"aligncenter size-full\"><img loading=\"lazy\" decoding=\"async\" width=\"1024\" height=\"444\" src=\"https:\/\/sanalhavacilik.com.tr\/wp-content\/uploads\/2023\/03\/gecegorustakim.jpg\" alt=\"\" class=\"wp-image-306\" srcset=\"https:\/\/sanalhavacilik.com.tr\/wp-content\/uploads\/2023\/03\/gecegorustakim.jpg 1024w, https:\/\/sanalhavacilik.com.tr\/wp-content\/uploads\/2023\/03\/gecegorustakim-300x130.jpg 300w, https:\/\/sanalhavacilik.com.tr\/wp-content\/uploads\/2023\/03\/gecegorustakim-768x333.jpg 768w\" sizes=\"(max-width: 1024px) 100vw, 1024px\" \/><\/figure>\n<\/div>","protected":false},"excerpt":{"rendered":"<p>RADAR ALTIMETREMi-17 helikopterinin gece g\u00f6r\u00fc\u015f g\u00f6zl\u00fc\u011f\u00fc ile kullan\u0131lmas\u0131n\u0131 sa\u011flayan, helikopterin yerden y\u00fcksekli\u011fi analog olarak g\u00f6sterilen veriyi helikopterden gelen 28V GND ve Sinyali dijital olarak g\u00f6steren cihazd\u0131r. Bir adet ana kasa i\u00e7erisinde elektronik i\u015flemleri yapmaktad\u0131r. Sol ve sa\u011f pilot olmak \u00fczere 2 adet dijital ekran bulunmaktad\u0131r. Dijital ekranlar ye\u015fil \u0131\u015f\u0131k olarak yanmaktad\u0131r. Ye\u015fil \u0131\u015f\u0131\u011f\u0131n parlakl\u0131\u011f\u0131, y\u00fckseklik verisi de metre ve feet olarak ayarlanabilmektedir.NSN: 7050.27.071.0897 POTANS\u0130YOMETREMi-17 helikopterinin gece g\u00f6r\u00fc\u015f g\u00f6zl\u00fc\u011f\u00fc ile kullan\u0131lmas\u0131n\u0131 sa\u011flayan, kokpit i\u00e7erisindeki ayd\u0131nlatma elemanlar\u0131n\u0131n parlakl\u0131\u011f\u0131n\u0131 ayarlamay\u0131 sa\u011flayan cihazd\u0131r.NSN: 5905.27.071.0907 K\u00dc\u00c7\u00dcK BOY AMPULMi-17 helikopterinin gece g\u00f6r\u00fc\u015f g\u00f6zl\u00fc\u011f\u00fc ile kullan\u0131lmas\u0131n\u0131 sa\u011flayan, kokpit i\u00e7erisindeki panellerin ayd\u0131nlatmas\u0131nda kullan\u0131lmaktad\u0131r. 24V 0.5W de\u011ferlerinde ye\u015fil \u0131\u015f\u0131k olarak yanmaktad\u0131r. Bir set i\u00e7erisinde 250 adet bulunmaktad\u0131r.NSN: 5980.27.071.0898 PAL UCU AMPULMi-17 helikopterinde pal ucu lambas\u0131 olarak kullan\u0131lmaktad\u0131r. 7.5V 0.3W de\u011ferlerinde ye\u015fil \u0131\u015f\u0131k olarak yanmaktad\u0131r. Bir set i\u00e7erisinde 6 adet bulunmaktad\u0131r.NSN: 5980.27.071.0900 DOME LIGHT AMPULMi-17 helikopterinin gece g\u00f6r\u00fc\u015f g\u00f6zl\u00fc\u011f\u00fc ile kullan\u0131lmas\u0131n\u0131 sa\u011flayan, kokpit i\u00e7erisinde tavan lambas\u0131 olarak kullan\u0131lmaktad\u0131r. 24V 0.5W de\u011ferlerinde ye\u015fil \u0131\u015f\u0131k olarak yanmaktad\u0131r. Bir set i\u00e7erisinde 3 adet bulunmaktad\u0131r.NSN: 5980.27.071.0905 HAR\u0130TA OKUMA AMPULMi-17 helikopterinin gece g\u00f6r\u00fc\u015f g\u00f6zl\u00fc\u011f\u00fc ile kullan\u0131lmas\u0131n\u0131 sa\u011flayan, kokpit i\u00e7erisinde harita okuma lambas\u0131 olarak kullan\u0131lmaktad\u0131r. 24V 0.7W de\u011ferlerinde ye\u015fil \u0131\u015f\u0131k olarak yanmaktad\u0131r. Bir set i\u00e7erisinde 2 adet bulunmaktad\u0131r.NSN: 5980.27.071.0903 GLARE SHIELD D\u00dc\u015e\u00dcK L\u00dcMENL\u0130 AMPULMi-17 helikopterinin gece g\u00f6r\u00fc\u015f g\u00f6zl\u00fc\u011f\u00fc ile kullan\u0131lmas\u0131n\u0131 sa\u011flayan, kokpit i\u00e7erisinde telsiz ayd\u0131nlatma lambas\u0131 olarak kullan\u0131lmaktad\u0131r. 24V 0.25W de\u011ferlerinde d\u00fc\u015f\u00fck l\u00fcmenli ve ye\u015fil \u0131\u015f\u0131k olarak yanmaktad\u0131r. Bir set i\u00e7erisinde 3 adet bulunmaktad\u0131r.NSN: &#8212;-.27.&#8212;.&#8212;- GLARE SHIELD ORTA L\u00dcMENL\u0130 AMPULMi-17 helikopterinin gece g\u00f6r\u00fc\u015f g\u00f6zl\u00fc\u011f\u00fc ile kullan\u0131lmas\u0131n\u0131 sa\u011flayan, kokpit i\u00e7erisinde telsiz ayd\u0131nlatma lambas\u0131 olarak kullan\u0131lmaktad\u0131r. 24V 0.5W de\u011ferlerinde orta l\u00fcmenli ve ye\u015fil \u0131\u015f\u0131k olarak yanmaktad\u0131r. Bir set i\u00e7erisinde 3 adet bulunmaktad\u0131r.NSN: &#8212;-.27.&#8212;.&#8212;- K\u00dc\u00c7\u00dcK BOY AMPUL 2Bir set i\u00e7erisinde 20 adet bulunmaktad\u0131r.<\/p>\n","protected":false},"author":1,"featured_media":0,"parent":0,"menu_order":0,"comment_status":"closed","ping_status":"closed","template":"","meta":{"footnotes":""},"class_list":["post-56","page","type-page","status-publish","hentry"],"_links":{"self":[{"href":"https:\/\/sanalhavacilik.com.tr\/index.php?rest_route=\/wp\/v2\/pages\/56","targetHints":{"allow":["GET"]}}],"collection":[{"href":"https:\/\/sanalhavacilik.com.tr\/index.php?rest_route=\/wp\/v2\/pages"}],"about":[{"href":"https:\/\/sanalhavacilik.com.tr\/index.php?rest_route=\/wp\/v2\/types\/page"}],"author":[{"embeddable":true,"href":"https:\/\/sanalhavacilik.com.tr\/index.php?rest_route=\/wp\/v2\/users\/1"}],"replies":[{"embeddable":true,"href":"https:\/\/sanalhavacilik.com.tr\/index.php?rest_route=%2Fwp%2Fv2%2Fcomments&post=56"}],"version-history":[{"count":28,"href":"https:\/\/sanalhavacilik.com.tr\/index.php?rest_route=\/wp\/v2\/pages\/56\/revisions"}],"predecessor-version":[{"id":583,"href":"https:\/\/sanalhavacilik.com.tr\/index.php?rest_route=\/wp\/v2\/pages\/56\/revisions\/583"}],"wp:attachment":[{"href":"https:\/\/sanalhavacilik.com.tr\/index.php?rest_route=%2Fwp%2Fv2%2Fmedia&parent=56"}],"curies":[{"name":"wp","href":"https:\/\/api.w.org\/{rel}","templated":true}]}}