{"id":544,"date":"2024-12-08T16:40:56","date_gmt":"2024-12-08T13:40:56","guid":{"rendered":"https:\/\/sanalhavacilik.com.tr\/?page_id=544"},"modified":"2025-05-22T12:18:12","modified_gmt":"2025-05-22T09:18:12","slug":"cessna-172-2","status":"publish","type":"page","link":"https:\/\/sanalhavacilik.com.tr\/?page_id=544","title":{"rendered":"CESSNA-172"},"content":{"rendered":"\n<figure class=\"wp-block-image size-large\"><img fetchpriority=\"high\" decoding=\"async\" width=\"1024\" height=\"576\" src=\"https:\/\/sanalhavacilik.com.tr\/wp-content\/uploads\/2025\/05\/WhatsApp-Image-2024-11-11-at-16.18.13-1024x576.jpg\" alt=\"\" class=\"wp-image-1053\" srcset=\"https:\/\/sanalhavacilik.com.tr\/wp-content\/uploads\/2025\/05\/WhatsApp-Image-2024-11-11-at-16.18.13-1024x576.jpg 1024w, https:\/\/sanalhavacilik.com.tr\/wp-content\/uploads\/2025\/05\/WhatsApp-Image-2024-11-11-at-16.18.13-300x169.jpg 300w, https:\/\/sanalhavacilik.com.tr\/wp-content\/uploads\/2025\/05\/WhatsApp-Image-2024-11-11-at-16.18.13-768x432.jpg 768w, https:\/\/sanalhavacilik.com.tr\/wp-content\/uploads\/2025\/05\/WhatsApp-Image-2024-11-11-at-16.18.13-1536x864.jpg 1536w, https:\/\/sanalhavacilik.com.tr\/wp-content\/uploads\/2025\/05\/WhatsApp-Image-2024-11-11-at-16.18.13-1920x1080.jpg 1920w, https:\/\/sanalhavacilik.com.tr\/wp-content\/uploads\/2025\/05\/WhatsApp-Image-2024-11-11-at-16.18.13.jpg 2048w\" sizes=\"(max-width: 1024px) 100vw, 1024px\" \/><\/figure>\n\n\n\n<p class=\"has-text-align-left\"><strong>U\u00e7u\u015f e\u011fitimleri hem askeri hem de sivil havac\u0131l\u0131kta olduk\u00e7a maliyetli faaliyetler olmakla birlikte u\u00e7u\u015f<br>operasyonlar\u0131n\u0131n s\u00fcrd\u00fcr\u00fclebilirli\u011fi i\u00e7in vazge\u00e7ilmezdir \u0130lk u\u00e7u\u015f sim\u00fclat\u00f6rleri y\u00fcksek maliyetlere neden olan<br>yurtd\u0131\u015f\u0131 teminler ile sa\u011flanmakta iken daha sonra yerli u\u00e7u\u015f sim\u00fclat\u00f6rleri \u00fcretilmeye ba\u015flanm\u0131\u015ft\u0131r Ancak<br>ger\u00e7ek kokpit ve u\u00e7u\u015f deneyimi veren y\u00fcksek performansl\u0131 sim\u00fclat\u00f6rler \u00fcretmek hala olduk\u00e7a \u00f6nemlidir.<\/strong><br><br><strong>Havac\u0131l\u0131k ve uzay \u00e7al\u0131\u015fmalar\u0131 g\u00fcn\u00fcm\u00fczde \u00f6nemli noktalara ula\u015fm\u0131\u015ft\u0131r \u0130nsanl\u0131 hava ara\u00e7lar\u0131n\u0131n pilot<br>ihtiya\u00e7lar\u0131 ve pilotaj e\u011fitimleri de olduk\u00e7a kritiktir Bu \u00fcr\u00fcnde yerli bir u\u00e7u\u015f sim\u00fclat\u00f6r sistemini \u00fclkemiz<br>sanayisine kazand\u0131rma gerek\u00e7esi\/amac\u0131 ile haz\u0131rlanm\u0131\u015ft\u0131r.<\/strong><br><br><strong>Bu projemizde yerli imkanlarla \u00fcretilmi\u015f bir U\u00e7u\u015f Sim\u00fclat\u00f6r Sistemi ama\u00e7lanm\u0131\u015ft\u0131r.<\/strong><br><br><strong>Sim\u00fclat\u00f6r KOSGEB destekli olup projesi tamamlanarak kapat\u0131lm\u0131\u015f ayr\u0131ca kontrol pilotu taraf\u0131ndan test<br>edilmi\u015ftir.<\/strong><\/p>\n\n\n\n<p class=\"has-text-align-left\"><strong>Detayl\u0131 bilgi i\u00e7in bizimle&nbsp;<a href=\"https:\/\/sanalhavacilik.com.tr\/?page_id=37\">ileti\u015fim<\/a>e ge\u00e7ebilirsiniz<\/strong>.<\/p>\n","protected":false},"excerpt":{"rendered":"<p>U\u00e7u\u015f e\u011fitimleri hem askeri hem de sivil havac\u0131l\u0131kta olduk\u00e7a maliyetli faaliyetler olmakla birlikte u\u00e7u\u015foperasyonlar\u0131n\u0131n s\u00fcrd\u00fcr\u00fclebilirli\u011fi i\u00e7in vazge\u00e7ilmezdir \u0130lk u\u00e7u\u015f sim\u00fclat\u00f6rleri y\u00fcksek maliyetlere neden olanyurtd\u0131\u015f\u0131 teminler ile sa\u011flanmakta iken daha sonra yerli u\u00e7u\u015f sim\u00fclat\u00f6rleri \u00fcretilmeye ba\u015flanm\u0131\u015ft\u0131r Ancakger\u00e7ek kokpit ve u\u00e7u\u015f deneyimi veren y\u00fcksek performansl\u0131 sim\u00fclat\u00f6rler \u00fcretmek hala olduk\u00e7a \u00f6nemlidir. Havac\u0131l\u0131k ve uzay \u00e7al\u0131\u015fmalar\u0131 g\u00fcn\u00fcm\u00fczde \u00f6nemli noktalara ula\u015fm\u0131\u015ft\u0131r \u0130nsanl\u0131 hava ara\u00e7lar\u0131n\u0131n pilotihtiya\u00e7lar\u0131 ve pilotaj e\u011fitimleri de olduk\u00e7a kritiktir Bu \u00fcr\u00fcnde yerli bir u\u00e7u\u015f sim\u00fclat\u00f6r sistemini \u00fclkemizsanayisine kazand\u0131rma gerek\u00e7esi\/amac\u0131 ile haz\u0131rlanm\u0131\u015ft\u0131r. Bu projemizde yerli imkanlarla \u00fcretilmi\u015f bir U\u00e7u\u015f Sim\u00fclat\u00f6r Sistemi ama\u00e7lanm\u0131\u015ft\u0131r. Sim\u00fclat\u00f6r KOSGEB destekli olup projesi tamamlanarak kapat\u0131lm\u0131\u015f ayr\u0131ca kontrol pilotu taraf\u0131ndan testedilmi\u015ftir. Detayl\u0131 bilgi i\u00e7in bizimle&nbsp;ileti\u015fime ge\u00e7ebilirsiniz.<\/p>\n","protected":false},"author":1,"featured_media":0,"parent":0,"menu_order":0,"comment_status":"closed","ping_status":"closed","template":"","meta":{"footnotes":""},"class_list":["post-544","page","type-page","status-publish","hentry"],"_links":{"self":[{"href":"https:\/\/sanalhavacilik.com.tr\/index.php?rest_route=\/wp\/v2\/pages\/544","targetHints":{"allow":["GET"]}}],"collection":[{"href":"https:\/\/sanalhavacilik.com.tr\/index.php?rest_route=\/wp\/v2\/pages"}],"about":[{"href":"https:\/\/sanalhavacilik.com.tr\/index.php?rest_route=\/wp\/v2\/types\/page"}],"author":[{"embeddable":true,"href":"https:\/\/sanalhavacilik.com.tr\/index.php?rest_route=\/wp\/v2\/users\/1"}],"replies":[{"embeddable":true,"href":"https:\/\/sanalhavacilik.com.tr\/index.php?rest_route=%2Fwp%2Fv2%2Fcomments&post=544"}],"version-history":[{"count":17,"href":"https:\/\/sanalhavacilik.com.tr\/index.php?rest_route=\/wp\/v2\/pages\/544\/revisions"}],"predecessor-version":[{"id":1054,"href":"https:\/\/sanalhavacilik.com.tr\/index.php?rest_route=\/wp\/v2\/pages\/544\/revisions\/1054"}],"wp:attachment":[{"href":"https:\/\/sanalhavacilik.com.tr\/index.php?rest_route=%2Fwp%2Fv2%2Fmedia&parent=544"}],"curies":[{"name":"wp","href":"https:\/\/api.w.org\/{rel}","templated":true}]}}