{"id":535,"date":"2024-12-08T16:35:27","date_gmt":"2024-12-08T13:35:27","guid":{"rendered":"https:\/\/sanalhavacilik.com.tr\/?page_id=535"},"modified":"2024-12-09T22:12:06","modified_gmt":"2024-12-09T19:12:06","slug":"aviyonikler","status":"publish","type":"page","link":"https:\/\/sanalhavacilik.com.tr\/?page_id=535","title":{"rendered":"Aviyonikler"},"content":{"rendered":"\n<p>Bu cihazlar kendi kodlar\u0131yla \u00e7al\u0131\u015f\u0131r. Yani, t\u00fcm komutlar\u0131, sahip oldu\u011fu anahtar pozisyonlar\u0131n\u0131 ve verileri I2C \u00fczerinden herhangi bir mikrodenetleyiciye g\u00f6ndermek veya almak isterseniz, herhangi bir sim\u00fclat\u00f6r yaz\u0131l\u0131m\u0131na kolayca ba\u011flayabilirsiniz.<\/p>\n\n\n\n<h2 class=\"wp-block-heading\">KR-87 ADF CONTROL PANEL<\/h2>\n\n\n\n<figure class=\"wp-block-video\"><video height=\"1080\" style=\"aspect-ratio: 1920 \/ 1080;\" width=\"1920\" controls src=\"https:\/\/sanalhavacilik.com.tr\/wp-content\/uploads\/2023\/09\/aviyonik6_KR87.mp4\"><\/video><\/figure>\n\n\n\n<h2 class=\"wp-block-heading\">KX-155 NAV\/COM CONTROL PANEL<\/h2>\n\n\n\n<figure class=\"wp-block-video\"><video height=\"1080\" style=\"aspect-ratio: 1920 \/ 1080;\" width=\"1920\" controls src=\"https:\/\/sanalhavacilik.com.tr\/wp-content\/uploads\/2023\/09\/aviyonik4_KX155.mp4\"><\/video><\/figure>\n\n\n\n<h2 class=\"wp-block-heading\">KAP-140 AUTOPILOT CONTROL PANEL<\/h2>\n\n\n\n<figure class=\"wp-block-video\"><video height=\"1080\" style=\"aspect-ratio: 1920 \/ 1080;\" width=\"1920\" controls src=\"https:\/\/sanalhavacilik.com.tr\/wp-content\/uploads\/2023\/09\/aviyonik2_KAP140.mp4\"><\/video><\/figure>\n\n\n\n<h2 class=\"wp-block-heading\">KMA-26 INTERCOM CONTROL PANEL<\/h2>\n\n\n\n<figure class=\"wp-block-video\"><video height=\"1080\" style=\"aspect-ratio: 1920 \/ 1080;\" width=\"1920\" controls src=\"https:\/\/sanalhavacilik.com.tr\/wp-content\/uploads\/2023\/09\/aviyonik1_KMA26.mp4\"><\/video><\/figure>\n\n\n\n<h2 class=\"wp-block-heading\">KN-62A DME CONTROL PANEL<\/h2>\n\n\n\n<figure class=\"wp-block-video\"><video height=\"1080\" style=\"aspect-ratio: 1920 \/ 1080;\" width=\"1920\" controls src=\"https:\/\/sanalhavacilik.com.tr\/wp-content\/uploads\/2023\/09\/aviyonik5_KN62A.mp4\"><\/video><\/figure>\n\n\n\n<h2 class=\"wp-block-heading\">KT-76C TRANSPONDER CONTROL PANEL<\/h2>\n\n\n\n<figure class=\"wp-block-video\"><video height=\"1080\" style=\"aspect-ratio: 1920 \/ 1080;\" width=\"1920\" controls src=\"https:\/\/sanalhavacilik.com.tr\/wp-content\/uploads\/2023\/09\/aviyonik3_KT76C.mp4\"><\/video><\/figure>\n\n\n\n<h2 class=\"wp-block-heading\">KR-87 ADF CONTROL PANEL<\/h2>\n\n\n\n<figure class=\"wp-block-video\"><video height=\"1080\" style=\"aspect-ratio: 1920 \/ 1080;\" width=\"1920\" controls src=\"https:\/\/sanalhavacilik.com.tr\/wp-content\/uploads\/2023\/09\/aviyonik6_KR87.mp4\"><\/video><\/figure>\n\n\n\n<h2 class=\"wp-block-heading\">KX-155 NAV\/COM CONTROL PANEL<\/h2>\n\n\n\n<figure class=\"wp-block-video\"><video height=\"1080\" style=\"aspect-ratio: 1920 \/ 1080;\" width=\"1920\" controls src=\"https:\/\/sanalhavacilik.com.tr\/wp-content\/uploads\/2023\/09\/aviyonik4_KX155.mp4\"><\/video><\/figure>\n\n\n\n<h2 class=\"wp-block-heading\">KAP-140 AUTOPILOT CONTROL PANEL<\/h2>\n\n\n\n<figure class=\"wp-block-video\"><video height=\"1080\" style=\"aspect-ratio: 1920 \/ 1080;\" width=\"1920\" controls src=\"https:\/\/sanalhavacilik.com.tr\/wp-content\/uploads\/2023\/09\/aviyonik2_KAP140.mp4\"><\/video><\/figure>\n\n\n\n<h2 class=\"wp-block-heading\">KMA-26 INTERCOM CONTROL PANEL<\/h2>\n\n\n\n<figure class=\"wp-block-video\"><video height=\"1080\" style=\"aspect-ratio: 1920 \/ 1080;\" width=\"1920\" controls src=\"https:\/\/sanalhavacilik.com.tr\/wp-content\/uploads\/2023\/09\/aviyonik1_KMA26.mp4\"><\/video><\/figure>\n\n\n\n<h2 class=\"wp-block-heading\">KN-62A DME CONTROL PANEL<\/h2>\n\n\n\n<figure class=\"wp-block-video\"><video height=\"1080\" style=\"aspect-ratio: 1920 \/ 1080;\" width=\"1920\" controls src=\"https:\/\/sanalhavacilik.com.tr\/wp-content\/uploads\/2023\/09\/aviyonik5_KN62A.mp4\"><\/video><\/figure>\n\n\n\n<h2 class=\"wp-block-heading\">KT-76C TRANSPONDER CONTROL PANEL<\/h2>\n\n\n\n<figure class=\"wp-block-video\"><video height=\"1080\" style=\"aspect-ratio: 1920 \/ 1080;\" width=\"1920\" controls src=\"https:\/\/sanalhavacilik.com.tr\/wp-content\/uploads\/2023\/09\/aviyonik3_KT76C.mp4\"><\/video><\/figure>\n","protected":false},"excerpt":{"rendered":"<p>Bu cihazlar kendi kodlar\u0131yla \u00e7al\u0131\u015f\u0131r. Yani, t\u00fcm komutlar\u0131, sahip oldu\u011fu anahtar pozisyonlar\u0131n\u0131 ve verileri I2C \u00fczerinden herhangi bir mikrodenetleyiciye g\u00f6ndermek veya almak isterseniz, herhangi bir sim\u00fclat\u00f6r yaz\u0131l\u0131m\u0131na kolayca ba\u011flayabilirsiniz. KR-87 ADF CONTROL PANEL KX-155 NAV\/COM CONTROL PANEL KAP-140 AUTOPILOT CONTROL PANEL KMA-26 INTERCOM CONTROL PANEL KN-62A DME CONTROL PANEL KT-76C TRANSPONDER CONTROL PANEL KR-87 ADF CONTROL PANEL KX-155 NAV\/COM CONTROL PANEL KAP-140 AUTOPILOT CONTROL PANEL KMA-26 INTERCOM CONTROL PANEL KN-62A DME CONTROL PANEL KT-76C TRANSPONDER CONTROL PANEL<\/p>\n","protected":false},"author":1,"featured_media":0,"parent":0,"menu_order":0,"comment_status":"closed","ping_status":"closed","template":"","meta":{"footnotes":""},"class_list":["post-535","page","type-page","status-publish","hentry"],"_links":{"self":[{"href":"https:\/\/sanalhavacilik.com.tr\/index.php?rest_route=\/wp\/v2\/pages\/535","targetHints":{"allow":["GET"]}}],"collection":[{"href":"https:\/\/sanalhavacilik.com.tr\/index.php?rest_route=\/wp\/v2\/pages"}],"about":[{"href":"https:\/\/sanalhavacilik.com.tr\/index.php?rest_route=\/wp\/v2\/types\/page"}],"author":[{"embeddable":true,"href":"https:\/\/sanalhavacilik.com.tr\/index.php?rest_route=\/wp\/v2\/users\/1"}],"replies":[{"embeddable":true,"href":"https:\/\/sanalhavacilik.com.tr\/index.php?rest_route=%2Fwp%2Fv2%2Fcomments&post=535"}],"version-history":[{"count":4,"href":"https:\/\/sanalhavacilik.com.tr\/index.php?rest_route=\/wp\/v2\/pages\/535\/revisions"}],"predecessor-version":[{"id":754,"href":"https:\/\/sanalhavacilik.com.tr\/index.php?rest_route=\/wp\/v2\/pages\/535\/revisions\/754"}],"wp:attachment":[{"href":"https:\/\/sanalhavacilik.com.tr\/index.php?rest_route=%2Fwp%2Fv2%2Fmedia&parent=535"}],"curies":[{"name":"wp","href":"https:\/\/api.w.org\/{rel}","templated":true}]}}