{"id":47,"date":"2023-01-31T13:49:18","date_gmt":"2023-01-31T13:49:18","guid":{"rendered":"https:\/\/sanalhavacilik.com.tr\/?page_id=47"},"modified":"2023-12-12T17:40:56","modified_gmt":"2023-12-12T14:40:56","slug":"ics-converter","status":"publish","type":"page","link":"https:\/\/sanalhavacilik.com.tr\/?page_id=47","title":{"rendered":"ICS Converter"},"content":{"rendered":"\n<p class=\"has-text-align-center\">Rus yap\u0131m\u0131 hava ara\u00e7lar\u0131n\u0131n i\u00e7 konu\u015fma sistemlerini, Amerikan standard\u0131ndaki kask ve kulakl\u0131klara adapte eden cihazd\u0131r. Herhangi bir modifikasyon ayar gerektirmez tak \u00e7al\u0131\u015ft\u0131r \u00f6zelliklidir. Tamamen yerli ve milli olup firmam\u0131z taraf\u0131ndan geli\u015ftirilmi\u015ftir.<\/p>\n\n\n<div class=\"wp-block-image\">\n<figure class=\"aligncenter size-full\"><img fetchpriority=\"high\" decoding=\"async\" width=\"714\" height=\"276\" src=\"https:\/\/sanalhavacilik.com.tr\/wp-content\/uploads\/2023\/01\/ics_1.png\" alt=\"\" class=\"wp-image-48\" srcset=\"https:\/\/sanalhavacilik.com.tr\/wp-content\/uploads\/2023\/01\/ics_1.png 714w, https:\/\/sanalhavacilik.com.tr\/wp-content\/uploads\/2023\/01\/ics_1-300x116.png 300w\" sizes=\"(max-width: 714px) 100vw, 714px\" \/><\/figure>\n<\/div>\n\n<div class=\"wp-block-image\">\n<figure class=\"aligncenter size-full\"><img decoding=\"async\" width=\"686\" height=\"555\" src=\"https:\/\/sanalhavacilik.com.tr\/wp-content\/uploads\/2023\/01\/ics_2.png\" alt=\"\" class=\"wp-image-49\" srcset=\"https:\/\/sanalhavacilik.com.tr\/wp-content\/uploads\/2023\/01\/ics_2.png 686w, https:\/\/sanalhavacilik.com.tr\/wp-content\/uploads\/2023\/01\/ics_2-300x243.png 300w\" sizes=\"(max-width: 686px) 100vw, 686px\" \/><\/figure>\n<\/div>\n\n\n<p>\u0421\u041f\u0423-7 intercom system convert to U-171 standart helmet<\/p>\n\n\n\n<p>Mi-8 Helikopter intercom system convert to NATO HELMET<\/p>\n\n\n\n<p>Mi-17 Helikopter intercom system convert to NATO HELMET<\/p>\n\n\n\n<p>Russian Helikopter intercom system convert to NATO HELMET<\/p>\n\n\n\n<p>Russian Helikopter intercom system convert to U-171 standart headphone<\/p>\n","protected":false},"excerpt":{"rendered":"<p>Rus yap\u0131m\u0131 hava ara\u00e7lar\u0131n\u0131n i\u00e7 konu\u015fma sistemlerini, Amerikan standard\u0131ndaki kask ve kulakl\u0131klara adapte eden cihazd\u0131r. Herhangi bir modifikasyon ayar gerektirmez tak \u00e7al\u0131\u015ft\u0131r \u00f6zelliklidir. Tamamen yerli ve milli olup firmam\u0131z taraf\u0131ndan geli\u015ftirilmi\u015ftir. \u0421\u041f\u0423-7 intercom system convert to U-171 standart helmet Mi-8 Helikopter intercom system convert to NATO HELMET Mi-17 Helikopter intercom system convert to NATO HELMET Russian Helikopter intercom system convert to NATO HELMET Russian Helikopter intercom system convert to U-171 standart headphone<\/p>\n","protected":false},"author":1,"featured_media":0,"parent":0,"menu_order":0,"comment_status":"closed","ping_status":"closed","template":"","meta":{"footnotes":""},"class_list":["post-47","page","type-page","status-publish","hentry"],"_links":{"self":[{"href":"https:\/\/sanalhavacilik.com.tr\/index.php?rest_route=\/wp\/v2\/pages\/47","targetHints":{"allow":["GET"]}}],"collection":[{"href":"https:\/\/sanalhavacilik.com.tr\/index.php?rest_route=\/wp\/v2\/pages"}],"about":[{"href":"https:\/\/sanalhavacilik.com.tr\/index.php?rest_route=\/wp\/v2\/types\/page"}],"author":[{"embeddable":true,"href":"https:\/\/sanalhavacilik.com.tr\/index.php?rest_route=\/wp\/v2\/users\/1"}],"replies":[{"embeddable":true,"href":"https:\/\/sanalhavacilik.com.tr\/index.php?rest_route=%2Fwp%2Fv2%2Fcomments&post=47"}],"version-history":[{"count":3,"href":"https:\/\/sanalhavacilik.com.tr\/index.php?rest_route=\/wp\/v2\/pages\/47\/revisions"}],"predecessor-version":[{"id":261,"href":"https:\/\/sanalhavacilik.com.tr\/index.php?rest_route=\/wp\/v2\/pages\/47\/revisions\/261"}],"wp:attachment":[{"href":"https:\/\/sanalhavacilik.com.tr\/index.php?rest_route=%2Fwp%2Fv2%2Fmedia&parent=47"}],"curies":[{"name":"wp","href":"https:\/\/api.w.org\/{rel}","templated":true}]}}