{"id":406,"date":"2023-11-06T13:08:08","date_gmt":"2023-11-06T10:08:08","guid":{"rendered":"https:\/\/sanalhavacilik.com.tr\/?page_id=406"},"modified":"2024-12-09T22:01:29","modified_gmt":"2024-12-09T19:01:29","slug":"yetenek-testleri","status":"publish","type":"page","link":"https:\/\/sanalhavacilik.com.tr\/?page_id=406","title":{"rendered":"Yetenek Testleri"},"content":{"rendered":"\n<p class=\"has-text-align-center\">Kurumlar\u0131n\u0131za Alaca\u011f\u0131n\u0131z Personellere Yetenek Testlerimizi Uygulay\u0131n !!!<\/p>\n\n\n\n<p class=\"has-text-align-center\">Zihinsel Hesaplama, G\u00f6rsel Haf\u0131za, Karakter \u0130zleme, Alg\u0131sal H\u0131z, S\u0131ral\u0131-S\u0131ras\u0131z \u015eekiller, Psikomotor Beceriler, Uzaysal Oryantasyon, \u00c7al\u0131\u015fan Bellek Aral\u0131\u011f\u0131, Y\u00f6n Testi gibi testlerle veya sizlerin istedi\u011fi test \u00e7e\u015fitlerini de sistemimize entegre ederek kurumunuza kalifiyeli personel almak i\u00e7in bu sistemimizden yararlanabilirsiniz.<\/p>\n\n\n\n<p><\/p>\n\n\n<div class=\"wp-block-image\">\n<figure class=\"aligncenter size-full\"><img fetchpriority=\"high\" decoding=\"async\" width=\"1024\" height=\"576\" src=\"https:\/\/sanalhavacilik.com.tr\/wp-content\/uploads\/2023\/11\/yetenek1.jpg\" alt=\"\" class=\"wp-image-407\" srcset=\"https:\/\/sanalhavacilik.com.tr\/wp-content\/uploads\/2023\/11\/yetenek1.jpg 1024w, https:\/\/sanalhavacilik.com.tr\/wp-content\/uploads\/2023\/11\/yetenek1-300x169.jpg 300w, https:\/\/sanalhavacilik.com.tr\/wp-content\/uploads\/2023\/11\/yetenek1-768x432.jpg 768w\" sizes=\"(max-width: 1024px) 100vw, 1024px\" \/><\/figure>\n<\/div>\n\n\n<p><\/p>\n\n\n<div class=\"wp-block-image\">\n<figure class=\"aligncenter size-full\"><img decoding=\"async\" width=\"1024\" height=\"576\" src=\"https:\/\/sanalhavacilik.com.tr\/wp-content\/uploads\/2023\/11\/yetenek2.jpg\" alt=\"\" class=\"wp-image-408\" srcset=\"https:\/\/sanalhavacilik.com.tr\/wp-content\/uploads\/2023\/11\/yetenek2.jpg 1024w, https:\/\/sanalhavacilik.com.tr\/wp-content\/uploads\/2023\/11\/yetenek2-300x169.jpg 300w, https:\/\/sanalhavacilik.com.tr\/wp-content\/uploads\/2023\/11\/yetenek2-768x432.jpg 768w\" sizes=\"(max-width: 1024px) 100vw, 1024px\" \/><\/figure>\n<\/div>\n\n\n<p><\/p>\n\n\n<div class=\"wp-block-image\">\n<figure class=\"aligncenter size-full\"><img decoding=\"async\" width=\"1024\" height=\"576\" src=\"https:\/\/sanalhavacilik.com.tr\/wp-content\/uploads\/2023\/11\/yetenek3.jpg\" alt=\"\" class=\"wp-image-409\" srcset=\"https:\/\/sanalhavacilik.com.tr\/wp-content\/uploads\/2023\/11\/yetenek3.jpg 1024w, https:\/\/sanalhavacilik.com.tr\/wp-content\/uploads\/2023\/11\/yetenek3-300x169.jpg 300w, https:\/\/sanalhavacilik.com.tr\/wp-content\/uploads\/2023\/11\/yetenek3-768x432.jpg 768w\" sizes=\"(max-width: 1024px) 100vw, 1024px\" \/><\/figure>\n<\/div>\n\n\n<p><\/p>\n\n\n\n<p class=\"has-text-align-center\">Projenin tamam\u0131&nbsp;<a href=\"https:\/\/www.youtube.com\/watch?v=Le-YyFR5EnI\" target=\"_blank\" rel=\"noreferrer noopener\">Youtube<\/a>&nbsp;kanal\u0131m\u0131zda.<\/p>\n\n\n\n<p class=\"has-text-align-center\">Kendi projelerinize entegre etmek, sat\u0131n almak i\u00e7in bizimle&nbsp;<a rel=\"noreferrer noopener\" href=\"https:\/\/sanalhavacilik.com.tr\/index.php\/iletisim\/\" target=\"_blank\">\u0130leti\u015fime<\/a>&nbsp;ge\u00e7ebilirsiniz.<\/p>\n","protected":false},"excerpt":{"rendered":"<p>Kurumlar\u0131n\u0131za Alaca\u011f\u0131n\u0131z Personellere Yetenek Testlerimizi Uygulay\u0131n !!! Zihinsel Hesaplama, G\u00f6rsel Haf\u0131za, Karakter \u0130zleme, Alg\u0131sal H\u0131z, S\u0131ral\u0131-S\u0131ras\u0131z \u015eekiller, Psikomotor Beceriler, Uzaysal Oryantasyon, \u00c7al\u0131\u015fan Bellek Aral\u0131\u011f\u0131, Y\u00f6n Testi gibi testlerle veya sizlerin istedi\u011fi test \u00e7e\u015fitlerini de sistemimize entegre ederek kurumunuza kalifiyeli personel almak i\u00e7in bu sistemimizden yararlanabilirsiniz. Projenin tamam\u0131&nbsp;Youtube&nbsp;kanal\u0131m\u0131zda. Kendi projelerinize entegre etmek, sat\u0131n almak i\u00e7in bizimle&nbsp;\u0130leti\u015fime&nbsp;ge\u00e7ebilirsiniz.<\/p>\n","protected":false},"author":1,"featured_media":0,"parent":0,"menu_order":0,"comment_status":"closed","ping_status":"closed","template":"","meta":{"footnotes":""},"class_list":["post-406","page","type-page","status-publish","hentry"],"_links":{"self":[{"href":"https:\/\/sanalhavacilik.com.tr\/index.php?rest_route=\/wp\/v2\/pages\/406","targetHints":{"allow":["GET"]}}],"collection":[{"href":"https:\/\/sanalhavacilik.com.tr\/index.php?rest_route=\/wp\/v2\/pages"}],"about":[{"href":"https:\/\/sanalhavacilik.com.tr\/index.php?rest_route=\/wp\/v2\/types\/page"}],"author":[{"embeddable":true,"href":"https:\/\/sanalhavacilik.com.tr\/index.php?rest_route=\/wp\/v2\/users\/1"}],"replies":[{"embeddable":true,"href":"https:\/\/sanalhavacilik.com.tr\/index.php?rest_route=%2Fwp%2Fv2%2Fcomments&post=406"}],"version-history":[{"count":10,"href":"https:\/\/sanalhavacilik.com.tr\/index.php?rest_route=\/wp\/v2\/pages\/406\/revisions"}],"predecessor-version":[{"id":421,"href":"https:\/\/sanalhavacilik.com.tr\/index.php?rest_route=\/wp\/v2\/pages\/406\/revisions\/421"}],"wp:attachment":[{"href":"https:\/\/sanalhavacilik.com.tr\/index.php?rest_route=%2Fwp%2Fv2%2Fmedia&parent=406"}],"curies":[{"name":"wp","href":"https:\/\/api.w.org\/{rel}","templated":true}]}}