{"id":347,"date":"2023-07-11T13:04:40","date_gmt":"2023-07-11T10:04:40","guid":{"rendered":"https:\/\/sanalhavacilik.com.tr\/?page_id=347"},"modified":"2023-12-12T17:41:28","modified_gmt":"2023-12-12T14:41:28","slug":"simulator-gostergeleri-motor-ve-yazilimi","status":"publish","type":"page","link":"https:\/\/sanalhavacilik.com.tr\/?page_id=347","title":{"rendered":"Sim\u00fclat\u00f6r G\u00f6stergeleri Motor ve Yaz\u0131l\u0131m\u0131"},"content":{"rendered":"<div class=\"wp-block-image\">\n<figure class=\"aligncenter size-full\"><img fetchpriority=\"high\" decoding=\"async\" width=\"1024\" height=\"455\" src=\"https:\/\/sanalhavacilik.com.tr\/wp-content\/uploads\/2023\/07\/mtr2.jpg\" alt=\"\" class=\"wp-image-352\" srcset=\"https:\/\/sanalhavacilik.com.tr\/wp-content\/uploads\/2023\/07\/mtr2.jpg 1024w, https:\/\/sanalhavacilik.com.tr\/wp-content\/uploads\/2023\/07\/mtr2-300x133.jpg 300w, https:\/\/sanalhavacilik.com.tr\/wp-content\/uploads\/2023\/07\/mtr2-768x341.jpg 768w\" sizes=\"(max-width: 1024px) 100vw, 1024px\" \/><\/figure>\n<\/div>\n\n\n<p> <\/p>\n\n\n<div class=\"wp-block-image\">\n<figure class=\"aligncenter size-full\"><img decoding=\"async\" width=\"1024\" height=\"455\" src=\"https:\/\/sanalhavacilik.com.tr\/wp-content\/uploads\/2023\/07\/mtr1.jpg\" alt=\"\" class=\"wp-image-351\" srcset=\"https:\/\/sanalhavacilik.com.tr\/wp-content\/uploads\/2023\/07\/mtr1.jpg 1024w, https:\/\/sanalhavacilik.com.tr\/wp-content\/uploads\/2023\/07\/mtr1-300x133.jpg 300w, https:\/\/sanalhavacilik.com.tr\/wp-content\/uploads\/2023\/07\/mtr1-768x341.jpg 768w\" sizes=\"(max-width: 1024px) 100vw, 1024px\" \/><\/figure>\n<\/div>\n\n\n<p> <\/p>\n\n\n\n<p class=\"has-text-align-center\">Projenin tamam\u0131\u00a0<a href=\"https:\/\/www.youtube.com\/watch?v=S4pCxJVS7VQ\" data-type=\"URL\" data-id=\"https:\/\/www.youtube.com\/watch?v=S4pCxJVS7VQ\" target=\"_blank\" rel=\"noreferrer noopener\">Youtube<\/a>\u00a0kanal\u0131m\u0131zda.<\/p>\n\n\n\n<p class=\"has-text-align-center\">Kendi projelerinize entegre etmek, sat\u0131n almak i\u00e7in bizimle&nbsp;<a rel=\"noreferrer noopener\" href=\"https:\/\/sanalhavacilik.com.tr\/index.php\/iletisim\/\" target=\"_blank\">\u0130leti\u015fime<\/a>&nbsp;ge\u00e7ebilirsiniz.<\/p>\n","protected":false},"excerpt":{"rendered":"<p>Projenin tamam\u0131\u00a0Youtube\u00a0kanal\u0131m\u0131zda. Kendi projelerinize entegre etmek, sat\u0131n almak i\u00e7in bizimle&nbsp;\u0130leti\u015fime&nbsp;ge\u00e7ebilirsiniz.<\/p>\n","protected":false},"author":1,"featured_media":0,"parent":0,"menu_order":0,"comment_status":"closed","ping_status":"closed","template":"","meta":{"footnotes":""},"class_list":["post-347","page","type-page","status-publish","hentry"],"_links":{"self":[{"href":"https:\/\/sanalhavacilik.com.tr\/index.php?rest_route=\/wp\/v2\/pages\/347","targetHints":{"allow":["GET"]}}],"collection":[{"href":"https:\/\/sanalhavacilik.com.tr\/index.php?rest_route=\/wp\/v2\/pages"}],"about":[{"href":"https:\/\/sanalhavacilik.com.tr\/index.php?rest_route=\/wp\/v2\/types\/page"}],"author":[{"embeddable":true,"href":"https:\/\/sanalhavacilik.com.tr\/index.php?rest_route=\/wp\/v2\/users\/1"}],"replies":[{"embeddable":true,"href":"https:\/\/sanalhavacilik.com.tr\/index.php?rest_route=%2Fwp%2Fv2%2Fcomments&post=347"}],"version-history":[{"count":5,"href":"https:\/\/sanalhavacilik.com.tr\/index.php?rest_route=\/wp\/v2\/pages\/347\/revisions"}],"predecessor-version":[{"id":354,"href":"https:\/\/sanalhavacilik.com.tr\/index.php?rest_route=\/wp\/v2\/pages\/347\/revisions\/354"}],"wp:attachment":[{"href":"https:\/\/sanalhavacilik.com.tr\/index.php?rest_route=%2Fwp%2Fv2%2Fmedia&parent=347"}],"curies":[{"name":"wp","href":"https:\/\/api.w.org\/{rel}","templated":true}]}}