{"id":190,"date":"2023-02-01T09:49:56","date_gmt":"2023-02-01T06:49:56","guid":{"rendered":"https:\/\/sanalhavacilik.com.tr\/?page_id=190"},"modified":"2023-12-12T17:41:23","modified_gmt":"2023-12-12T14:41:23","slug":"personel-aday-secme-sistemi","status":"publish","type":"page","link":"https:\/\/sanalhavacilik.com.tr\/?page_id=190","title":{"rendered":"Personel Aday Se\u00e7me Sistemi"},"content":{"rendered":"\n<h1 class=\"has-text-align-center wp-block-heading\"><mark style=\"background-color:rgba(0, 0, 0, 0)\" class=\"has-inline-color has-vivid-red-color\"><strong>PASS<\/strong><\/mark><\/h1>\n\n\n\n<p class=\"has-text-align-center\">\u0130lgili kurumun b\u00fcnyesine alaca\u011f\u0131 personele uygulad\u0131\u011f\u0131 yetenek testleridir.<br>Bu sistem aday\u0131n g\u00f6rsel, i\u015fitsel, s\u00f6zel, say\u0131sal zekas\u0131n\u0131, alg\u0131s\u0131n\u0131, psikomotor becerisini, stres alt\u0131nda karar verme yetene\u011fini \u00f6l\u00e7en testlerden olu\u015fmaktad\u0131r.<br>Kabin, y\u00f6netici ve demo yaz\u0131l\u0131mlar\u0131 ayr\u0131 ayr\u0131 verilmektedir.<\/p>\n\n\n\n<p class=\"has-text-align-center\"><br><mark style=\"background-color:rgba(0, 0, 0, 0)\" class=\"has-inline-color has-vivid-red-color\"><strong>Kabin Yaz\u0131l\u0131m\u0131;<\/strong><\/mark> Zihinsel Hesaplama Testi, G\u00f6rsel Haf\u0131za Testi, Karakter \u0130zleme Testi, Alg\u0131sal H\u0131z Testi, Y\u00f6n Testi, \u00c7oklu G\u00f6rev Testi, Uzaysal Oryantasyon Testi olmak \u00fczere 7 ayr\u0131 mod\u00fclden olu\u015fmaktad\u0131r. Aday teste ba\u015flamadan \u00f6nce her mod\u00fclde kendini test edebilecek bir deneme mod\u00fcl\u00fc vard\u0131r. Deneme mod\u00fcl\u00fcn\u00fc \u00e7\u00f6zd\u00fckten sonra as\u0131l teste ge\u00e7mektedir. Bu mod\u00fcller iste\u011fe g\u00f6re art\u0131r\u0131l\u0131p azalt\u0131labilir. Herhangi bir elektrik kesintisinde aday en son kald\u0131\u011f\u0131 mod\u00fclden teste devam edebilir. Kabin say\u0131s\u0131 istenilen say\u0131da art\u0131r\u0131labilir.<\/p>\n\n\n\n<p class=\"has-text-align-center\"><br><mark style=\"background-color:rgba(0, 0, 0, 0)\" class=\"has-inline-color has-vivid-red-color\"><strong>Y\u00f6netici Yaz\u0131l\u0131m\u0131;<\/strong><\/mark> Aday, d\u00f6nem ve y\u00f6netici kay\u0131t, g\u00fcncelleme, silme i\u015flemleri yap\u0131l\u0131r. Her d\u00f6neme ait mod\u00fcl ayarlar\u0131 istenildi\u011fi gibi yap\u0131labilir (Mod\u00fcl i\u00e7erikleri de\u011fi\u015ftirilebilir; Soru say\u0131lar\u0131, tepki s\u00fcreleri, ba\u015far\u0131 oranlar\u0131 gibi ayarlar yap\u0131labilir). D\u00f6nem ve mod\u00fcl baz\u0131nda ba\u015far\u0131 s\u0131ralamas\u0131 al\u0131nabilir. Test sonu\u00e7lar\u0131 ayr\u0131nt\u0131l\u0131 olarak listelenebilir. Esnek filtreleme ve raporlama yap\u0131labilir. Aday istenilen kabinde teste ba\u015flat\u0131labilir.<\/p>\n\n\n\n<p class=\"has-text-align-center\"><br><mark style=\"background-color:rgba(0, 0, 0, 0)\" class=\"has-inline-color has-vivid-red-color\"><strong>Demo Yaz\u0131l\u0131m\u0131;<\/strong><\/mark> Program\u0131n tan\u0131t\u0131m\u0131 ve sunum yap\u0131lmas\u0131 maksad\u0131yla demo yaz\u0131l\u0131m\u0131 haz\u0131rlanm\u0131\u015ft\u0131r. Test sonu\u00e7lar\u0131 veri taban\u0131na kaydedilmez.<\/p>\n\n\n\n<p class=\"has-text-align-center\"><br><mark style=\"background-color:rgba(0, 0, 0, 0)\" class=\"has-inline-color has-vivid-red-color\"><strong>Kabin;<\/strong><\/mark> \u015easisi demir, d\u0131\u015f\u0131 polyester, yap\u0131s\u0131 hafif, alt\u0131ndaki tekerlekler sayesinde ta\u015f\u0131nmas\u0131 kolay bir yap\u0131dad\u0131r. Bir adet ayarlanabilir koltuk, jostick seti, mouse, monit\u00f6r, kulakl\u0131k ve bilgisayar kasas\u0131 i\u00e7ermektedir.<\/p>\n\n\n<div class=\"wp-block-image\">\n<figure class=\"aligncenter size-full\"><img fetchpriority=\"high\" decoding=\"async\" width=\"936\" height=\"672\" src=\"https:\/\/sanalhavacilik.com.tr\/wp-content\/uploads\/2023\/03\/olcum_pass.png\" alt=\"\" class=\"wp-image-300\" srcset=\"https:\/\/sanalhavacilik.com.tr\/wp-content\/uploads\/2023\/03\/olcum_pass.png 936w, https:\/\/sanalhavacilik.com.tr\/wp-content\/uploads\/2023\/03\/olcum_pass-300x215.png 300w, https:\/\/sanalhavacilik.com.tr\/wp-content\/uploads\/2023\/03\/olcum_pass-768x551.png 768w\" sizes=\"(max-width: 936px) 100vw, 936px\" \/><\/figure>\n<\/div>\n\n\n<p><\/p>\n\n\n\n<p><\/p>\n\n\n<div class=\"wp-block-image\">\n<figure class=\"aligncenter size-full\"><img decoding=\"async\" width=\"936\" height=\"736\" src=\"https:\/\/sanalhavacilik.com.tr\/wp-content\/uploads\/2023\/03\/PASS.jpg\" alt=\"\" class=\"wp-image-273\" srcset=\"https:\/\/sanalhavacilik.com.tr\/wp-content\/uploads\/2023\/03\/PASS.jpg 936w, https:\/\/sanalhavacilik.com.tr\/wp-content\/uploads\/2023\/03\/PASS-300x236.jpg 300w, https:\/\/sanalhavacilik.com.tr\/wp-content\/uploads\/2023\/03\/PASS-768x604.jpg 768w\" sizes=\"(max-width: 936px) 100vw, 936px\" \/><\/figure>\n<\/div>\n\n\n<p><\/p>\n\n\n\n<p><\/p>\n\n\n<div class=\"wp-block-image\">\n<figure class=\"aligncenter size-full\"><img decoding=\"async\" width=\"937\" height=\"991\" src=\"https:\/\/sanalhavacilik.com.tr\/wp-content\/uploads\/2023\/03\/tanitim_pass.png\" alt=\"\" class=\"wp-image-298\" srcset=\"https:\/\/sanalhavacilik.com.tr\/wp-content\/uploads\/2023\/03\/tanitim_pass.png 937w, https:\/\/sanalhavacilik.com.tr\/wp-content\/uploads\/2023\/03\/tanitim_pass-284x300.png 284w, https:\/\/sanalhavacilik.com.tr\/wp-content\/uploads\/2023\/03\/tanitim_pass-768x812.png 768w\" sizes=\"(max-width: 937px) 100vw, 937px\" \/><\/figure>\n<\/div>","protected":false},"excerpt":{"rendered":"<p>PASS \u0130lgili kurumun b\u00fcnyesine alaca\u011f\u0131 personele uygulad\u0131\u011f\u0131 yetenek testleridir.Bu sistem aday\u0131n g\u00f6rsel, i\u015fitsel, s\u00f6zel, say\u0131sal zekas\u0131n\u0131, alg\u0131s\u0131n\u0131, psikomotor becerisini, stres alt\u0131nda karar verme yetene\u011fini \u00f6l\u00e7en testlerden olu\u015fmaktad\u0131r.Kabin, y\u00f6netici ve demo yaz\u0131l\u0131mlar\u0131 ayr\u0131 ayr\u0131 verilmektedir. Kabin Yaz\u0131l\u0131m\u0131; Zihinsel Hesaplama Testi, G\u00f6rsel Haf\u0131za Testi, Karakter \u0130zleme Testi, Alg\u0131sal H\u0131z Testi, Y\u00f6n Testi, \u00c7oklu G\u00f6rev Testi, Uzaysal Oryantasyon Testi olmak \u00fczere 7 ayr\u0131 mod\u00fclden olu\u015fmaktad\u0131r. Aday teste ba\u015flamadan \u00f6nce her mod\u00fclde kendini test edebilecek bir deneme mod\u00fcl\u00fc vard\u0131r. Deneme mod\u00fcl\u00fcn\u00fc \u00e7\u00f6zd\u00fckten sonra as\u0131l teste ge\u00e7mektedir. Bu mod\u00fcller iste\u011fe g\u00f6re art\u0131r\u0131l\u0131p azalt\u0131labilir. Herhangi bir elektrik kesintisinde aday en son kald\u0131\u011f\u0131 mod\u00fclden teste devam edebilir. Kabin say\u0131s\u0131 istenilen say\u0131da art\u0131r\u0131labilir. Y\u00f6netici Yaz\u0131l\u0131m\u0131; Aday, d\u00f6nem ve y\u00f6netici kay\u0131t, g\u00fcncelleme, silme i\u015flemleri yap\u0131l\u0131r. Her d\u00f6neme ait mod\u00fcl ayarlar\u0131 istenildi\u011fi gibi yap\u0131labilir (Mod\u00fcl i\u00e7erikleri de\u011fi\u015ftirilebilir; Soru say\u0131lar\u0131, tepki s\u00fcreleri, ba\u015far\u0131 oranlar\u0131 gibi ayarlar yap\u0131labilir). D\u00f6nem ve mod\u00fcl baz\u0131nda ba\u015far\u0131 s\u0131ralamas\u0131 al\u0131nabilir. Test sonu\u00e7lar\u0131 ayr\u0131nt\u0131l\u0131 olarak listelenebilir. Esnek filtreleme ve raporlama yap\u0131labilir. Aday istenilen kabinde teste ba\u015flat\u0131labilir. Demo Yaz\u0131l\u0131m\u0131; Program\u0131n tan\u0131t\u0131m\u0131 ve sunum yap\u0131lmas\u0131 maksad\u0131yla demo yaz\u0131l\u0131m\u0131 haz\u0131rlanm\u0131\u015ft\u0131r. Test sonu\u00e7lar\u0131 veri taban\u0131na kaydedilmez. Kabin; \u015easisi demir, d\u0131\u015f\u0131 polyester, yap\u0131s\u0131 hafif, alt\u0131ndaki tekerlekler sayesinde ta\u015f\u0131nmas\u0131 kolay bir yap\u0131dad\u0131r. Bir adet ayarlanabilir koltuk, jostick seti, mouse, monit\u00f6r, kulakl\u0131k ve bilgisayar kasas\u0131 i\u00e7ermektedir.<\/p>\n","protected":false},"author":1,"featured_media":0,"parent":0,"menu_order":0,"comment_status":"closed","ping_status":"closed","template":"","meta":{"footnotes":""},"class_list":["post-190","page","type-page","status-publish","hentry"],"_links":{"self":[{"href":"https:\/\/sanalhavacilik.com.tr\/index.php?rest_route=\/wp\/v2\/pages\/190","targetHints":{"allow":["GET"]}}],"collection":[{"href":"https:\/\/sanalhavacilik.com.tr\/index.php?rest_route=\/wp\/v2\/pages"}],"about":[{"href":"https:\/\/sanalhavacilik.com.tr\/index.php?rest_route=\/wp\/v2\/types\/page"}],"author":[{"embeddable":true,"href":"https:\/\/sanalhavacilik.com.tr\/index.php?rest_route=\/wp\/v2\/users\/1"}],"replies":[{"embeddable":true,"href":"https:\/\/sanalhavacilik.com.tr\/index.php?rest_route=%2Fwp%2Fv2%2Fcomments&post=190"}],"version-history":[{"count":21,"href":"https:\/\/sanalhavacilik.com.tr\/index.php?rest_route=\/wp\/v2\/pages\/190\/revisions"}],"predecessor-version":[{"id":301,"href":"https:\/\/sanalhavacilik.com.tr\/index.php?rest_route=\/wp\/v2\/pages\/190\/revisions\/301"}],"wp:attachment":[{"href":"https:\/\/sanalhavacilik.com.tr\/index.php?rest_route=%2Fwp%2Fv2%2Fmedia&parent=190"}],"curies":[{"name":"wp","href":"https:\/\/api.w.org\/{rel}","templated":true}]}}