{"id":154,"date":"2023-02-01T09:13:03","date_gmt":"2023-02-01T09:13:03","guid":{"rendered":"https:\/\/sanalhavacilik.com.tr\/?page_id=154"},"modified":"2024-12-08T15:10:30","modified_gmt":"2024-12-08T12:10:30","slug":"ders-modulu-olusturma-sistemi","status":"publish","type":"page","link":"https:\/\/sanalhavacilik.com.tr\/?page_id=154","title":{"rendered":"Ders Mod\u00fcl\u00fc Olu\u015fturma Sistemi"},"content":{"rendered":"<div class=\"wp-block-image\">\n<figure class=\"aligncenter size-large\"><img fetchpriority=\"high\" decoding=\"async\" width=\"1024\" height=\"576\" src=\"https:\/\/sanalhavacilik.com.tr\/wp-content\/uploads\/2023\/02\/dmos1-1024x576.png\" alt=\"\" class=\"wp-image-185\" srcset=\"https:\/\/sanalhavacilik.com.tr\/wp-content\/uploads\/2023\/02\/dmos1-1024x576.png 1024w, https:\/\/sanalhavacilik.com.tr\/wp-content\/uploads\/2023\/02\/dmos1-300x169.png 300w, https:\/\/sanalhavacilik.com.tr\/wp-content\/uploads\/2023\/02\/dmos1-768x432.png 768w, https:\/\/sanalhavacilik.com.tr\/wp-content\/uploads\/2023\/02\/dmos1.png 1366w\" sizes=\"(max-width: 1024px) 100vw, 1024px\" \/><\/figure>\n<\/div>\n\n\n<p><\/p>\n\n\n<div class=\"wp-block-image\">\n<figure class=\"aligncenter size-large\"><img decoding=\"async\" width=\"1024\" height=\"576\" src=\"https:\/\/sanalhavacilik.com.tr\/wp-content\/uploads\/2023\/02\/dmos2-1024x576.png\" alt=\"\" class=\"wp-image-180\" srcset=\"https:\/\/sanalhavacilik.com.tr\/wp-content\/uploads\/2023\/02\/dmos2-1024x576.png 1024w, https:\/\/sanalhavacilik.com.tr\/wp-content\/uploads\/2023\/02\/dmos2-300x169.png 300w, https:\/\/sanalhavacilik.com.tr\/wp-content\/uploads\/2023\/02\/dmos2-768x432.png 768w, https:\/\/sanalhavacilik.com.tr\/wp-content\/uploads\/2023\/02\/dmos2.png 1366w\" sizes=\"(max-width: 1024px) 100vw, 1024px\" \/><\/figure>\n<\/div>\n\n\n<p><\/p>\n\n\n\n<p class=\"has-text-align-center\">Projenin tamam\u0131\u00a0<a rel=\"noreferrer noopener\" href=\"https:\/\/www.youtube.com\/watch?v=kxw-P8L3-Kg\" data-type=\"URL\" data-id=\"https:\/\/www.youtube.com\/watch?v=kxw-P8L3-Kg\" target=\"_blank\">Youtube<\/a>\u00a0kanal\u0131m\u0131zda.<\/p>\n\n\n\n<p class=\"has-text-align-center\">Kendi projelerinize entegre etmek, sat\u0131n almak i\u00e7in bizimle&nbsp;<a rel=\"noreferrer noopener\" href=\"https:\/\/sanalhavacilik.com.tr\/index.php\/iletisim\/\" target=\"_blank\">\u0130leti\u015fime<\/a>&nbsp;ge\u00e7ebilirsiniz.<\/p>\n","protected":false},"excerpt":{"rendered":"<p>Projenin tamam\u0131\u00a0Youtube\u00a0kanal\u0131m\u0131zda. Kendi projelerinize entegre etmek, sat\u0131n almak i\u00e7in bizimle&nbsp;\u0130leti\u015fime&nbsp;ge\u00e7ebilirsiniz.<\/p>\n","protected":false},"author":1,"featured_media":0,"parent":0,"menu_order":0,"comment_status":"closed","ping_status":"closed","template":"","meta":{"footnotes":""},"class_list":["post-154","page","type-page","status-publish","hentry"],"_links":{"self":[{"href":"https:\/\/sanalhavacilik.com.tr\/index.php?rest_route=\/wp\/v2\/pages\/154","targetHints":{"allow":["GET"]}}],"collection":[{"href":"https:\/\/sanalhavacilik.com.tr\/index.php?rest_route=\/wp\/v2\/pages"}],"about":[{"href":"https:\/\/sanalhavacilik.com.tr\/index.php?rest_route=\/wp\/v2\/types\/page"}],"author":[{"embeddable":true,"href":"https:\/\/sanalhavacilik.com.tr\/index.php?rest_route=\/wp\/v2\/users\/1"}],"replies":[{"embeddable":true,"href":"https:\/\/sanalhavacilik.com.tr\/index.php?rest_route=%2Fwp%2Fv2%2Fcomments&post=154"}],"version-history":[{"count":8,"href":"https:\/\/sanalhavacilik.com.tr\/index.php?rest_route=\/wp\/v2\/pages\/154\/revisions"}],"predecessor-version":[{"id":189,"href":"https:\/\/sanalhavacilik.com.tr\/index.php?rest_route=\/wp\/v2\/pages\/154\/revisions\/189"}],"wp:attachment":[{"href":"https:\/\/sanalhavacilik.com.tr\/index.php?rest_route=%2Fwp%2Fv2%2Fmedia&parent=154"}],"curies":[{"name":"wp","href":"https:\/\/api.w.org\/{rel}","templated":true}]}}