{"id":1537,"date":"2026-05-14T19:06:58","date_gmt":"2026-05-14T16:06:58","guid":{"rendered":"https:\/\/sanalhavacilik.com.tr\/?page_id=1537"},"modified":"2026-05-14T19:07:27","modified_gmt":"2026-05-14T16:07:27","slug":"xr-ambulans-simulatoru","status":"publish","type":"page","link":"https:\/\/sanalhavacilik.com.tr\/?page_id=1537","title":{"rendered":"XR Ambulans Sim\u00fclat\u00f6r\u00fc"},"content":{"rendered":"","protected":false},"excerpt":{"rendered":"","protected":false},"author":1,"featured_media":0,"parent":0,"menu_order":0,"comment_status":"closed","ping_status":"closed","template":"","meta":{"footnotes":""},"class_list":["post-1537","page","type-page","status-publish","hentry"],"_links":{"self":[{"href":"https:\/\/sanalhavacilik.com.tr\/index.php?rest_route=\/wp\/v2\/pages\/1537","targetHints":{"allow":["GET"]}}],"collection":[{"href":"https:\/\/sanalhavacilik.com.tr\/index.php?rest_route=\/wp\/v2\/pages"}],"about":[{"href":"https:\/\/sanalhavacilik.com.tr\/index.php?rest_route=\/wp\/v2\/types\/page"}],"author":[{"embeddable":true,"href":"https:\/\/sanalhavacilik.com.tr\/index.php?rest_route=\/wp\/v2\/users\/1"}],"replies":[{"embeddable":true,"href":"https:\/\/sanalhavacilik.com.tr\/index.php?rest_route=%2Fwp%2Fv2%2Fcomments&post=1537"}],"version-history":[{"count":5,"href":"https:\/\/sanalhavacilik.com.tr\/index.php?rest_route=\/wp\/v2\/pages\/1537\/revisions"}],"predecessor-version":[{"id":1542,"href":"https:\/\/sanalhavacilik.com.tr\/index.php?rest_route=\/wp\/v2\/pages\/1537\/revisions\/1542"}],"wp:attachment":[{"href":"https:\/\/sanalhavacilik.com.tr\/index.php?rest_route=%2Fwp%2Fv2%2Fmedia&parent=1537"}],"curies":[{"name":"wp","href":"https:\/\/api.w.org\/{rel}","templated":true}]}}