{"id":1498,"date":"2026-05-14T17:32:58","date_gmt":"2026-05-14T14:32:58","guid":{"rendered":"https:\/\/sanalhavacilik.com.tr\/?page_id=1498"},"modified":"2026-05-14T19:04:44","modified_gmt":"2026-05-14T16:04:44","slug":"arff-egitim-sim","status":"publish","type":"page","link":"https:\/\/sanalhavacilik.com.tr\/?page_id=1498","title":{"rendered":"Havaalan\u0131 Kurtarma ve Yang\u0131n S\u00f6nd\u00fcrme E\u011fitim Sim\u00fclat\u00f6r\u00fc"},"content":{"rendered":"\t\t<div data-elementor-type=\"wp-post\" data-elementor-id=\"1498\" class=\"elementor elementor-1498\">\n\t\t\t\t<div class=\"elementor-element elementor-element-cd7f919 e-flex e-con-boxed wpr-particle-no wpr-jarallax-no wpr-parallax-no wpr-sticky-section-no wpr-equal-height-no e-con e-parent\" data-id=\"cd7f919\" data-element_type=\"container\" data-e-type=\"container\">\n\t\t\t\t\t<div class=\"e-con-inner\">\n\t\t\t\t\t\t\t\t\t<div data-id=\"24c79c4\" data-interaction-id=\"24c79c4\" data-e-type=\"e-youtube\"  class=\"e-youtube-base\"  data-settings=\"&#x7B;&quot;source&quot;&#x3A;&quot;https&#x3A;&#x5C;&#x2F;&#x5C;&#x2F;youtu.be&#x5C;&#x2F;cTyH7_t9--A&quot;,&quot;autoplay&quot;&#x3A;false,&quot;mute&quot;&#x3A;false,&quot;controls&quot;&#x3A;true,&quot;cc_load_policy&quot;&#x3A;false,&quot;loop&quot;&#x3A;false,&quot;rel&quot;&#x3A;true,&quot;start&quot;&#x3A;null,&quot;end&quot;&#x3A;null,&quot;privacy&quot;&#x3A;false,&quot;lazyload&quot;&#x3A;false&#x7D;\"><\/div>\n\t\t\t\t\t<\/div>\n\t\t\t\t<\/div>\n\t\t<div class=\"elementor-element elementor-element-866d7f4 e-flex e-con-boxed wpr-particle-no wpr-jarallax-no wpr-parallax-no wpr-sticky-section-no wpr-equal-height-no e-con e-parent\" data-id=\"866d7f4\" data-element_type=\"container\" data-e-type=\"container\">\n\t\t\t\t\t<div class=\"e-con-inner\">\n\t\t<div class=\"elementor-element elementor-element-3689998 e-con-full e-flex wpr-particle-no wpr-jarallax-no wpr-parallax-no wpr-sticky-section-no wpr-equal-height-no e-con e-child\" data-id=\"3689998\" data-element_type=\"container\" data-e-type=\"container\">\n\t\t\t\t\t\t\t<h3 \n\t\tdata-interaction-id=\"56280d0\" \n\t\tclass=\"e-heading-base\" \n\t\t \n\t\t\n\t>\n\t\n\t\t\t<strong id=\"e-mp5mp2zy-vwh44ly\">Dinamik \u00c7evre ve Gece Operasyonlar\u0131<\/strong><br>sadece g\u00fcnd\u00fcz de\u011fil, <strong id=\"e-mp5mp2zy-y5fb2xy\">De\u011fi\u015fken Zamanl\u0131 \u00c7evre \u015eartlar\u0131 ve Dinamik I\u015f\u0131kland\u0131rma<\/strong> sayesinde en zorlu gece \u015fartlar\u0131nda bile operasyon yapma kabiliyeti kazan\u0131l\u0131r. Ger\u00e7ek\u00e7i \u0131\u015f\u0131k k\u0131r\u0131lmalar\u0131 ve g\u00f6lge y\u00f6netimi ile stres y\u00f6netimi en \u00fcst d\u00fczeye \u00e7\u0131kar\u0131l\u0131r.\n\t\t<\/h3>\n\t\t\t\t<\/div>\n\t\t<div class=\"elementor-element elementor-element-05eeae5 e-con-full e-flex wpr-particle-no wpr-jarallax-no wpr-parallax-no wpr-sticky-section-no wpr-equal-height-no e-con e-child\" data-id=\"05eeae5\" data-element_type=\"container\" data-e-type=\"container\">\n\t\t\t\t<div class=\"elementor-element elementor-element-27f47ac premium-adv-carousel__infinite premium-adv-carousel__horizontal elementor-widget elementor-widget-premium-media-wheel\" data-id=\"27f47ac\" data-element_type=\"widget\" data-e-type=\"widget\" data-widget_type=\"premium-media-wheel.default\">\n\t\t\t\t\t\t\t<div class=\"premium-adv-carousel-no-lightbox premium-adv-carousel__container\" data-settings=\"{&quot;type&quot;:&quot;infinite&quot;,&quot;scroll&quot;:false,&quot;speed&quot;:100,&quot;pauseOnHover&quot;:true,&quot;dir&quot;:&quot;horizontal&quot;,&quot;reverse&quot;:&quot;normal&quot;,&quot;renderEvent&quot;:&quot;scroll&quot;}\">\n\n\t\t\t<div style=\"visibility:hidden;\" class=\"premium-adv-carousel__inner-container\">\n\n\t\t\t\t<div class=\"premium-adv-carousel__items\">\n\n\t\t\t\t\t\t\t\t<div class=\"premium-adv-carousel__item-outer-wrapper\">\n\t\t\t\t<div class=\"elementor-repeater-item-e2e7acd premium-adv-carousel__item premium-adv-carousel__item-image\">\n\t\t\t\t\t<div class=\"premium-adv-carousel__media-wrap\">\n\t\t\t\t\t\t\t\t\t\t\t\t\t\t<img decoding=\"async\" src=\"https:\/\/sanalhavacilik.com.tr\/wp-content\/uploads\/2026\/05\/Ekran-goruntusu-2026-05-14-175907.png\" alt=\"Ekran g\u00f6r\u00fcnt\u00fcs\u00fc 2026-05-14 175907\" class=\"premium-adv-carousel__item-img \">\n\t\t\t\t\t\t\t\t\t\t\t\t<\/div>\n\n\t\t\t\t\t\n\t\t\t\t\t\t\t\t\t<\/div>\n\t\t\t<\/div>\n\t\t\t\t\t\t<div class=\"premium-adv-carousel__item-outer-wrapper\">\n\t\t\t\t<div class=\"elementor-repeater-item-a4c7841 premium-adv-carousel__item premium-adv-carousel__item-image\">\n\t\t\t\t\t<div class=\"premium-adv-carousel__media-wrap\">\n\t\t\t\t\t\t\t\t\t\t\t\t\t\t<img decoding=\"async\" src=\"https:\/\/sanalhavacilik.com.tr\/wp-content\/uploads\/2026\/05\/Ekran-goruntusu-2026-05-14-175840.png\" alt=\"Ekran g\u00f6r\u00fcnt\u00fcs\u00fc 2026-05-14 175840\" class=\"premium-adv-carousel__item-img \">\n\t\t\t\t\t\t\t\t\t\t\t\t<\/div>\n\n\t\t\t\t\t\n\t\t\t\t\t\t\t\t\t<\/div>\n\t\t\t<\/div>\n\t\t\t\t\t\t\t<\/div>\n\t\t\t<\/div>\n\t\t<\/div>\n\t\t\t\t\t\t<\/div>\n\t\t\t\t<\/div>\n\t\t\t\t\t<\/div>\n\t\t\t\t<\/div>\n\t\t<div class=\"elementor-element elementor-element-d5a57d3 e-flex e-con-boxed wpr-particle-no wpr-jarallax-no wpr-parallax-no wpr-sticky-section-no wpr-equal-height-no e-con e-parent\" data-id=\"d5a57d3\" data-element_type=\"container\" data-e-type=\"container\">\n\t\t\t\t\t<div class=\"e-con-inner\">\n\t\t<div class=\"elementor-element elementor-element-8309724 e-con-full e-flex wpr-particle-no wpr-jarallax-no wpr-parallax-no wpr-sticky-section-no wpr-equal-height-no e-con e-child\" data-id=\"8309724\" data-element_type=\"container\" data-e-type=\"container\">\n\t\t\t\t\t\t\t\n\t\t\t<img class=\"e-image-base e-0269348-8079df8\" \n\t\t\t\t\tdata-interaction-id=\"0269348\" \n\t\t \n\t\t \n\t\t\t\t\t\t\t\t\tid=\"1516\"\n\t\t\t\t\t\t\t\t\t\t\t\tsrc=\"https:\/\/sanalhavacilik.com.tr\/wp-content\/uploads\/2026\/05\/Ekran-goruntusu-2026-05-14-174717.png\"\n\t\t\t\t\t\t\t\t\t\t\t\twidth=\"1677\"\n\t\t\t\t\t\t\t\t\t\t\t\theight=\"980\"\n\t\t\t\t\t\t\t\t\t\t\t\tsrcset=\"https:\/\/sanalhavacilik.com.tr\/wp-content\/uploads\/2026\/05\/Ekran-goruntusu-2026-05-14-174717.png 1677w, https:\/\/sanalhavacilik.com.tr\/wp-content\/uploads\/2026\/05\/Ekran-goruntusu-2026-05-14-174717-300x175.png 300w, https:\/\/sanalhavacilik.com.tr\/wp-content\/uploads\/2026\/05\/Ekran-goruntusu-2026-05-14-174717-1024x598.png 1024w, https:\/\/sanalhavacilik.com.tr\/wp-content\/uploads\/2026\/05\/Ekran-goruntusu-2026-05-14-174717-768x449.png 768w, https:\/\/sanalhavacilik.com.tr\/wp-content\/uploads\/2026\/05\/Ekran-goruntusu-2026-05-14-174717-1536x898.png 1536w\"\n\t\t\t\t\t\t\t\t\t\t\t\talt=\"\"\n\t\t\t\t\t\t\/>\n\t\t\t\t\t<\/div>\n\t\t<div class=\"elementor-element elementor-element-9045e22 e-con-full e-flex wpr-particle-no wpr-jarallax-no wpr-parallax-no wpr-sticky-section-no wpr-equal-height-no e-con e-child\" data-id=\"9045e22\" data-element_type=\"container\" data-e-type=\"container\">\n\t\t\t\t\t\t\t<h3 \n\t\tdata-interaction-id=\"608e055\" \n\t\tclass=\"e-heading-base\" \n\t\t \n\t\t\n\t>\n\t\n\t\t\t<strong id=\"e-mp5mscie-3cd0ik7\">Hassas M\u00fcdahale Teknikleri&nbsp;<\/strong><br><strong id=\"e-mp5mscie-hooeepy\"> Su Tazyiki ve Ate\u015f S\u00f6nd\u00fcrme Mekanikleri<\/strong> ile yang\u0131n\u0131n merkezine en do\u011fru m\u00fcdahale a\u00e7\u0131s\u0131n\u0131 bulmak bir refleks haline gelir. Alevlerin suyla etkile\u015fimi ve s\u00f6nme a\u015famalar\u0131  partik\u00fcl sistemleri ile sim\u00fcle edilir.\n\t\t<\/h3>\n\t\t\t\t<\/div>\n\t\t\t\t\t<\/div>\n\t\t\t\t<\/div>\n\t\t<div class=\"elementor-element elementor-element-999a03a e-flex e-con-boxed wpr-particle-no wpr-jarallax-no wpr-parallax-no wpr-sticky-section-no wpr-equal-height-no e-con e-parent\" data-id=\"999a03a\" data-element_type=\"container\" data-e-type=\"container\">\n\t\t\t\t\t<div class=\"e-con-inner\">\n\t\t<div class=\"elementor-element elementor-element-fa1d4ba e-con-full e-flex wpr-particle-no wpr-jarallax-no wpr-parallax-no wpr-sticky-section-no wpr-equal-height-no e-con e-child\" data-id=\"fa1d4ba\" data-element_type=\"container\" data-e-type=\"container\">\n\t\t\t\t\t\t\t<h3 \n\t\tdata-interaction-id=\"7b9db57\" \n\t\tclass=\"e-heading-base\" \n\t\t \n\t\t\n\t>\n\t\n\t\t\t<strong id=\"e-mp5n0jou-4sko1un\">Fakl\u0131 Senaryolar ve Kriz Y\u00f6netimi<\/strong><br>Sim\u00fclat\u00f6r, personeli ezberden uzakla\u015ft\u0131rarak farkl\u0131 senaryolarla test eder. Yaz\u0131l\u0131m \u00fczerinden u\u00e7ak tipi, yang\u0131n noktas\u0131, r\u00fczgar y\u00f6n\u00fc ve hava durumu gibi kritik de\u011fi\u015fkenler tek t\u0131kla de\u011fi\u015ftirilebilir. Bu sayede personel, en karma\u015f\u0131k kaza senaryolar\u0131nda bile do\u011fru stratejiyi belirleme ve stres alt\u0131nda karar verme yetene\u011fi kazan\u0131r.\n\t\t<\/h3>\n\t\t\t\t<\/div>\n\t\t<div class=\"elementor-element elementor-element-13415da e-con-full e-flex wpr-particle-no wpr-jarallax-no wpr-parallax-no wpr-sticky-section-no wpr-equal-height-no e-con e-child\" data-id=\"13415da\" data-element_type=\"container\" data-e-type=\"container\">\n\t\t\t\t<div class=\"elementor-element elementor-element-03702d0 premium-adv-carousel__vertical premium-adv-carousel__infinite elementor-widget elementor-widget-premium-media-wheel\" data-id=\"03702d0\" data-element_type=\"widget\" data-e-type=\"widget\" data-widget_type=\"premium-media-wheel.default\">\n\t\t\t\t\t\t\t<div class=\"premium-adv-carousel-no-lightbox premium-adv-carousel__container\" data-settings=\"{&quot;type&quot;:&quot;infinite&quot;,&quot;scroll&quot;:false,&quot;speed&quot;:50,&quot;pauseOnHover&quot;:true,&quot;dir&quot;:&quot;vertical&quot;,&quot;reverse&quot;:&quot;normal&quot;,&quot;renderEvent&quot;:&quot;scroll&quot;}\">\n\n\t\t\t<div style=\"visibility:hidden;\" class=\"premium-adv-carousel__inner-container\">\n\n\t\t\t\t<div class=\"premium-adv-carousel__items\">\n\n\t\t\t\t\t\t\t\t<div class=\"premium-adv-carousel__item-outer-wrapper\">\n\t\t\t\t<div class=\"elementor-repeater-item-c8be8ea premium-adv-carousel__item premium-adv-carousel__item-image\">\n\t\t\t\t\t<div class=\"premium-adv-carousel__media-wrap\">\n\t\t\t\t\t\t\t\t\t\t\t\t\t\t<img decoding=\"async\" src=\"https:\/\/sanalhavacilik.com.tr\/wp-content\/uploads\/2026\/05\/Ekran-goruntusu-2026-05-14-184454.png\" alt=\"Ekran g\u00f6r\u00fcnt\u00fcs\u00fc 2026-05-14 184454\" class=\"premium-adv-carousel__item-img \">\n\t\t\t\t\t\t\t\t\t\t\t\t<\/div>\n\n\t\t\t\t\t\n\t\t\t\t\t\t\t\t\t<\/div>\n\t\t\t<\/div>\n\t\t\t\t\t\t<div class=\"premium-adv-carousel__item-outer-wrapper\">\n\t\t\t\t<div class=\"elementor-repeater-item-d513081 premium-adv-carousel__item premium-adv-carousel__item-image\">\n\t\t\t\t\t<div class=\"premium-adv-carousel__media-wrap\">\n\t\t\t\t\t\t\t\t\t\t\t\t\t\t<img decoding=\"async\" src=\"https:\/\/sanalhavacilik.com.tr\/wp-content\/uploads\/2026\/05\/Ekran-goruntusu-2026-05-14-184510.png\" alt=\"Ekran g\u00f6r\u00fcnt\u00fcs\u00fc 2026-05-14 184510\" class=\"premium-adv-carousel__item-img \">\n\t\t\t\t\t\t\t\t\t\t\t\t<\/div>\n\n\t\t\t\t\t\n\t\t\t\t\t\t\t\t\t<\/div>\n\t\t\t<\/div>\n\t\t\t\t\t\t\t<\/div>\n\t\t\t<\/div>\n\t\t<\/div>\n\t\t\t\t\t\t<\/div>\n\t\t\t\t<\/div>\n\t\t\t\t\t<\/div>\n\t\t\t\t<\/div>\n\t\t<div class=\"elementor-element elementor-element-b86ab69 e-flex e-con-boxed wpr-particle-no wpr-jarallax-no wpr-parallax-no wpr-sticky-section-no wpr-equal-height-no e-con e-parent\" data-id=\"b86ab69\" data-element_type=\"container\" data-e-type=\"container\">\n\t\t\t\t\t<div class=\"e-con-inner\">\n\t\t<div class=\"elementor-element elementor-element-496605e e-con-full e-flex wpr-particle-no wpr-jarallax-no wpr-parallax-no wpr-sticky-section-no wpr-equal-height-no e-con e-child\" data-id=\"496605e\" data-element_type=\"container\" data-e-type=\"container\">\n\t\t\t\t<div class=\"elementor-element elementor-element-27a44f2 wpr-scroll-vertical wpr-trigger-hover elementor-widget elementor-widget-wpr-image-scroll\" data-id=\"27a44f2\" data-element_type=\"widget\" data-e-type=\"widget\" data-widget_type=\"wpr-image-scroll.default\">\n\t\t\t\t\t    \n            \n        <div class=\"wpr-image-scroll-wrap wpr-scroll-vertical wpr-trigger-hover \" data-speed=\"2\">\n            <img fetchpriority=\"high\" decoding=\"async\" width=\"2560\" height=\"1490\" src=\"https:\/\/sanalhavacilik.com.tr\/wp-content\/uploads\/2026\/05\/Ekran-goruntusu-2026-05-14-184851-scaled.png\" class=\"attachment-full size-full wp-image-1529\" alt=\"\" srcset=\"https:\/\/sanalhavacilik.com.tr\/wp-content\/uploads\/2026\/05\/Ekran-goruntusu-2026-05-14-184851-scaled.png 2560w, https:\/\/sanalhavacilik.com.tr\/wp-content\/uploads\/2026\/05\/Ekran-goruntusu-2026-05-14-184851-300x175.png 300w, https:\/\/sanalhavacilik.com.tr\/wp-content\/uploads\/2026\/05\/Ekran-goruntusu-2026-05-14-184851-1024x596.png 1024w, https:\/\/sanalhavacilik.com.tr\/wp-content\/uploads\/2026\/05\/Ekran-goruntusu-2026-05-14-184851-768x447.png 768w, https:\/\/sanalhavacilik.com.tr\/wp-content\/uploads\/2026\/05\/Ekran-goruntusu-2026-05-14-184851-1536x894.png 1536w, https:\/\/sanalhavacilik.com.tr\/wp-content\/uploads\/2026\/05\/Ekran-goruntusu-2026-05-14-184851-2048x1192.png 2048w, https:\/\/sanalhavacilik.com.tr\/wp-content\/uploads\/2026\/05\/Ekran-goruntusu-2026-05-14-184851-1855x1080.png 1855w\" sizes=\"(max-width: 2560px) 100vw, 2560px\" \/>            \n                    \n                    <\/div>\n    \n        \t\t\t\t<\/div>\n\t\t\t\t<\/div>\n\t\t<div class=\"elementor-element elementor-element-739fd50 e-con-full e-flex wpr-particle-no wpr-jarallax-no wpr-parallax-no wpr-sticky-section-no wpr-equal-height-no e-con e-child\" data-id=\"739fd50\" data-element_type=\"container\" data-e-type=\"container\">\n\t\t\t\t\t\t\t<h3 \n\t\tdata-interaction-id=\"4bd85dd\" \n\t\tclass=\"e-heading-base\" \n\t\t \n\t\t\n\t>\n\t\n\t\t\t<strong id=\"e-mp5mr1sf-h8ai5er\">Fiziksel Geri Bildirim ile Ger\u00e7ek\u00e7i S\u00fcr\u00fc\u015f <\/strong><br>E\u011fitim sadece ekrana bakmaktan ibaret de\u011fil. <strong id=\"e-mp5mr1sf-vtj4ig6\">6\/3\/2 Eksenli Hareketli Platformumuz<\/strong>, arac\u0131n h\u0131zlanmas\u0131n\u0131, frenlemesini ve arazi \u015fartlar\u0131n\u0131 kursiyere fiziksel olarak hissettirir. Donan\u0131m entegrasyonu sayesinde direksiyon ve kontrol panelleri birebir ger\u00e7ek ara\u00e7 hissiyat\u0131 verir.\n\t\t<\/h3>\n\t\t\t\t<\/div>\n\t\t\t\t\t<\/div>\n\t\t\t\t<\/div>\n\t\t<div class=\"elementor-element elementor-element-a7903f2 e-flex e-con-boxed wpr-particle-no wpr-jarallax-no wpr-parallax-no wpr-sticky-section-no wpr-equal-height-no e-con e-parent\" data-id=\"a7903f2\" data-element_type=\"container\" data-e-type=\"container\">\n\t\t\t\t\t<div class=\"e-con-inner\">\n\t\t<div class=\"elementor-element elementor-element-fa68bd5 e-con-full e-flex wpr-particle-no wpr-jarallax-no wpr-parallax-no wpr-sticky-section-no wpr-equal-height-no e-con e-child\" data-id=\"fa68bd5\" data-element_type=\"container\" data-e-type=\"container\">\n\t\t\t\t\t\t\t<h3 \n\t\tdata-interaction-id=\"727af5f\" \n\t\tclass=\"e-heading-base\" \n\t\t \n\t\t\n\t>\n\t\n\t\t\t<strong id=\"e-mp5n5p87-yevghd4\">E\u011fitmen Kontrol ve Y\u00f6netim Paneli<\/strong><br>Merkezi kontrol aray\u00fcz\u00fc sayesinde e\u011fitmen; r\u00fczgar, g\u00f6r\u00fc\u015f mesafesi ve yang\u0131n \u015fiddeti gibi de\u011fi\u015fkenleri anl\u0131k olarak de\u011fi\u015ftirebilir. Operasyon s\u0131ras\u0131nda teknik ar\u0131zalar tetikleyebilir, sim\u00fclasyonu dondurabilir,senaryo de\u011fi\u015ftirebilir ve \u00e7oklu kamera a\u00e7\u0131s\u0131yla kursiyer hatalar\u0131n\u0131 yerinde tespit ederek e\u011fitimi ki\u015fiselle\u015ftirebilir\n\t\t<\/h3>\n\t\t\t\t<\/div>\n\t\t<div class=\"elementor-element elementor-element-7204323 e-con-full e-flex wpr-particle-no wpr-jarallax-no wpr-parallax-no wpr-sticky-section-no wpr-equal-height-no e-con e-child\" data-id=\"7204323\" data-element_type=\"container\" data-e-type=\"container\">\n\t\t\t\t<div class=\"elementor-element elementor-element-615e6df wpr-scroll-vertical wpr-trigger-hover elementor-widget elementor-widget-wpr-image-scroll\" data-id=\"615e6df\" data-element_type=\"widget\" data-e-type=\"widget\" data-widget_type=\"wpr-image-scroll.default\">\n\t\t\t\t\t    \n            \n        <div class=\"wpr-image-scroll-wrap wpr-scroll-vertical wpr-trigger-hover \" data-speed=\"2\">\n            <img decoding=\"async\" width=\"2162\" height=\"1204\" src=\"https:\/\/sanalhavacilik.com.tr\/wp-content\/uploads\/2026\/05\/Ekran-goruntusu-2026-05-14-181117.png\" class=\"attachment-full size-full wp-image-1519\" alt=\"\" srcset=\"https:\/\/sanalhavacilik.com.tr\/wp-content\/uploads\/2026\/05\/Ekran-goruntusu-2026-05-14-181117.png 2162w, https:\/\/sanalhavacilik.com.tr\/wp-content\/uploads\/2026\/05\/Ekran-goruntusu-2026-05-14-181117-300x167.png 300w, https:\/\/sanalhavacilik.com.tr\/wp-content\/uploads\/2026\/05\/Ekran-goruntusu-2026-05-14-181117-1024x570.png 1024w, https:\/\/sanalhavacilik.com.tr\/wp-content\/uploads\/2026\/05\/Ekran-goruntusu-2026-05-14-181117-768x428.png 768w, https:\/\/sanalhavacilik.com.tr\/wp-content\/uploads\/2026\/05\/Ekran-goruntusu-2026-05-14-181117-1536x855.png 1536w, https:\/\/sanalhavacilik.com.tr\/wp-content\/uploads\/2026\/05\/Ekran-goruntusu-2026-05-14-181117-2048x1141.png 2048w, https:\/\/sanalhavacilik.com.tr\/wp-content\/uploads\/2026\/05\/Ekran-goruntusu-2026-05-14-181117-1920x1069.png 1920w\" sizes=\"(max-width: 2162px) 100vw, 2162px\" \/>            \n                    \n                    <\/div>\n    \n        \t\t\t\t<\/div>\n\t\t\t\t<\/div>\n\t\t\t\t\t<\/div>\n\t\t\t\t<\/div>\n\t\t<div class=\"elementor-element elementor-element-bb36fcf e-flex e-con-boxed wpr-particle-no wpr-jarallax-no wpr-parallax-no wpr-sticky-section-no wpr-equal-height-no e-con e-parent\" data-id=\"bb36fcf\" data-element_type=\"container\" data-e-type=\"container\">\n\t\t\t\t\t<div class=\"e-con-inner\">\n\t\t\t\t\t\t\t\t<p class=\"e-f732e07-3424697 e-paragraph-base\" data-interaction-id=\"f732e07\"  >\n\t\t\t\t\t\t\t\tDaha fazla bilgi i\u00e7in bizimle ileti\u015fime ge\u00e7in\n\t\t\t\t\t<\/p>\n\t\t\t\t\t<\/div>\n\t\t\t\t<\/div>\n\t\t\t\t<\/div>\n\t\t","protected":false},"excerpt":{"rendered":"<p>Dinamik \u00c7evre ve Gece Operasyonlar\u0131sadece g\u00fcnd\u00fcz de\u011fil, De\u011fi\u015fken Zamanl\u0131 \u00c7evre \u015eartlar\u0131 ve Dinamik I\u015f\u0131kland\u0131rma sayesinde en zorlu gece \u015fartlar\u0131nda bile operasyon yapma kabiliyeti kazan\u0131l\u0131r. Ger\u00e7ek\u00e7i \u0131\u015f\u0131k k\u0131r\u0131lmalar\u0131 ve g\u00f6lge y\u00f6netimi ile stres y\u00f6netimi en \u00fcst d\u00fczeye \u00e7\u0131kar\u0131l\u0131r. Hassas M\u00fcdahale Teknikleri&nbsp; Su Tazyiki ve Ate\u015f S\u00f6nd\u00fcrme Mekanikleri ile yang\u0131n\u0131n merkezine en do\u011fru m\u00fcdahale a\u00e7\u0131s\u0131n\u0131 bulmak bir refleks haline gelir. Alevlerin suyla etkile\u015fimi ve s\u00f6nme a\u015famalar\u0131 partik\u00fcl sistemleri ile sim\u00fcle edilir. Fakl\u0131 Senaryolar ve Kriz Y\u00f6netimiSim\u00fclat\u00f6r, personeli ezberden uzakla\u015ft\u0131rarak farkl\u0131 senaryolarla test eder. Yaz\u0131l\u0131m \u00fczerinden u\u00e7ak tipi, yang\u0131n noktas\u0131, r\u00fczgar y\u00f6n\u00fc ve hava durumu gibi kritik de\u011fi\u015fkenler tek t\u0131kla de\u011fi\u015ftirilebilir. Bu sayede personel, en karma\u015f\u0131k kaza senaryolar\u0131nda bile do\u011fru stratejiyi belirleme ve stres alt\u0131nda karar verme yetene\u011fi kazan\u0131r. Fiziksel Geri Bildirim ile Ger\u00e7ek\u00e7i S\u00fcr\u00fc\u015f E\u011fitim sadece ekrana bakmaktan ibaret de\u011fil. 6\/3\/2 Eksenli Hareketli Platformumuz, arac\u0131n h\u0131zlanmas\u0131n\u0131, frenlemesini ve arazi \u015fartlar\u0131n\u0131 kursiyere fiziksel olarak hissettirir. Donan\u0131m entegrasyonu sayesinde direksiyon ve kontrol panelleri birebir ger\u00e7ek ara\u00e7 hissiyat\u0131 verir. E\u011fitmen Kontrol ve Y\u00f6netim PaneliMerkezi kontrol aray\u00fcz\u00fc sayesinde e\u011fitmen; r\u00fczgar, g\u00f6r\u00fc\u015f mesafesi ve yang\u0131n \u015fiddeti gibi de\u011fi\u015fkenleri anl\u0131k olarak de\u011fi\u015ftirebilir. Operasyon s\u0131ras\u0131nda teknik ar\u0131zalar tetikleyebilir, sim\u00fclasyonu dondurabilir,senaryo de\u011fi\u015ftirebilir ve \u00e7oklu kamera a\u00e7\u0131s\u0131yla kursiyer hatalar\u0131n\u0131 yerinde tespit ederek e\u011fitimi ki\u015fiselle\u015ftirebilir Daha fazla bilgi i\u00e7in bizimle ileti\u015fime ge\u00e7in<\/p>\n","protected":false},"author":1,"featured_media":0,"parent":0,"menu_order":0,"comment_status":"closed","ping_status":"closed","template":"","meta":{"footnotes":""},"class_list":["post-1498","page","type-page","status-publish","hentry"],"_links":{"self":[{"href":"https:\/\/sanalhavacilik.com.tr\/index.php?rest_route=\/wp\/v2\/pages\/1498","targetHints":{"allow":["GET"]}}],"collection":[{"href":"https:\/\/sanalhavacilik.com.tr\/index.php?rest_route=\/wp\/v2\/pages"}],"about":[{"href":"https:\/\/sanalhavacilik.com.tr\/index.php?rest_route=\/wp\/v2\/types\/page"}],"author":[{"embeddable":true,"href":"https:\/\/sanalhavacilik.com.tr\/index.php?rest_route=\/wp\/v2\/users\/1"}],"replies":[{"embeddable":true,"href":"https:\/\/sanalhavacilik.com.tr\/index.php?rest_route=%2Fwp%2Fv2%2Fcomments&post=1498"}],"version-history":[{"count":23,"href":"https:\/\/sanalhavacilik.com.tr\/index.php?rest_route=\/wp\/v2\/pages\/1498\/revisions"}],"predecessor-version":[{"id":1535,"href":"https:\/\/sanalhavacilik.com.tr\/index.php?rest_route=\/wp\/v2\/pages\/1498\/revisions\/1535"}],"wp:attachment":[{"href":"https:\/\/sanalhavacilik.com.tr\/index.php?rest_route=%2Fwp%2Fv2%2Fmedia&parent=1498"}],"curies":[{"name":"wp","href":"https:\/\/api.w.org\/{rel}","templated":true}]}}